{"id":22766,"date":"2024-04-19T13:06:19","date_gmt":"2024-04-19T10:06:19","guid":{"rendered":"https:\/\/zooprekes24.lt\/produktas\/acana-wild-prairie-cat\/"},"modified":"2024-11-15T14:01:21","modified_gmt":"2024-11-15T11:01:21","slug":"acana-savvalas-preriju-kakis","status":"publish","type":"product","link":"https:\/\/zooprekes24.lt\/lv\/produktas\/acana-wild-prairie-cat\/","title":{"rendered":"Acana Wild Prairie Cat saus\u0101 ka\u0137u bar\u012bba"},"content":{"rendered":"<h3>Acana Wild Prairie Cat bar\u012bbas sast\u0101v\u0101 ir sprostos neiekl\u0101ta vistas ga\u013ca, t\u012btara ga\u013ca, olas no viet\u0113j\u0101m pr\u0113riju saimniec\u012bb\u0101m un savva\u013cas zivis no aukstiem zieme\u013cu ezeriem. Viss tiek pieg\u0101d\u0101ts svaigs, lai saglab\u0101tu <a href=\"https:\/\/www.acanapetfoods.co.uk\/about-acana\/biologically-appropriate\/wholeprey-meat-ratios\/\" target=\"_blank\" rel=\"noopener noreferrer\">WholePrey\u2122<\/a> j\u0113dziens (kop\u0113j\u0101 laup\u012bjuma).<\/h3>\n<p>Nevesel\u012bgo graudu viet\u0101 vesel\u012bbai un imunit\u0101tei ir noder\u012bgi 30% aug\u013ci un d\u0101rze\u0146i, tostarp sarkanie, neticami gar\u0161\u012bgie Okanaganas saul\u0113 nogatavoju\u0161ies \u0101boli, arom\u0101tiskie \u0137irbji un za\u013cie spin\u0101ti. Katrs \u0113diena gabali\u0146\u0161 satur <a href=\"https:\/\/zooprekes24.lt\/lv\/?s=omega+3+sunims&amp;post_type=product&amp;product_cat=0\" target=\"_blank\" rel=\"noopener noreferrer\">Omega 3<\/a> (DHA, EPA) no savva\u013cas Brunsvikas si\u013c\u0137\u0113m imunit\u0101tes stiprin\u0101\u0161anai un lieliskam \u0101das un ka\u017eoka st\u0101voklim. Izgatavots godalgot\u0101s virtuv\u0113s no Kan\u0101das lab\u0101kaj\u0101m un svaig\u0101kaj\u0101m sast\u0101vda\u013c\u0101m, <a href=\"https:\/\/www.acanapetfoods.co.uk\/about-acana\/biologically-appropriate\/\" target=\"_blank\" rel=\"noopener noreferrer\">Biolo\u0123iski piem\u0113rots\u2122<\/a> (Biolo\u0123iski atbilsto\u0161a) formula garant\u0113, ka j\u016bsu ka\u0137is b\u016bs vesels un laim\u012bgs.<\/p>","protected":false},"excerpt":{"rendered":"<p>Acana Wild Prairie Cat sud\u0117tyje ne narvuose u\u017eauginta vi\u0161tiena, kalakut\u0173 m\u0117sa, kiau\u0161iniai i\u0161 vietini\u0173 prerij\u0173 ferm\u0173 bei laukin\u0117 \u017euvis i\u0161 \u0161alt\u0173 \u0161iaurini\u0173 e\u017eer\u0173. Viskas pristatoma \u0161vie\u017eia laikantis WholePrey\u2122 (viso grobio) koncepcijos. Vietoje netinkam\u0173 gr\u016bd\u0173, maisto sud\u0117tyje\u00a030% vaisi\u0173 ir dar\u017eovi\u0173, \u012fskaitant raudonus nepaprastai skanius Okanagano saul\u0117je sunokusius obuolius, kvapn\u0173j\u012f moli\u016bg\u0105 ir \u017ealius \u0161pinatus &#8211; puikiai sveikatai&#8230;<\/p>","protected":false},"featured_media":32265,"comment_status":"closed","ping_status":"closed","template":"","meta":{"_acf_changed":false,"slim_seo":{"title":"Acana Wild Prairie Cat sausas maistas kat\u0117ms - Zooprekes24","description":"Acana Wild Prairie Cat bar\u012bbas sast\u0101v\u0101 ir sprostos neiekl\u0101ta vistas ga\u013ca, t\u012btara ga\u013ca, olas no viet\u0113j\u0101m pr\u0113riju saimniec\u012bb\u0101m un savva\u013cas zivis no aukstiem zieme\u013cu ezeriem."},"iawp_total_views":205},"product_brand":[],"product_cat":[9015,9027,72,83,25,9016],"product_tag":[1671,1817,1675,1682,1696],"class_list":{"0":"post-22766","1":"product","2":"type-product","3":"status-publish","4":"has-post-thumbnail","6":"product_cat-acana-kaciu-prekiu-gamintojai","7":"product_cat-begrudis-maistas-kaciu-maistas","8":"product_cat-kaciu-maistas","9":"product_cat-kaciu-prekiu-gamintojai","10":"product_cat-katems","11":"product_cat-sausas-maistas-kaciu-maistas","12":"product_tag-begrudis-kaciu-maistas","13":"product_tag-edalas-katems","14":"product_tag-kaciu-edalas","15":"product_tag-kaciu-maistas-super-premium-klases","16":"product_tag-super-premium-maistas-katems","17":"pa_pasaro-sudetis-darzoves","18":"pa_pasaro-sudetis-kalakutiena","19":"pa_pasaro-sudetis-kiausiniai","20":"pa_pasaro-sudetis-sirdys","21":"pa_pasaro-sudetis-uogos","22":"pa_pasaro-sudetis-vaisiai","23":"pa_pasaro-sudetis-vistiena","24":"pa_pasaro-sudetis-zuvis","25":"pa_prekiu-zenklai-acana","27":"first","28":"instock","29":"featured","30":"taxable","31":"shipping-taxable","32":"purchasable","33":"product-type-variable"},"acf":[],"_links":{"self":[{"href":"https:\/\/zooprekes24.lt\/lv\/wp-json\/wp\/v2\/product\/22766","targetHints":{"allow":["GET"]}}],"collection":[{"href":"https:\/\/zooprekes24.lt\/lv\/wp-json\/wp\/v2\/product"}],"about":[{"href":"https:\/\/zooprekes24.lt\/lv\/wp-json\/wp\/v2\/types\/product"}],"replies":[{"embeddable":true,"href":"https:\/\/zooprekes24.lt\/lv\/wp-json\/wp\/v2\/comments?post=22766"}],"wp:featuredmedia":[{"embeddable":true,"href":"https:\/\/zooprekes24.lt\/lv\/wp-json\/wp\/v2\/media\/32265"}],"wp:attachment":[{"href":"https:\/\/zooprekes24.lt\/lv\/wp-json\/wp\/v2\/media?parent=22766"}],"wp:term":[{"taxonomy":"product_brand","embeddable":true,"href":"https:\/\/zooprekes24.lt\/lv\/wp-json\/wp\/v2\/product_brand?post=22766"},{"taxonomy":"product_cat","embeddable":true,"href":"https:\/\/zooprekes24.lt\/lv\/wp-json\/wp\/v2\/product_cat?post=22766"},{"taxonomy":"product_tag","embeddable":true,"href":"https:\/\/zooprekes24.lt\/lv\/wp-json\/wp\/v2\/product_tag?post=22766"}],"curies":[{"name":"wp","href":"https:\/\/api.w.org\/{rel}","templated":true}]}}