{"id":22713,"date":"2024-04-19T13:05:45","date_gmt":"2024-04-19T10:05:45","guid":{"rendered":"https:\/\/zooprekes24.lt\/produktas\/brit-care-lasisu-aliejus\/"},"modified":"2026-03-31T16:58:21","modified_gmt":"2026-03-31T14:58:21","slug":"brit-care-lassi-ella","status":"publish","type":"product","link":"https:\/\/zooprekes24.lt\/lv\/produktas\/brit-care-lasisu-aliejus\/","title":{"rendered":"Brit Care la\u0161i\u0161\u0173 aliejus \u0161unims ir kat\u0117ms"},"content":{"rendered":"<h3>Brit Care La\u0161a e\u013c\u013ca ir dabiska bar\u012bbas piedeva.<\/h3>\n<p>\u0160\u012b e\u013c\u013ca ir lielisks <a href=\"https:\/\/zooprekes24.lt\/lv\/?s=omega+3&amp;post_type=product&amp;product_cat=0\" target=\"_blank\" rel=\"noopener noreferrer\">Omega 3<\/a> tauksk\u0101bju (EPA un DHA) avots, kas labv\u0113l\u012bgi ietekm\u0113 daudzus vielmai\u0146as procesus organism\u0101. EPA piem\u012bt dabiska pretiekaisuma iedarb\u012bba, savuk\u0101rt DHA ir saist\u012bta ar smadze\u0146u un t\u012bklenes strukt\u016bru. Brit Care la\u0161u e\u013c\u013ca lieliski l\u012bdzsvaro omega 3 un omega 6 e\u013c\u013cu attiec\u012bbu un t\u0101d\u0113j\u0101di iev\u0113rojami samazina holester\u012bna l\u012bmeni. Regul\u0101ri lietojot <a href=\"https:\/\/krmivo-brit.cz\/lt\/node\/6994\" target=\"_blank\" rel=\"noopener noreferrer\">la\u0161a e\u013c\u013ca<\/a>, padarot j\u016bsu m\u012blu\u013ca matus biezus un sp\u012bd\u012bgus.<\/p>\n<h3>E\u013c\u013cas lieto\u0161ana pal\u012bdz ar\u012b pie da\u017e\u0101m vesel\u012bbas probl\u0113m\u0101m, piem\u0113ram:<\/h3>\n<ul>\n<li>Boj\u0101ti mati un intens\u012bva baro\u0161ana.<\/li>\n<li>\u0100das lob\u012b\u0161an\u0101s.<\/li>\n<li>Sausa \u0101da.<\/li>\n<li>\u0100das iekaisumi.<\/li>\n<li>niezo\u0161a, niezo\u0161a \u0101da.<\/li>\n<li>nosliece uz aler\u0123isk\u0101m reakcij\u0101m.<\/li>\n<li>Baldness.<\/li>\n<li>Ekz\u0113ma.<\/li>\n<li>Pigment\u0101cijas probl\u0113mas.<\/li>\n<li>Im\u016bnsist\u0113mas slim\u012bbas.<\/li>\n<li>Reprodukt\u012bv\u0101s probl\u0113mas.<\/li>\n<\/ul>","protected":false},"excerpt":{"rendered":"<p>Brit Care la\u0161i\u0161\u0173 aliejus &#8211; nat\u016bralus pa\u0161ar\u0173 papildas. \u0160is aliejus tai puikus Omega 3 riebal\u0173 r\u016bg\u0161\u010di\u0173 (EPA ir DHA) \u0161altinis, turintis teigiam\u0105 poveik\u012f daugeliui med\u017eiag\u0173 apykaitos proces\u0173 organizme. EPA r\u016bg\u0161tis turi nat\u016bral\u0173 prie\u0161u\u017edegimin\u012f poveik\u012f, DHA dalyvauja smegen\u0173 ir tinklain\u0117s strukt\u016broje. Brit Care la\u0161i\u0161\u0173 aliejus puikiai subalansuoja Omega 3 ir Omega 6 santyk\u012f tod\u0117l \u017eymiai suma\u017eina&#8230;<\/p>","protected":false},"featured_media":46177,"comment_status":"closed","ping_status":"closed","template":"","meta":{"_acf_changed":false,"slim_seo":{"title":"Brit Care la\u0161i\u0161\u0173 aliejus \u0161unims ir kat\u0117ms - Zooprekes24","description":"Brit Care La\u0161a e\u013c\u013ca ir dabiska bar\u012bbas piedeva. T\u0101 ir lielisks omega 3 tauksk\u0101bju (EPA un DHA) avots, kas labv\u0113l\u012bgi ietekm\u0113 daudzu tauksk\u0101bju darb\u012bbu."},"iawp_total_views":1936},"product_brand":[],"product_cat":[9029,9047,83,25,104,32,8999,31,9017,9022],"product_tag":[948],"class_list":{"0":"post-22713","1":"product","2":"type-product","3":"status-publish","4":"has-post-thumbnail","6":"product_cat-brit-care","7":"product_cat-brit-care-kaciu-prekiu-gamintojai","8":"product_cat-kaciu-prekiu-gamintojai","9":"product_cat-katems","10":"product_cat-kitos-kaciu-prekes","11":"product_cat-kitos-sunu-prekes","12":"product_cat-sunims","13":"product_cat-sunu-prekiu-gamintojai","14":"product_cat-vitaminai-ir-papildai-katems","15":"product_cat-vitaminai-ir-papildai-sunims","16":"product_tag-brit-care-lasisos-aliejus","17":"pa_prekiu-zenklai-brit-care","18":"pa_suns-amzius-jauniems","19":"pa_suns-amzius-senjorams","20":"pa_suns-amzius-suaugusiems","21":"pa_suns-amzius-visiems-amziams","22":"pa_veisles-dydis-didelems-veislems","23":"pa_veisles-dydis-mazoms-veislems","24":"pa_veisles-dydis-vidutinems-veislems","25":"pa_veisles-dydis-visu-dydziu-veislems","27":"first","28":"instock","29":"featured","30":"taxable","31":"shipping-taxable","32":"purchasable","33":"product-type-variable"},"acf":[],"_links":{"self":[{"href":"https:\/\/zooprekes24.lt\/lv\/wp-json\/wp\/v2\/product\/22713","targetHints":{"allow":["GET"]}}],"collection":[{"href":"https:\/\/zooprekes24.lt\/lv\/wp-json\/wp\/v2\/product"}],"about":[{"href":"https:\/\/zooprekes24.lt\/lv\/wp-json\/wp\/v2\/types\/product"}],"replies":[{"embeddable":true,"href":"https:\/\/zooprekes24.lt\/lv\/wp-json\/wp\/v2\/comments?post=22713"}],"wp:featuredmedia":[{"embeddable":true,"href":"https:\/\/zooprekes24.lt\/lv\/wp-json\/wp\/v2\/media\/46177"}],"wp:attachment":[{"href":"https:\/\/zooprekes24.lt\/lv\/wp-json\/wp\/v2\/media?parent=22713"}],"wp:term":[{"taxonomy":"product_brand","embeddable":true,"href":"https:\/\/zooprekes24.lt\/lv\/wp-json\/wp\/v2\/product_brand?post=22713"},{"taxonomy":"product_cat","embeddable":true,"href":"https:\/\/zooprekes24.lt\/lv\/wp-json\/wp\/v2\/product_cat?post=22713"},{"taxonomy":"product_tag","embeddable":true,"href":"https:\/\/zooprekes24.lt\/lv\/wp-json\/wp\/v2\/product_tag?post=22713"}],"curies":[{"name":"wp","href":"https:\/\/api.w.org\/{rel}","templated":true}]}}