{"id":22644,"date":"2024-04-19T13:05:02","date_gmt":"2024-04-19T10:05:02","guid":{"rendered":"https:\/\/zooprekes24.lt\/produktas\/royal-canin-digestive-care-cat-konservai\/"},"modified":"2025-07-02T11:11:43","modified_gmt":"2025-07-02T09:11:43","slug":"royal-canin-digestive-care-kaku-konservu-bariba","status":"publish","type":"product","link":"https:\/\/zooprekes24.lt\/lv\/produktas\/royal-canin-digestive-care-cat-konservai\/","title":{"rendered":"Royal Canin Digestive Care konservai kat\u0117ms pada\u017ee"},"content":{"rendered":"<h3>Royal Canin Digestive Care konservu bar\u012bba optim\u0101lai j\u016bsu ka\u0137a gremo\u0161anas sist\u0113mas darb\u012bbai. Konserv\u0113ta bar\u012bba satur <a href=\"https:\/\/www.royalcanin.com\/lt\/about-us\/quality-and-food-safety\" target=\"_blank\" rel=\"noopener noreferrer\">probiotiku un \u0161\u0137iedrvielu kombin\u0101cija<\/a>kas nodro\u0161ina zarnu floras l\u012bdzsvaru un pal\u012bdz regul\u0113t zarnu caurlaid\u012bbu. Ku\u0146\u0123a un zarnu trakta jut\u012bgums var b\u016bt iemesls bag\u0101t\u012bg\u0101m un slikti sarec\u0113ju\u0161\u0101m fek\u0101lij\u0101m. P\u0101r\u0101k \u0101tra \u0113diena nor\u012b\u0161ana, to pien\u0101c\u012bgi nesako\u0161\u013c\u0101jot, var izrais\u012bt vem\u0161anu.<\/h3>\n<ul>\n<li>Satur vair\u0101k nek\u0101 90% augsti absorb\u0113jamu olbaltumvielu (L.I.P.*). Konserv\u0113ta bar\u012bbas pamat\u0101 ir probiotiku (FOS: fruktooligosahar\u012bdi) un \u0161\u0137iedrvielu (tostarp miltu) kombin\u0101cija, kas nodro\u0161ina zarnu floras l\u012bdzsvaru un pal\u012bdz regul\u0113t zarnu caurlaid\u012bbu.<\/li>\n<li>Pier\u0101d\u012bta efektivit\u0101te! Ac\u012bmredzams rezult\u0101ts p\u0113c 10 dienu ilga baro\u0161ana tikai ar Royal Canin Digestive Care konserviem un Digestive Care sauso bar\u012bbu ka\u0137iem: 49%* maz\u0101k izk\u0101rn\u012bjumu, jo uzlabojas gremo\u0161ana un bar\u012bbas vielu uzs\u016bk\u0161an\u0101s *Royal Canin iek\u0161\u0113jie p\u0113t\u012bjumi, 2014 - Sal\u012bdzinot ar parasto mitro bar\u012bbu pieaugu\u0161iem ka\u0137iem.<\/li>\n<li><a href=\"https:\/\/www.youtube.com\/watch?reload=9&amp;reload=9&amp;v=FYwO1fiYoa8\" target=\"_blank\" rel=\"noopener noreferrer\">\u012apa\u0161i kombin\u0113ti miner\u0101li<\/a> pal\u012bdz uztur\u0113t <a href=\"https:\/\/zooprekes24.lt\/lv\/?s=royal+urinary&amp;post_type=product&amp;product_cat=0\" target=\"_blank\" rel=\"noopener noreferrer\">ka\u0137a ur\u012bnce\u013cu sist\u0113mas vesel\u012bgu darb\u012bbu.<\/a>.<\/li>\n<\/ul>\n<p><img loading=\"lazy\" decoding=\"async\" class=\"\" src=\"https:\/\/zooprekes24.lt\/wp-content\/uploads\/bc36o-hub-kurilian-bobtail-adult-black-and-white-9.jpeg\" width=\"350\" height=\"262\" \/><\/p>","protected":false},"excerpt":{"rendered":"<p>Royal Canin Digestive Care konservai optimaliai kat\u0117s vir\u0161kinimo sistemos veiklai. Konservus sudaro probiotik\u0173 ir skaidul\u0173 derinys, kuris u\u017etikrina \u017earnyno floros pusiausvyr\u0105 ir padeda reguliuoti \u017earnyno praeinamum\u0105. Skrand\u017eio ir vir\u0161kinamojo trakto jautrumas gali b\u016bti gausi\u0173 ir prastos konsistencijos i\u0161mat\u0173 prie\u017eastimi. O per greitas maisto rijimas, jo tinkamai nesukram\u010dius, gali sukelti v\u0117mim\u0105. Sud\u0117tyje daugiau nei 90% labai&#8230;<\/p>","protected":false},"featured_media":19910,"comment_status":"closed","ping_status":"closed","template":"","meta":{"_acf_changed":false,"slim_seo":{"title":"Royal Canin Digestive Care konservai kat\u0117ms pada\u017ee - Zooprekes24","description":"Royal Canin Digestive Care konservu bar\u012bba optim\u0101lai j\u016bsu ka\u0137a gremo\u0161anas sist\u0113mas darb\u012bbai. Konservi satur probiotiku un \u0161\u0137iedrvielu kombin\u0101ciju, lai nodro\u0161in\u0101tu zarnu fl..."},"iawp_total_views":371},"product_brand":[],"product_cat":[72,83,25,9019,9020],"product_tag":[1675],"class_list":{"0":"post-22644","1":"product","2":"type-product","3":"status-publish","4":"has-post-thumbnail","6":"product_cat-kaciu-maistas","7":"product_cat-kaciu-prekiu-gamintojai","8":"product_cat-katems","9":"product_cat-royal-canin-kaciu-prekiu-gamintojai","10":"product_cat-slapias-maistas-kaciu-maistas","11":"product_tag-kaciu-edalas","12":"pa_pasaro-sudetis-vistiena","13":"pa_prekiu-zenklai-royal-canin","15":"first","16":"instock","17":"featured","18":"taxable","19":"shipping-taxable","20":"purchasable","21":"product-type-variable"},"acf":[],"_links":{"self":[{"href":"https:\/\/zooprekes24.lt\/lv\/wp-json\/wp\/v2\/product\/22644","targetHints":{"allow":["GET"]}}],"collection":[{"href":"https:\/\/zooprekes24.lt\/lv\/wp-json\/wp\/v2\/product"}],"about":[{"href":"https:\/\/zooprekes24.lt\/lv\/wp-json\/wp\/v2\/types\/product"}],"replies":[{"embeddable":true,"href":"https:\/\/zooprekes24.lt\/lv\/wp-json\/wp\/v2\/comments?post=22644"}],"wp:featuredmedia":[{"embeddable":true,"href":"https:\/\/zooprekes24.lt\/lv\/wp-json\/wp\/v2\/media\/19910"}],"wp:attachment":[{"href":"https:\/\/zooprekes24.lt\/lv\/wp-json\/wp\/v2\/media?parent=22644"}],"wp:term":[{"taxonomy":"product_brand","embeddable":true,"href":"https:\/\/zooprekes24.lt\/lv\/wp-json\/wp\/v2\/product_brand?post=22644"},{"taxonomy":"product_cat","embeddable":true,"href":"https:\/\/zooprekes24.lt\/lv\/wp-json\/wp\/v2\/product_cat?post=22644"},{"taxonomy":"product_tag","embeddable":true,"href":"https:\/\/zooprekes24.lt\/lv\/wp-json\/wp\/v2\/product_tag?post=22644"}],"curies":[{"name":"wp","href":"https:\/\/api.w.org\/{rel}","templated":true}]}}