{"id":22642,"date":"2024-04-19T13:05:02","date_gmt":"2024-04-19T10:05:02","guid":{"rendered":"https:\/\/zooprekes24.lt\/produktas\/royal-canin-urinary-care-konservai\/"},"modified":"2025-07-02T11:13:20","modified_gmt":"2025-07-02T09:13:20","slug":"royal-canin-urinary-care-konservi","status":"publish","type":"product","link":"https:\/\/zooprekes24.lt\/lv\/produktas\/royal-canin-urinary-care-konservai\/","title":{"rendered":"Royal Canin Urinary Care konservai kat\u0117ms pada\u017ee"},"content":{"rendered":"<h3>Royal Canin Urinary Care konservi ir sabalans\u0113ta mitr\u0101 ka\u0137u bar\u012bba ur\u012bnce\u013cu aizsardz\u012bbai. Ja main\u0101s ur\u012bna pH, rodas labv\u0113l\u012bgi apst\u0101k\u013ci krist\u0101lu veido\u0161an\u0101s procesam. Krist\u0101li var izrais\u012bt ka\u0137a ur\u012bnce\u013cu boj\u0101jumus. <a href=\"https:\/\/www.youtube.com\/watch?reload=9&amp;reload=9&amp;v=FYwO1fiYoa8\" target=\"_blank\" rel=\"noopener noreferrer\">L\u012bdzsvarots uzturs<\/a> var pasarg\u0101t j\u016bsu m\u012bluli no krist\u0101lu veido\u0161an\u0101s ur\u012bnce\u013cos.<\/h3>\n<ul>\n<li><a href=\"https:\/\/www.royalcanin.com\/lt\/about-us\/quality-and-food-safety\" target=\"_blank\" rel=\"noopener noreferrer\">\u012apa\u0161i izstr\u0101d\u0101ta mitr\u0101 bar\u012bba<\/a>lai pal\u012bdz\u0113tu uztur\u0113t vesel\u012bgus ur\u012bnce\u013cus un pareizo pH l\u012bmeni, lai nov\u0113rstu krist\u0101lu veido\u0161anos.<\/li>\n<li>Gardie gabali\u0146i m\u0113rc\u0113 ir \u012bpa\u0161i viegli sagremojami, un tos iecien\u012bju\u0161i pat vispras\u012bg\u0101kie gard\u0113\u017ei.<\/li>\n<li>Barojot ar <a href=\"https:\/\/zooprekes24.lt\/lv\/products\/royal-canin-urina-kopsanas-lidzekli\/\" target=\"_blank\" rel=\"noopener\">Royal Canin Urinary Care saus\u0101 bar\u012bba<\/a> pozit\u012bvo ietekmi uz ka\u0137a organismu var nov\u0113rot 10 dienu laik\u0101. Saska\u0146\u0101 ar Royal Canin 2014. gad\u0101 veiktajiem Royal Canin iek\u0161\u0113jiem p\u0113t\u012bjumiem ir pier\u0101d\u012bts, ka saus\u0101 bar\u012bba un Royal Canin Urinary Care konserv\u0113t\u0101 bar\u012bba ietekm\u0113 ka\u0137u struv\u012btu akme\u0146u veido\u0161anos.<\/li>\n<\/ul>\n<p><img loading=\"lazy\" decoding=\"async\" class=\"\" src=\"https:\/\/zooprekes24.lt\/wp-content\/uploads\/bc37h-hub-laperm-adult-black-and-white-11.jpeg\" width=\"350\" height=\"262\" \/><\/p>","protected":false},"excerpt":{"rendered":"<p>Royal Canin Urinary Care konservai &#8211; subalansuotas \u0161lapias ka\u010di\u0173 pa\u0161aras, skirtas \u0161lapimo tak\u0173 apsaugai. Kai \u0161lapimo pH terp\u0117 yra pakitusi, susidaro palankios s\u0105lygos formuotis kristalams. Kristalai gali pakenkti kat\u0117s \u0161lapimo tak\u0173 sistemai. Subalansuota mityba gali apsaugoti J\u016bs\u0173 augintin\u012f nuo kristal\u0173 susidarymo \u0161lapimo takuose. \u0160lapias \u0117dalas sukurtas pagal speciali\u0105 formul\u0119, padedan\u010di\u0105 palaikyti sveik\u0105 kat\u0117s \u0161lapimo tak\u0173&#8230;<\/p>","protected":false},"featured_media":19909,"comment_status":"closed","ping_status":"closed","template":"","meta":{"_acf_changed":false,"slim_seo":{"title":"Royal Canin Urinary Care konservai kat\u0117ms pada\u017ee - Zooprekes24","description":"Royal Canin Urinary Care konservi ir sabalans\u0113ta mitr\u0101 ka\u0137u bar\u012bba ur\u012bnce\u013cu aizsardz\u012bbai. Ja ur\u012bna pH ir izmain\u012bts, labv\u0113l\u012bga s"},"iawp_total_views":337},"product_brand":[],"product_cat":[72,83,25,9019,9020],"product_tag":[1675],"class_list":{"0":"post-22642","1":"product","2":"type-product","3":"status-publish","4":"has-post-thumbnail","6":"product_cat-kaciu-maistas","7":"product_cat-kaciu-prekiu-gamintojai","8":"product_cat-katems","9":"product_cat-royal-canin-kaciu-prekiu-gamintojai","10":"product_cat-slapias-maistas-kaciu-maistas","11":"product_tag-kaciu-edalas","12":"pa_pasaro-sudetis-vistiena","13":"pa_prekiu-zenklai-royal-canin","15":"first","16":"instock","17":"featured","18":"taxable","19":"shipping-taxable","20":"purchasable","21":"product-type-variable"},"acf":[],"_links":{"self":[{"href":"https:\/\/zooprekes24.lt\/lv\/wp-json\/wp\/v2\/product\/22642","targetHints":{"allow":["GET"]}}],"collection":[{"href":"https:\/\/zooprekes24.lt\/lv\/wp-json\/wp\/v2\/product"}],"about":[{"href":"https:\/\/zooprekes24.lt\/lv\/wp-json\/wp\/v2\/types\/product"}],"replies":[{"embeddable":true,"href":"https:\/\/zooprekes24.lt\/lv\/wp-json\/wp\/v2\/comments?post=22642"}],"wp:featuredmedia":[{"embeddable":true,"href":"https:\/\/zooprekes24.lt\/lv\/wp-json\/wp\/v2\/media\/19909"}],"wp:attachment":[{"href":"https:\/\/zooprekes24.lt\/lv\/wp-json\/wp\/v2\/media?parent=22642"}],"wp:term":[{"taxonomy":"product_brand","embeddable":true,"href":"https:\/\/zooprekes24.lt\/lv\/wp-json\/wp\/v2\/product_brand?post=22642"},{"taxonomy":"product_cat","embeddable":true,"href":"https:\/\/zooprekes24.lt\/lv\/wp-json\/wp\/v2\/product_cat?post=22642"},{"taxonomy":"product_tag","embeddable":true,"href":"https:\/\/zooprekes24.lt\/lv\/wp-json\/wp\/v2\/product_tag?post=22642"}],"curies":[{"name":"wp","href":"https:\/\/api.w.org\/{rel}","templated":true}]}}