{"id":22641,"date":"2024-04-19T13:05:02","date_gmt":"2024-04-19T10:05:02","guid":{"rendered":"https:\/\/zooprekes24.lt\/produktas\/royal-canin-hair-skin-care-cat-konservai\/"},"modified":"2025-07-02T11:08:59","modified_gmt":"2025-07-02T09:08:59","slug":"royal-canin-matu-adas-kopsana-kakis","status":"publish","type":"product","link":"https:\/\/zooprekes24.lt\/lv\/produktas\/royal-canin-hair-skin-care-cat-konservai\/","title":{"rendered":"Royal Canin Hair &#038; Skin Care konservai kat\u0117ms pada\u017ee"},"content":{"rendered":"<h3>Royal Canin Hair &amp; Skin Care konservu bar\u012bba ir sabalans\u0113ta mitr\u0101 ka\u0137u bar\u012bba v\u0101jiem matiem un jut\u012bgai \u0101dai. Ka\u0137a \u0101da un ka\u017eoks atspogu\u013co t\u0101 vesel\u012bbu. <a href=\"https:\/\/www.youtube.com\/watch?reload=9&amp;reload=9&amp;v=FYwO1fiYoa8\" target=\"_blank\" rel=\"noopener noreferrer\">L\u012bdzsvarots uzturs<\/a> var pasarg\u0101t j\u016bsu m\u012bluli no ka\u017eoka boj\u0101\u0161an\u0101s un uzlabot jut\u012bgas \u0101das st\u0101vokli.<\/h3>\n<ul>\n<li>Royal Canin Hair &amp; Skin Care konservu bar\u012bba pieaugu\u0161iem ka\u0137iem no 1 gada vecuma ar <a href=\"https:\/\/zooprekes24.lt\/lv\/products\/brit-care-matu-kopsanas-lidzekli-veseliga-spidiga-spalva\/\" target=\"_blank\" rel=\"noopener\">v\u0101ja spalva un jut\u012bga \u0101da<\/a>.<\/li>\n<li>Paaugstin\u0101ts omega 3 un omega 6 tauksk\u0101bju, B vitam\u012bna, biot\u012bna un cinka l\u012bmenis baro ka\u017eoku un pal\u012bdz saglab\u0101t to sp\u012bd\u012bgu.<\/li>\n<li>Gardie, maigie gabali\u0146i, kas pasniegti sul\u012bg\u0101 m\u0113rc\u0113, ir iecien\u012bti pat vispras\u012bg\u0101ko gard\u0113\u017eu vid\u016b.<\/li>\n<li>Royal Canin matu un \u0101das kop\u0161anas konservu sast\u0101v\u0101 eso\u0161\u0101s sast\u0101vda\u013cas pal\u012bdz stiprin\u0101t un uztur\u0113t ka\u0137a ur\u012bnce\u013cu vesel\u012bbu, samazinot miner\u0101lvielu koncentr\u0101ciju, kas izraisa ur\u012bnp\u016b\u0161\u013ca akme\u0146u veido\u0161anos.<\/li>\n<\/ul>\n<p><img loading=\"lazy\" decoding=\"async\" class=\"wp-image-8564\" src=\"https:\/\/zooprekes24.lt\/wp-content\/uploads\/bc50h-hub-siberian-adult-black-and-white.jpg\" alt=\"Sib\u012brijas ka\u0137is\" width=\"450\" height=\"338\" \/><\/p>","protected":false},"excerpt":{"rendered":"<p>Royal Canin Hair &amp; Skin Care konservai &#8211; subalansuotas \u0161lapias ka\u010di\u0173 pa\u0161aras, skirtas silpniems plaukams ir jautriai odai. Kat\u0117s oda ir kailis yra jos sveikatos atspindys. Subalansuota mityba gali apsaugoti J\u016bs\u0173 augintin\u012f nuo suprast\u0117jusios kailio kokyb\u0117s bei pagerinti jautrios odos b\u016bkle. Royal Canin Hair &amp; Skin Care konservai skirti suaugusioms kat\u0117ms nuo 1 met\u0173, turin\u010dioms&#8230;<\/p>","protected":false},"featured_media":19908,"comment_status":"closed","ping_status":"closed","template":"","meta":{"_acf_changed":false,"slim_seo":{"title":"Royal Canin Hair & Skin Care konservai kat\u0117ms pada\u017ee - Zooprekes24","description":"Royal Canin Hair &amp; Skin Care konservu bar\u012bba ir sabalans\u0113ta mitr\u0101 ka\u0137u bar\u012bba v\u0101jiem matiem un jut\u012bgai \u0101dai. Ka\u0137a \u0101da un ka\u017eoks ir t\u0101 vesel\u012bbas atsl\u0113ga."},"iawp_total_views":189},"product_brand":[],"product_cat":[72,83,25,9019,9020],"product_tag":[1675,1710],"class_list":{"0":"post-22641","1":"product","2":"type-product","3":"status-publish","4":"has-post-thumbnail","6":"product_cat-kaciu-maistas","7":"product_cat-kaciu-prekiu-gamintojai","8":"product_cat-katems","9":"product_cat-royal-canin-kaciu-prekiu-gamintojai","10":"product_cat-slapias-maistas-kaciu-maistas","11":"product_tag-kaciu-edalas","12":"product_tag-royal-canin-intense-beauty","13":"pa_pasaro-sudetis-vistiena","14":"pa_prekiu-zenklai-royal-canin","16":"first","17":"instock","18":"featured","19":"taxable","20":"shipping-taxable","21":"purchasable","22":"product-type-variable"},"acf":[],"_links":{"self":[{"href":"https:\/\/zooprekes24.lt\/lv\/wp-json\/wp\/v2\/product\/22641","targetHints":{"allow":["GET"]}}],"collection":[{"href":"https:\/\/zooprekes24.lt\/lv\/wp-json\/wp\/v2\/product"}],"about":[{"href":"https:\/\/zooprekes24.lt\/lv\/wp-json\/wp\/v2\/types\/product"}],"replies":[{"embeddable":true,"href":"https:\/\/zooprekes24.lt\/lv\/wp-json\/wp\/v2\/comments?post=22641"}],"wp:featuredmedia":[{"embeddable":true,"href":"https:\/\/zooprekes24.lt\/lv\/wp-json\/wp\/v2\/media\/19908"}],"wp:attachment":[{"href":"https:\/\/zooprekes24.lt\/lv\/wp-json\/wp\/v2\/media?parent=22641"}],"wp:term":[{"taxonomy":"product_brand","embeddable":true,"href":"https:\/\/zooprekes24.lt\/lv\/wp-json\/wp\/v2\/product_brand?post=22641"},{"taxonomy":"product_cat","embeddable":true,"href":"https:\/\/zooprekes24.lt\/lv\/wp-json\/wp\/v2\/product_cat?post=22641"},{"taxonomy":"product_tag","embeddable":true,"href":"https:\/\/zooprekes24.lt\/lv\/wp-json\/wp\/v2\/product_tag?post=22641"}],"curies":[{"name":"wp","href":"https:\/\/api.w.org\/{rel}","templated":true}]}}