{"id":22636,"date":"2024-04-19T13:03:56","date_gmt":"2024-04-19T10:03:56","guid":{"rendered":"https:\/\/zooprekes24.lt\/produktas\/royal-canin-light-weight-care-cat-gravy\/"},"modified":"2025-07-02T11:04:59","modified_gmt":"2025-07-02T09:04:59","slug":"royal-canin-light-weight-care-cat-gravy","status":"publish","type":"product","link":"https:\/\/zooprekes24.lt\/lv\/produktas\/royal-canin-light-weight-care-cat-gravy\/","title":{"rendered":"Royal Canin Light Weight Care konservai kat\u0117ms pada\u017ee"},"content":{"rendered":"<h3>Royal Canin Light Weight Care &#8211; subalansuotas \u0161lapias ka\u010di\u0173 pa\u0161aras, kuris padeda palaikyti optimal\u0173 kat\u0117s k\u016bno svor\u012f u\u017ekertant keli\u0105 vir\u0161svorio susidarymui. <a href=\"https:\/\/www.youtube.com\/watch?reload=9&amp;reload=9&amp;v=FYwO1fiYoa8\" target=\"_blank\" rel=\"noopener noreferrer\">\u012apa\u0161s \u0161\u0137iedru mais\u012bjums<\/a>, kas pal\u012bdz nodro\u0161in\u0101t s\u0101ta saj\u016btu ar maz\u0101ku daudzumu konservu.<\/h3>\n<ul>\n<li>\u0160ie konservi samazina j\u016bsu m\u012blu\u013ca uz\u0146emto kaloriju daudzumu par aptuveni 17%, vienlaikus apmierinot apet\u012bti un s\u0101ta saj\u016btu.<\/li>\n<li>Pier\u0101d\u012bjumi, ka ka\u0137is, kas barots ar Royal Canin Light Weight Care konserviem, kas satur <a href=\"https:\/\/zooprekes24.lt\/lv\/?s=ultra+light&amp;post_type=product&amp;product_cat=0\" target=\"_blank\" rel=\"noopener noreferrer\">ar augstu \u0161\u0137iedrvielu un miltu<\/a>, pat\u0113r\u0113jot iev\u0113rojami maz\u0101k kaloriju.<\/li>\n<li>Augstais olbaltumvielu saturs (40 %) pal\u012bdz saglab\u0101t musku\u013cu masu, bet L-karnit\u012bns pal\u012bdz ka\u0137im lab\u0101k sadal\u012bt taukus.<\/li>\n<li>Satur l\u012bdzsvarotu miner\u0101lvielu sast\u0101vu, kas pal\u012bdz uztur\u0113t pieaugu\u0161a ka\u0137a ur\u012bnce\u013cu sist\u0113mas vesel\u012bbu.<\/li>\n<\/ul>\n<p><img loading=\"lazy\" decoding=\"async\" class=\"\" src=\"https:\/\/zooprekes24.lt\/wp-content\/uploads\/bc47h-hub-scottish-straight-adult-black-and-white-14.jpeg\" width=\"402\" height=\"302\" \/><\/p>","protected":false},"excerpt":{"rendered":"<p>Royal Canin Light Weight Care &#8211; subalansuotas \u0161lapias ka\u010di\u0173 pa\u0161aras, kuris padeda palaikyti optimal\u0173 kat\u0117s k\u016bno svor\u012f u\u017ekertant keli\u0105 vir\u0161svorio susidarymui. Specialus skaidul\u0173 mi\u0161inys, padeda u\u017etikrinti sotumo jausm\u0105, suvartojus ma\u017eesn\u012f kiek\u012f konserv\u0173. Naudojant \u0161iuos konservus augintinis suvartoja apie 17 proc. ma\u017eiau kalorij\u0173, ta\u010diau patenkinamas jo apetito ir sotumo jausmo poreikis. \u012erodyta, kad kat\u0117 \u0161eriama Royal&#8230;<\/p>","protected":false},"featured_media":19905,"comment_status":"closed","ping_status":"closed","template":"","meta":{"_acf_changed":false,"slim_seo":{"title":"Royal Canin Light Weight Care konservai kat\u0117ms pada\u017ee - Zooprekes24","description":"Royal Canin Light Weight Care - subalansuotas \u0161lapias ka\u010di\u0173 pa\u0161aras, kuris padeda palaikyti optimal\u0173 kat\u0117s k\u016bno svor\u012f u\u017ekertant keli\u0105 vir\u0161svorio susidarymui. Sp"},"iawp_total_views":121},"product_brand":[],"product_cat":[72,83,25,9019,9020],"product_tag":[2322,2329],"class_list":{"0":"post-22636","1":"product","2":"type-product","3":"status-publish","4":"has-post-thumbnail","6":"product_cat-kaciu-maistas","7":"product_cat-kaciu-prekiu-gamintojai","8":"product_cat-katems","9":"product_cat-royal-canin-kaciu-prekiu-gamintojai","10":"product_cat-slapias-maistas-kaciu-maistas","11":"product_tag-dietinis-edalas-katems","12":"product_tag-sausas-maistas-storai-katei","13":"pa_pasaro-sudetis-darzoves","14":"pa_pasaro-sudetis-vistiena","15":"pa_prekiu-zenklai-royal-canin","17":"first","18":"instock","19":"featured","20":"taxable","21":"shipping-taxable","22":"purchasable","23":"product-type-variable"},"acf":[],"_links":{"self":[{"href":"https:\/\/zooprekes24.lt\/lv\/wp-json\/wp\/v2\/product\/22636","targetHints":{"allow":["GET"]}}],"collection":[{"href":"https:\/\/zooprekes24.lt\/lv\/wp-json\/wp\/v2\/product"}],"about":[{"href":"https:\/\/zooprekes24.lt\/lv\/wp-json\/wp\/v2\/types\/product"}],"replies":[{"embeddable":true,"href":"https:\/\/zooprekes24.lt\/lv\/wp-json\/wp\/v2\/comments?post=22636"}],"wp:featuredmedia":[{"embeddable":true,"href":"https:\/\/zooprekes24.lt\/lv\/wp-json\/wp\/v2\/media\/19905"}],"wp:attachment":[{"href":"https:\/\/zooprekes24.lt\/lv\/wp-json\/wp\/v2\/media?parent=22636"}],"wp:term":[{"taxonomy":"product_brand","embeddable":true,"href":"https:\/\/zooprekes24.lt\/lv\/wp-json\/wp\/v2\/product_brand?post=22636"},{"taxonomy":"product_cat","embeddable":true,"href":"https:\/\/zooprekes24.lt\/lv\/wp-json\/wp\/v2\/product_cat?post=22636"},{"taxonomy":"product_tag","embeddable":true,"href":"https:\/\/zooprekes24.lt\/lv\/wp-json\/wp\/v2\/product_tag?post=22636"}],"curies":[{"name":"wp","href":"https:\/\/api.w.org\/{rel}","templated":true}]}}