{"id":22613,"date":"2024-04-19T13:03:56","date_gmt":"2024-04-19T10:03:56","guid":{"rendered":"https:\/\/zooprekes24.lt\/produktas\/royal-canin-instinctive-padaze\/"},"modified":"2026-02-27T13:12:16","modified_gmt":"2026-02-27T11:12:16","slug":"royal-canin-instinctive-dressing","status":"publish","type":"product","link":"https:\/\/zooprekes24.lt\/lv\/produktas\/royal-canin-instinctive-padaze\/","title":{"rendered":"Royal Canin Instinctive konservai kat\u0117ms pada\u017ee"},"content":{"rendered":"<h3>Royal Canin Instinctive Canned ir sabalans\u0113ta mitr\u0101 ka\u0137u bar\u012bba pieaugu\u0161iem ka\u0137iem no 1 gada vecuma. Mitr\u0101 bar\u012bba satur svar\u012bgas uzturvielas, kas atbilst pieaugu\u0161o ka\u0137u vajadz\u012bb\u0101m un pal\u012bdz uztur\u0113t lielisku m\u0101jdz\u012bvnieka vesel\u012bbu.<\/h3>\n<ul>\n<li>Konservi ir veidoti t\u0101, lai tie atbilstu optim\u0101lajam bar\u012bbas profilam, ko ka\u0137i instinkt\u012bvi izv\u0113las.<\/li>\n<li><a href=\"https:\/\/www.youtube.com\/watch?v=FYwO1fiYoa8&amp;t=2s\" target=\"_blank\" rel=\"noopener\">Pateicoties unik\u0101lam antioksidantu kompleksam<\/a> ka\u0137i paliek dz\u012bvi ilg\u0101k.<\/li>\n<li>Tauksk\u0101bju komplekss pal\u012bdz uztur\u0113t loc\u012btavu elast\u012bbu.<\/li>\n<li>Royal Canin Instinctive konservu bar\u012bba satur optim\u0101lu fosfora daudzumu, lai nodro\u0161in\u0101tu vesel\u012bgu nieru darb\u012bbu pieaugu\u0161iem ka\u0137iem.<\/li>\n<li>\u012apa\u0161\u0101 bar\u012bbas konservu formula un sast\u0101vs pal\u012bdz uztur\u0113t j\u016bsu ka\u0137a ide\u0101lo svaru.<\/li>\n<\/ul>\n<p><a ref=\"magnificPopup\" href=\"https:\/\/zooprekes24.lt\/wp-content\/uploads\/instinctive-7.png\"><img loading=\"lazy\" decoding=\"async\" class=\"alignnone wp-image-11089\" src=\"https:\/\/zooprekes24.lt\/wp-content\/uploads\/instinctive-7.png\" alt=\"Royal Canin Instinctive 7+ konservi m\u0113rc\u0113 \" width=\"299\" height=\"358\" \/><\/a><\/p>","protected":false},"excerpt":{"rendered":"<p>Royal Canin Instinctive konservai \u2013 subalansuotas \u0161lapias ka\u010di\u0173 pa\u0161aras, skirtas suaugusioms kat\u0117ms nuo 1 met\u0173 am\u017eiaus. \u0160lapiame \u0117dale\u00a0yra svarbi\u0173 maistini\u0173 med\u017eiag\u0173 atitinkan\u010di\u0173 suaugusi\u0173 ka\u010di\u0173 poreikius bei padedan\u010di\u0173 i\u0161laikyti puiki\u0105 augintinio sveikat\u0105. Konservai yra suformuoti taip, kad atitikt\u0173 optimal\u0173 maistin\u012f profil\u012f, kur\u012f instinktyviai renkasi kat\u0117s. Unikali\u0173 antioksidant\u0173 komplekso d\u0117ka kat\u0117s ilgiau i\u0161lieka gyvybingos. Sud\u0117tyje esantis riebal\u0173&#8230;<\/p>","protected":false},"featured_media":19893,"comment_status":"closed","ping_status":"closed","template":"","meta":{"_acf_changed":false,"slim_seo":{"title":"Royal Canin Instinctive konservai kat\u0117ms pada\u017ee - Zooprekes24","description":"Royal Canin Instinctive konservai \u2013 subalansuotas \u0161lapias ka\u010di\u0173 pa\u0161aras, skirtas suaugusioms kat\u0117ms nuo 1 met\u0173 am\u017eiaus. \u0160lapiame \u0117dale\u00a0yra svarbi\u0173 maistini\u0173 med"},"iawp_total_views":173},"product_brand":[],"product_cat":[72,83,25,9019,9020],"product_tag":[2126,1675,2131],"class_list":{"0":"post-22613","1":"product","2":"type-product","3":"status-publish","4":"has-post-thumbnail","6":"product_cat-kaciu-maistas","7":"product_cat-kaciu-prekiu-gamintojai","8":"product_cat-katems","9":"product_cat-royal-canin-kaciu-prekiu-gamintojai","10":"product_cat-slapias-maistas-kaciu-maistas","11":"product_tag-inkstinktiv-konservai-katei","12":"product_tag-kaciu-edalas","13":"product_tag-konservai-isrankioms-katems","14":"pa_pasaro-sudetis-vistiena","15":"pa_prekiu-zenklai-royal-canin","17":"first","18":"instock","19":"sale","20":"featured","21":"taxable","22":"shipping-taxable","23":"purchasable","24":"product-type-variable"},"acf":[],"_links":{"self":[{"href":"https:\/\/zooprekes24.lt\/lv\/wp-json\/wp\/v2\/product\/22613","targetHints":{"allow":["GET"]}}],"collection":[{"href":"https:\/\/zooprekes24.lt\/lv\/wp-json\/wp\/v2\/product"}],"about":[{"href":"https:\/\/zooprekes24.lt\/lv\/wp-json\/wp\/v2\/types\/product"}],"replies":[{"embeddable":true,"href":"https:\/\/zooprekes24.lt\/lv\/wp-json\/wp\/v2\/comments?post=22613"}],"wp:featuredmedia":[{"embeddable":true,"href":"https:\/\/zooprekes24.lt\/lv\/wp-json\/wp\/v2\/media\/19893"}],"wp:attachment":[{"href":"https:\/\/zooprekes24.lt\/lv\/wp-json\/wp\/v2\/media?parent=22613"}],"wp:term":[{"taxonomy":"product_brand","embeddable":true,"href":"https:\/\/zooprekes24.lt\/lv\/wp-json\/wp\/v2\/product_brand?post=22613"},{"taxonomy":"product_cat","embeddable":true,"href":"https:\/\/zooprekes24.lt\/lv\/wp-json\/wp\/v2\/product_cat?post=22613"},{"taxonomy":"product_tag","embeddable":true,"href":"https:\/\/zooprekes24.lt\/lv\/wp-json\/wp\/v2\/product_tag?post=22613"}],"curies":[{"name":"wp","href":"https:\/\/api.w.org\/{rel}","templated":true}]}}