{"id":22609,"date":"2024-04-19T13:03:56","date_gmt":"2024-04-19T10:03:56","guid":{"rendered":"https:\/\/zooprekes24.lt\/produktas\/royal-canin-sterilised-konservai-padaze\/"},"modified":"2026-02-27T13:16:40","modified_gmt":"2026-02-27T11:16:40","slug":"royal-canin-sterilizeta-konserveta-merce","status":"publish","type":"product","link":"https:\/\/zooprekes24.lt\/lv\/produktas\/royal-canin-sterilised-konservai-padaze\/","title":{"rendered":"Royal Canin Sterilised konservai kat\u0117ms pada\u017ee"},"content":{"rendered":"<h3>Royal Canin Steriliz\u0113ta konserv\u0113ta m\u0113rce - <a href=\"https:\/\/www.youtube.com\/watch?v=FYwO1fiYoa8\" target=\"_blank\" rel=\"noopener\">sabalans\u0113ta mitr\u0101 ka\u0137u bar\u012bba<\/a> lai kontrol\u0113tu ka\u0137a svaru un regul\u0113tu ur\u012bna sk\u0101bumu. Steriliz\u0101cija var main\u012bt da\u017eu ka\u0137u \u0113\u0161anas paradumus, un tiem var rasties liekais svars. Bar\u012bbas sast\u0101v\u0101 eso\u0161\u0101s sabalans\u0113t\u0101s sast\u0101vda\u013cas nodro\u0161ina, ka dz\u012bvnieks ir apmierin\u0101ts un saglab\u0101 ide\u0101lu svaru.<\/h3>\n<ul>\n<li>Konserv\u0113ti p\u0101rtikas produkti satur maz\u0101k tauku un og\u013chidr\u0101tu, piem\u0113ram, cietes, kas veicina p\u0101rtikas pat\u0113ri\u0146u.<\/li>\n<li>\u012apa\u0161ais bar\u012bbas sast\u0101vs pal\u012bdz regul\u0113t ur\u012bnsk\u0101bes l\u012bmeni un uzlabot ur\u012bnce\u013cu darb\u012bbu.<\/li>\n<li>Liels <a href=\"https:\/\/www.royalcanin.com\/lt\/about-us\/quality-and-food-safety\" target=\"_blank\" rel=\"noopener noreferrer\">augsta biolo\u0123isk\u0101 v\u0113rt\u012bba olbaltumvielu saturs<\/a> (37%) pal\u012bdz veidot musku\u013cus un uztur\u0113t musku\u013cu masu.<\/li>\n<li><a href=\"https:\/\/zooprekes24.lt\/lv\/?s=sterilizuotoms&amp;post_type=product&amp;product_cat=0\" target=\"_blank\" rel=\"noopener noreferrer\">P\u0113c steriliz\u0101cijas<\/a> Ka\u0137u ener\u0123\u0113tisk\u0101s vajadz\u012bbas ir samazin\u0101tas, t\u0101p\u0113c zem\u0101ks tauku saturs Royal Canin Sterilised konservos pal\u012bdz samazin\u0101t lieka svara risku.<\/li>\n<\/ul>\n<p><img loading=\"lazy\" decoding=\"async\" class=\"\" src=\"https:\/\/zooprekes24.lt\/wp-content\/uploads\/bc45h-hub-russian-adult-black-and-white-19.jpeg\" width=\"391\" height=\"293\" \/><\/p>","protected":false},"excerpt":{"rendered":"<p>Royal Canin Sterilised konservai pada\u017ee &#8211; subalansuotas \u0161lapias ka\u010di\u0173 pa\u0161aras skirtas kontroliuoti kat\u0117s svor\u012f bei reguliuoti \u0161lapimo r\u016bg\u0161tingum\u0105. Sterilizacija gali pakeisti kai kuri\u0173 ka\u010di\u0173 mitybos \u012fpro\u010dius ir jos gali priaugti vir\u0161svorio. Maisto sud\u0117tyje esan\u010dios subalansuotos med\u017eiagos u\u017etikrina augintinio sotumo jausm\u0105 palaikant ideal\u0173 svor\u012f. Konserv\u0173 sud\u0117tyje yra ma\u017eiau riebal\u0173 ir angliavandeni\u0173, pavyzd\u017eiui, krakmolo, kuris skatina maisto&#8230;<\/p>","protected":false},"featured_media":19888,"comment_status":"closed","ping_status":"closed","template":"","meta":{"_acf_changed":false,"slim_seo":{"title":"Royal Canin Sterilised konservai kat\u0117ms pada\u017ee - Zooprekes24","description":"Royal Canin Sterilised Konserv\u0113ta m\u0113rce ir sabalans\u0113ta mitr\u0101 ka\u0137u bar\u012bba, kas paredz\u0113ta svara kontrolei un ur\u012bna sk\u0101buma regul\u0113\u0161anai. Steriliz\u0101cija"},"iawp_total_views":884},"product_brand":[],"product_cat":[72,83,25,9019,9020],"product_tag":[],"class_list":{"0":"post-22609","1":"product","2":"type-product","3":"status-publish","4":"has-post-thumbnail","6":"product_cat-kaciu-maistas","7":"product_cat-kaciu-prekiu-gamintojai","8":"product_cat-katems","9":"product_cat-royal-canin-kaciu-prekiu-gamintojai","10":"product_cat-slapias-maistas-kaciu-maistas","11":"pa_pasaro-sudetis-darzoves","12":"pa_pasaro-sudetis-vistiena","13":"pa_prekiu-zenklai-royal-canin","15":"first","16":"instock","17":"sale","18":"featured","19":"taxable","20":"shipping-taxable","21":"purchasable","22":"product-type-variable"},"acf":[],"_links":{"self":[{"href":"https:\/\/zooprekes24.lt\/lv\/wp-json\/wp\/v2\/product\/22609","targetHints":{"allow":["GET"]}}],"collection":[{"href":"https:\/\/zooprekes24.lt\/lv\/wp-json\/wp\/v2\/product"}],"about":[{"href":"https:\/\/zooprekes24.lt\/lv\/wp-json\/wp\/v2\/types\/product"}],"replies":[{"embeddable":true,"href":"https:\/\/zooprekes24.lt\/lv\/wp-json\/wp\/v2\/comments?post=22609"}],"wp:featuredmedia":[{"embeddable":true,"href":"https:\/\/zooprekes24.lt\/lv\/wp-json\/wp\/v2\/media\/19888"}],"wp:attachment":[{"href":"https:\/\/zooprekes24.lt\/lv\/wp-json\/wp\/v2\/media?parent=22609"}],"wp:term":[{"taxonomy":"product_brand","embeddable":true,"href":"https:\/\/zooprekes24.lt\/lv\/wp-json\/wp\/v2\/product_brand?post=22609"},{"taxonomy":"product_cat","embeddable":true,"href":"https:\/\/zooprekes24.lt\/lv\/wp-json\/wp\/v2\/product_cat?post=22609"},{"taxonomy":"product_tag","embeddable":true,"href":"https:\/\/zooprekes24.lt\/lv\/wp-json\/wp\/v2\/product_tag?post=22609"}],"curies":[{"name":"wp","href":"https:\/\/api.w.org\/{rel}","templated":true}]}}