{"id":22605,"date":"2024-04-19T13:03:56","date_gmt":"2024-04-19T10:03:56","guid":{"rendered":"https:\/\/zooprekes24.lt\/produktas\/royal-canin-british-shorthair-konservai\/"},"modified":"2025-12-30T16:18:13","modified_gmt":"2025-12-30T14:18:13","slug":"royal-canin-british-shorthair-konservai","status":"publish","type":"product","link":"https:\/\/zooprekes24.lt\/lv\/produktas\/royal-canin-british-shorthair-konservai\/","title":{"rendered":"Royal Canin British Shorthair konservai kat\u0117ms pada\u017ee"},"content":{"rendered":"<h3>Royal Canin British Shorthair Adult konservai pada\u017ee &#8211;\u00a0subalansuotas \u0161lapias ka\u010di\u0173 pa\u0161aras, kuris stiprina kat\u0117s kaulus, raumenis bei \u0161irdies darb\u0105. <a href=\"https:\/\/www.youtube.com\/watch?v=FYwO1fiYoa8\" target=\"_blank\" rel=\"noopener\">Konservi, kas gatavoti p\u0113c \u012bpa\u0161as receptes<\/a> ir \u013coti gar\u0161\u012bgi un \u0101tri piepilda.<\/h3>\n<ul>\n<li>Pieaugu\u0161ajiem <a href=\"https:\/\/zooprekes24.lt\/lv\/products\/royal-canin-britu-isspalvainais-kakis-pieaugusajiem\/\" target=\"_blank\" rel=\"noopener\">Britu \u012bsspalvaino ka\u0137u \u0161\u0137irnes ka\u0137iem<\/a> no 1 gada.<\/li>\n<li>Optim\u0101ls olbaltumvielu un L-karnit\u012bna l\u012bmenis pal\u012bdz uztur\u0113t britu \u012bsspalvaino ka\u0137u musku\u013cus.<\/li>\n<li>Konserv\u0113s eso\u0161ais kalcijs, fosfors un EPA\/DHA stiprina kaulus un loc\u012btavas.<\/li>\n<li>\u0112\u0161ana labpr\u0101t. \u012apa\u0161\u0101s receptes konservi ir \u013coti gar\u0161\u012bgi un iepriecin\u0101s pat vispras\u012bg\u0101kos gard\u0113\u017eus.<\/li>\n<li>Royal Canin British Shorthair Adult konservu bar\u012bbas sast\u0101vda\u013cas stiprina j\u016bsu ka\u0137a kaulus, musku\u013cus un sirdi.<\/li>\n<\/ul>\n<p><img loading=\"lazy\" decoding=\"async\" class=\"\" src=\"https:\/\/zooprekes24.lt\/wp-content\/uploads\/bc3h-hub-british-shorthair-adult-black-and-white-16.jpeg\" width=\"390\" height=\"292\" \/><\/p>","protected":false},"excerpt":{"rendered":"<p>Royal Canin British Shorthair Adult konservai pada\u017ee &#8211;\u00a0subalansuotas \u0161lapias ka\u010di\u0173 pa\u0161aras, kuris stiprina kat\u0117s kaulus, raumenis bei \u0161irdies darb\u0105. Pagal ypating\u0105 recept\u0105 pagaminti konservai yra ypa\u010d skan\u016bs ir greitai sukeliantys sotumo jausm\u0105. Skirta\u00a0suaugusioms Brit\u0173 trumpaplauki\u0173 veisl\u0117s kat\u0117ms nuo 1 met\u0173. Optimalus baltym\u0173 ir\u00a0L-karnitino\u00a0kiekis\u00a0padeda i\u0161laikyti\u00a0brit\u0173 trumpaplauk\u0117ms kat\u0117ms b\u016bding\u0105\u00a0raumen\u0173 mas\u0119. Konserv\u0173 sud\u0117tyje esantis kalcis, fosforas ir EPA\/DHA&#8230;<\/p>","protected":false},"featured_media":19886,"comment_status":"closed","ping_status":"closed","template":"","meta":{"_acf_changed":false,"slim_seo":{"title":"Royal Canin British Shorthair konservai kat\u0117ms pada\u017ee - Zooprekes24","description":"Royal Canin British Shorthair Adult konservai pada\u017ee -\u00a0subalansuotas \u0161lapias ka\u010di\u0173 pa\u0161aras, kuris stiprina kat\u0117s kaulus, raumenis bei \u0161irdies darb\u0105. Pagal ypati"},"iawp_total_views":233},"product_brand":[],"product_cat":[72,83,25,9019,9020],"product_tag":[1671,1736],"class_list":{"0":"post-22605","1":"product","2":"type-product","3":"status-publish","4":"has-post-thumbnail","6":"product_cat-kaciu-maistas","7":"product_cat-kaciu-prekiu-gamintojai","8":"product_cat-katems","9":"product_cat-royal-canin-kaciu-prekiu-gamintojai","10":"product_cat-slapias-maistas-kaciu-maistas","11":"product_tag-begrudis-kaciu-maistas","12":"product_tag-konservai-britu-trumpaplaukiams","13":"pa_pasaro-sudetis-vistiena","14":"pa_pasaro-sudetis-zuvis","15":"pa_prekiu-zenklai-royal-canin","17":"first","18":"instock","19":"sale","20":"featured","21":"taxable","22":"shipping-taxable","23":"purchasable","24":"product-type-variable"},"acf":[],"_links":{"self":[{"href":"https:\/\/zooprekes24.lt\/lv\/wp-json\/wp\/v2\/product\/22605","targetHints":{"allow":["GET"]}}],"collection":[{"href":"https:\/\/zooprekes24.lt\/lv\/wp-json\/wp\/v2\/product"}],"about":[{"href":"https:\/\/zooprekes24.lt\/lv\/wp-json\/wp\/v2\/types\/product"}],"replies":[{"embeddable":true,"href":"https:\/\/zooprekes24.lt\/lv\/wp-json\/wp\/v2\/comments?post=22605"}],"wp:featuredmedia":[{"embeddable":true,"href":"https:\/\/zooprekes24.lt\/lv\/wp-json\/wp\/v2\/media\/19886"}],"wp:attachment":[{"href":"https:\/\/zooprekes24.lt\/lv\/wp-json\/wp\/v2\/media?parent=22605"}],"wp:term":[{"taxonomy":"product_brand","embeddable":true,"href":"https:\/\/zooprekes24.lt\/lv\/wp-json\/wp\/v2\/product_brand?post=22605"},{"taxonomy":"product_cat","embeddable":true,"href":"https:\/\/zooprekes24.lt\/lv\/wp-json\/wp\/v2\/product_cat?post=22605"},{"taxonomy":"product_tag","embeddable":true,"href":"https:\/\/zooprekes24.lt\/lv\/wp-json\/wp\/v2\/product_tag?post=22605"}],"curies":[{"name":"wp","href":"https:\/\/api.w.org\/{rel}","templated":true}]}}