{"id":22603,"date":"2024-04-19T13:03:35","date_gmt":"2024-04-19T10:03:35","guid":{"rendered":"https:\/\/zooprekes24.lt\/produktas\/royal-canin-persian-pastetas\/"},"modified":"2025-12-30T16:19:23","modified_gmt":"2025-12-30T14:19:23","slug":"royal-canin-persiesu-pastete","status":"publish","type":"product","link":"https:\/\/zooprekes24.lt\/lv\/produktas\/royal-canin-persian-pastetas\/","title":{"rendered":"Royal Canin Persian pa\u0161tetas kat\u0117ms"},"content":{"rendered":"<h3>Royal Canin Persian Adult pa\u0161tetas &#8211; <a href=\"https:\/\/www.youtube.com\/watch?v=FYwO1fiYoa8\" target=\"_blank\" rel=\"noopener\">sabalans\u0113ta mitr\u0101 ka\u0137u bar\u012bba<\/a>lai apmierin\u0101tu visas persie\u0161u ka\u0137u uztura vajadz\u012bbas.<\/h3>\n<ul>\n<li>Past\u0113te satur ekskluz\u012bvu Beauty Shine bar\u012bbas vielu kompleksu (gur\u0137u e\u013c\u013ca, EPA\/DHA un vitam\u012bni), kas ir b\u016btisks persie\u0161u ka\u0137u ar gariem matiem bl\u012bva apmatojuma veido\u0161anai. <a href=\"https:\/\/zooprekes24.lt\/lv\/?s=aliejus&amp;post_type=product\" target=\"_blank\" rel=\"noopener\">m\u0113te\u013ca skaistums<\/a>: apmatojuma kr\u0101sa k\u013c\u016bst spilgt\u0101ka, apmatojums ir sp\u012bd\u012bg\u0101ks un maig\u0101ks, un \u0101da ir maz\u0101k kairin\u0101ta.<\/li>\n<li>Ar n\u0101trija fosf\u0101tiem, kas pal\u0113nina zobu aplikuma un zobakmens veido\u0161anos, aizturot kalciju siekal\u0101s.<\/li>\n<li>FOS (fruktooligosahar\u012bdu) un MOS (mannanooligosahar\u012bdu) un siner\u0123isks antioksidantu komplekss, kas satur lute\u012bnu, taur\u012bnu un C un E vitam\u012bnus, nodro\u0161ina optim\u0101lu gremo\u0161anas funkciju.<\/li>\n<li>Royal Canin Persian P\u00e2t\u00e9 Adult satur ekskluz\u012bvu \u0161\u0137iedrvielu mais\u012bjumu, kas samazina ku\u0146\u0123a kukai\u0146u veido\u0161an\u0101s iesp\u0113jam\u012bbu ku\u0146\u0123\u012b un uzlabo ku\u0146\u0123a kust\u012bgumu.<\/li>\n<\/ul>\n<p><img loading=\"lazy\" decoding=\"async\" class=\"\" src=\"https:\/\/zooprekes24.lt\/wp-content\/uploads\/bc7h-persian-adult-in-black-and-white-14.jpeg\" width=\"350\" height=\"246\" \/><\/p>","protected":false},"excerpt":{"rendered":"<p>Royal Canin Persian Adult pa\u0161tetas &#8211; subalansuotas \u0161lapias ka\u010di\u0173 pa\u0161aras, kuris patenkins visus Pers\u0173 veisl\u0117s ka\u010di\u0173 mitybos poreikius. Pa\u0161tet\u0105 sudaro i\u0161skirtini\u0173 maistini\u0173 med\u017eiag\u0173 kompleksas \u201eBeauty Shine\u201c (agurkl\u0117s aliejus, EPA\/DHA ir vitaminai), kuris b\u016btinas norint i\u0161ry\u0161kinti ilgaplauki\u0173 Pers\u0173 veisl\u0117s ka\u010di\u0173 tankaus kailio gro\u017e\u012f:\u00a0kailio spalva tampa ry\u0161kesn\u0117, kailis labiau spindi ir tampa \u0161velnus, o oda yra ma\u017eiau&#8230;<\/p>","protected":false},"featured_media":19885,"comment_status":"closed","ping_status":"closed","template":"","meta":{"_acf_changed":false,"slim_seo":{"title":"Royal Canin Persian pa\u0161tetas kat\u0117ms - Zooprekes24","description":"Royal Canin Persian Adult pa\u0161tetas - subalansuotas \u0161lapias ka\u010di\u0173 pa\u0161aras , kuris patenkins visus Pers\u0173 veisl\u0117s ka\u010di\u0173 mitybos poreikius. Pa\u0161tet\u0105 sudaro i\u0161skirtin"},"iawp_total_views":123},"product_brand":[],"product_cat":[72,83,25,9019,9020],"product_tag":[1797],"class_list":{"0":"post-22603","1":"product","2":"type-product","3":"status-publish","4":"has-post-thumbnail","6":"product_cat-kaciu-maistas","7":"product_cat-kaciu-prekiu-gamintojai","8":"product_cat-katems","9":"product_cat-royal-canin-kaciu-prekiu-gamintojai","10":"product_cat-slapias-maistas-kaciu-maistas","11":"product_tag-konservai-persams","12":"pa_pasaro-sudetis-vistiena","13":"pa_pasaro-sudetis-zuvis","14":"pa_prekiu-zenklai-royal-canin","16":"first","17":"instock","18":"sale","19":"featured","20":"taxable","21":"shipping-taxable","22":"purchasable","23":"product-type-variable"},"acf":[],"_links":{"self":[{"href":"https:\/\/zooprekes24.lt\/lv\/wp-json\/wp\/v2\/product\/22603","targetHints":{"allow":["GET"]}}],"collection":[{"href":"https:\/\/zooprekes24.lt\/lv\/wp-json\/wp\/v2\/product"}],"about":[{"href":"https:\/\/zooprekes24.lt\/lv\/wp-json\/wp\/v2\/types\/product"}],"replies":[{"embeddable":true,"href":"https:\/\/zooprekes24.lt\/lv\/wp-json\/wp\/v2\/comments?post=22603"}],"wp:featuredmedia":[{"embeddable":true,"href":"https:\/\/zooprekes24.lt\/lv\/wp-json\/wp\/v2\/media\/19885"}],"wp:attachment":[{"href":"https:\/\/zooprekes24.lt\/lv\/wp-json\/wp\/v2\/media?parent=22603"}],"wp:term":[{"taxonomy":"product_brand","embeddable":true,"href":"https:\/\/zooprekes24.lt\/lv\/wp-json\/wp\/v2\/product_brand?post=22603"},{"taxonomy":"product_cat","embeddable":true,"href":"https:\/\/zooprekes24.lt\/lv\/wp-json\/wp\/v2\/product_cat?post=22603"},{"taxonomy":"product_tag","embeddable":true,"href":"https:\/\/zooprekes24.lt\/lv\/wp-json\/wp\/v2\/product_tag?post=22603"}],"curies":[{"name":"wp","href":"https:\/\/api.w.org\/{rel}","templated":true}]}}