{"id":22601,"date":"2024-04-19T13:03:35","date_gmt":"2024-04-19T10:03:35","guid":{"rendered":"https:\/\/zooprekes24.lt\/produktas\/royal-canin-maine-coon-konservai-padaze\/"},"modified":"2025-12-30T16:20:44","modified_gmt":"2025-12-30T14:20:44","slug":"royal-canin-maine-coon-konserveta-merce","status":"publish","type":"product","link":"https:\/\/zooprekes24.lt\/lv\/produktas\/royal-canin-maine-coon-konservai-padaze\/","title":{"rendered":"Royal Canin Maine Coon konservai kat\u0117ms pada\u017ee"},"content":{"rendered":"<h3>Royal Canin Meinas jenots pieaugu\u0161ajiem konserv\u0113ta m\u0113rce -\u00a0<a href=\"https:\/\/www.youtube.com\/watch?v=FYwO1fiYoa8\" target=\"_blank\" rel=\"noopener\">sabalans\u0113ta mitr\u0101 ka\u0137u bar\u012bba<\/a> ar r\u016bp\u012bgi atlas\u012bt\u0101m bar\u012bbas viel\u0101m, kas pal\u012bdz uztur\u0113t stipru sirdi, sp\u0113c\u012bgas loc\u012btavas, vesel\u012bgu \u0101du un skaistu ka\u017eoku.<\/h3>\n<ul>\n<li>Pieaugu\u0161ajiem <a href=\"https:\/\/zooprekes24.lt\/lv\/products\/royal-canin-maine-coon-pieaugusajiem\/\" target=\"_blank\" rel=\"noopener\">Meinas jenotsu\u0146u ka\u0137iem<\/a>.<\/li>\n<li>Piel\u0101gots magnija, n\u0101trija, k\u0101lija, argin\u012bna, eikozapenta\u0113nsk\u0101bes (EPA) un dokozaheksa\u0113nsk\u0101bes (DHA), taur\u012bna, L-karnit\u012bna un antioksidantu (E un C vitam\u012bnu, za\u013c\u0101s t\u0113jas un v\u012bnogu polifenolu) daudzums pal\u012bdz sirdij pareizi darboties.<\/li>\n<li>Royal Canin M\u012bna jenota pieaugu\u0161o konservu bar\u012bba aizsarg\u0101 j\u016bsu m\u012blu\u013ca loc\u012btavas, pateicoties ekskluz\u012bvai hondroit\u012bna sulf\u0101ta, glikozam\u012bna un zivju e\u013c\u013cas kombin\u0101cijai, k\u0101 ar\u012b augstam eikozapenta\u0113nsk\u0101bes (EPA) un dokozaheksa\u0113nsk\u0101bes (DHA) l\u012bmenim.<\/li>\n<li>Konservantos eso\u0161ie tauki, linolsk\u0101be un aminosk\u0101bes, k\u0101 ar\u012b cinks, biot\u012bns un vitam\u012bni stiprina \u0101das aizsargbarjeras \u012bpa\u0161\u012bbas un saglab\u0101 skaisto ka\u017eoku un dz\u012bvnieku dabisko kr\u0101su.<\/li>\n<\/ul>\n<p><img loading=\"lazy\" decoding=\"async\" class=\"\" src=\"https:\/\/zooprekes24.lt\/wp-content\/uploads\/bc4h-hub-maine-coon-adult-black-and-white-13.jpeg\" width=\"399\" height=\"299\" \/><\/p>","protected":false},"excerpt":{"rendered":"<p>Royal Canin Maine Coon Adult konservai pada\u017ee &#8211;\u00a0subalansuotas \u0161lapias ka\u010di\u0173 pa\u0161aras su\u00a0kruop\u0161\u010diai atrinktomis maistin\u0117mis med\u017eiagomis, kurios padeda palaikyti stipri\u0105 \u0161ird\u012f, s\u0105narius bei sveik\u0105 od\u0105 ir gra\u017e\u0173 kail\u012f. Skirta suaugusioms Meino me\u0161k\u0117n\u0173 veisl\u0117s kat\u0117ms. Adaptuoti magnio, natrio, kalio, arginino, eikozapentaeno (EPA) ir dokozaheksaeno (DHA) r\u016bg\u0161\u010di\u0173, taurino, L-karnitino ir antioksidant\u0173 (vitamin\u0173 E ir C bei \u017ealiosios arbatos&#8230;<\/p>","protected":false},"featured_media":19884,"comment_status":"closed","ping_status":"closed","template":"","meta":{"_acf_changed":false,"slim_seo":{"title":"Royal Canin Maine Coon konservai kat\u0117ms pada\u017ee - Zooprekes24","description":"Royal Canin Maine Coon Adult Canned Sauce ir sabalans\u0113ta mitr\u0101 ka\u0137u bar\u012bba ar r\u016bp\u012bgi atlas\u012bt\u0101m bar\u012bbas viel\u0101m, kas pal\u012bdz uztur\u0113t..."},"iawp_total_views":512},"product_brand":[],"product_cat":[72,83,25,9019,9020],"product_tag":[1675,1682,1727],"class_list":{"0":"post-22601","1":"product","2":"type-product","3":"status-publish","4":"has-post-thumbnail","6":"product_cat-kaciu-maistas","7":"product_cat-kaciu-prekiu-gamintojai","8":"product_cat-katems","9":"product_cat-royal-canin-kaciu-prekiu-gamintojai","10":"product_cat-slapias-maistas-kaciu-maistas","11":"product_tag-kaciu-edalas","12":"product_tag-kaciu-maistas-super-premium-klases","13":"product_tag-konservai-meino-meskenui","14":"pa_pasaro-sudetis-juros-gerybes","15":"pa_pasaro-sudetis-vistiena","16":"pa_pasaro-sudetis-zuvis","17":"pa_prekiu-zenklai-royal-canin","19":"first","20":"instock","21":"sale","22":"featured","23":"taxable","24":"shipping-taxable","25":"purchasable","26":"product-type-variable"},"acf":[],"_links":{"self":[{"href":"https:\/\/zooprekes24.lt\/lv\/wp-json\/wp\/v2\/product\/22601","targetHints":{"allow":["GET"]}}],"collection":[{"href":"https:\/\/zooprekes24.lt\/lv\/wp-json\/wp\/v2\/product"}],"about":[{"href":"https:\/\/zooprekes24.lt\/lv\/wp-json\/wp\/v2\/types\/product"}],"replies":[{"embeddable":true,"href":"https:\/\/zooprekes24.lt\/lv\/wp-json\/wp\/v2\/comments?post=22601"}],"wp:featuredmedia":[{"embeddable":true,"href":"https:\/\/zooprekes24.lt\/lv\/wp-json\/wp\/v2\/media\/19884"}],"wp:attachment":[{"href":"https:\/\/zooprekes24.lt\/lv\/wp-json\/wp\/v2\/media?parent=22601"}],"wp:term":[{"taxonomy":"product_brand","embeddable":true,"href":"https:\/\/zooprekes24.lt\/lv\/wp-json\/wp\/v2\/product_brand?post=22601"},{"taxonomy":"product_cat","embeddable":true,"href":"https:\/\/zooprekes24.lt\/lv\/wp-json\/wp\/v2\/product_cat?post=22601"},{"taxonomy":"product_tag","embeddable":true,"href":"https:\/\/zooprekes24.lt\/lv\/wp-json\/wp\/v2\/product_tag?post=22601"}],"curies":[{"name":"wp","href":"https:\/\/api.w.org\/{rel}","templated":true}]}}