{"id":22595,"date":"2024-04-19T13:03:35","date_gmt":"2024-04-19T10:03:35","guid":{"rendered":"https:\/\/zooprekes24.lt\/produktas\/brit-premium-chicken-slices-sterilised\/"},"modified":"2026-04-01T19:13:29","modified_gmt":"2026-04-01T17:13:29","slug":"brit-premium-vistas-galas-skeles-sterilizetas","status":"publish","type":"product","link":"https:\/\/zooprekes24.lt\/lv\/produktas\/brit-premium-chicken-slices-sterilised\/","title":{"rendered":"Brit Premium Vistas ga\u013cas \u0161\u0137\u0113les steriliz\u0113tas konservi ka\u0137iem"},"content":{"rendered":"<h3>Brit Premium Chicken Slices Steriliz\u0113ta ka\u0137u konservu bar\u012bba ir augst\u0101k\u0101s kvalit\u0101tes pilnv\u0113rt\u012bga bar\u012bba pieaugu\u0161iem ka\u0137iem maisi\u0146\u0101.<\/h3>\n<p>\u0160\u012bs super gar\u0161\u012bg\u0101s vistas <a href=\"https:\/\/www.youtube.com\/watch?v=wVNj1tuc-rU\" target=\"_blank\" rel=\"noopener\">gabali\u0146i m\u0113rc\u0113<\/a> \u012bpa\u0161i piel\u0101gots <a href=\"https:\/\/zooprekes24.lt\/lv\/?s=sterilizuotoms&amp;post_type=product\" target=\"_blank\" rel=\"noopener\">steriliz\u0113tiem ka\u0137iem<\/a> sabalans\u0113ts uzturs j\u016bsu m\u0101jdz\u012bvniekam un pat\u012bkams gandar\u012bjums par katru k\u0101rumu.<\/p>","protected":false},"excerpt":{"rendered":"<p>Brit Premium Chicken Slices Steriliz\u0113ta ka\u0137u konservu bar\u012bba ir augst\u0101k\u0101s kvalit\u0101tes pilnv\u0113rt\u012bga bar\u012bba pieaugu\u0161iem ka\u0137iem maisi\u0146\u0101. \u0160\u012bs gard\u0101s vistas ga\u013cas \u0161\u0137\u0113l\u012btes m\u0113rc\u0113, kas \u012bpa\u0161i piel\u0101gotas steriliz\u0113tiem ka\u0137iem, nodro\u0161ina j\u016bsu m\u012blulim sabalans\u0113tu uzturu un gandar\u012bjumu ar katru k\u0101rumu.<\/p>","protected":false},"featured_media":19878,"comment_status":"closed","ping_status":"closed","template":"","meta":{"_acf_changed":false,"slim_seo":{"title":"Brit Premium Chicken Slices Sterilised konservai kat\u0117ms - Zooprekes24","description":"Brit Premium Chicken Slices Steriliz\u0113ta ka\u0137u bar\u012bba ir augst\u0101k\u0101s kvalit\u0101tes pilnv\u0113rt\u012bga bar\u012bba maisi\u0146\u0101 pieaugu\u0161iem ka\u0137iem. \u0160\u012bs \u013coti gar\u0161\u012bg\u0101s vistas ga\u013cas \u0161\u0137\u0113l\u012btes"},"iawp_total_views":152},"product_brand":[],"product_cat":[9048,72,83,25,9020],"product_tag":[730,2168,1675,2173],"class_list":{"0":"post-22595","1":"product","2":"type-product","3":"status-publish","4":"has-post-thumbnail","6":"product_cat-brit-premium-kaciu-prekiu-gamintojai","7":"product_cat-kaciu-maistas","8":"product_cat-kaciu-prekiu-gamintojai","9":"product_cat-katems","10":"product_cat-slapias-maistas-kaciu-maistas","11":"product_tag-brit-premium-slapias-maistas","12":"product_tag-brit-slapias-maistas","13":"product_tag-kaciu-edalas","14":"product_tag-konservuotas-maistas-katems","15":"pa_pasaro-sudetis-vistiena","16":"pa_prekiu-zenklai-brit-premium","18":"first","19":"instock","20":"featured","21":"taxable","22":"shipping-taxable","23":"purchasable","24":"product-type-variable"},"acf":[],"_links":{"self":[{"href":"https:\/\/zooprekes24.lt\/lv\/wp-json\/wp\/v2\/product\/22595","targetHints":{"allow":["GET"]}}],"collection":[{"href":"https:\/\/zooprekes24.lt\/lv\/wp-json\/wp\/v2\/product"}],"about":[{"href":"https:\/\/zooprekes24.lt\/lv\/wp-json\/wp\/v2\/types\/product"}],"replies":[{"embeddable":true,"href":"https:\/\/zooprekes24.lt\/lv\/wp-json\/wp\/v2\/comments?post=22595"}],"wp:featuredmedia":[{"embeddable":true,"href":"https:\/\/zooprekes24.lt\/lv\/wp-json\/wp\/v2\/media\/19878"}],"wp:attachment":[{"href":"https:\/\/zooprekes24.lt\/lv\/wp-json\/wp\/v2\/media?parent=22595"}],"wp:term":[{"taxonomy":"product_brand","embeddable":true,"href":"https:\/\/zooprekes24.lt\/lv\/wp-json\/wp\/v2\/product_brand?post=22595"},{"taxonomy":"product_cat","embeddable":true,"href":"https:\/\/zooprekes24.lt\/lv\/wp-json\/wp\/v2\/product_cat?post=22595"},{"taxonomy":"product_tag","embeddable":true,"href":"https:\/\/zooprekes24.lt\/lv\/wp-json\/wp\/v2\/product_tag?post=22595"}],"curies":[{"name":"wp","href":"https:\/\/api.w.org\/{rel}","templated":true}]}}