{"id":22593,"date":"2024-04-19T13:03:35","date_gmt":"2024-04-19T10:03:35","guid":{"rendered":"https:\/\/zooprekes24.lt\/produktas\/brit-premium-beef-stew-peas\/"},"modified":"2026-04-01T19:22:27","modified_gmt":"2026-04-01T17:22:27","slug":"brit-premium-liellopu-galas-sautejums-ar-zirniem","status":"publish","type":"product","link":"https:\/\/zooprekes24.lt\/lv\/produktas\/brit-premium-beef-stew-peas\/","title":{"rendered":"Brit Premium Beef Stew &amp; Peas konservai kat\u0117ms"},"content":{"rendered":"<h3>Brit Premium Beef Stew &amp; Peas ka\u0137u konservu bar\u012bba ir augst\u0101k\u0101s kvalit\u0101tes pilnv\u0113rt\u012bga bar\u012bba pieaugu\u0161iem ka\u0137iem maisi\u0146\u0101.<\/h3>\n<p>\u0160ie \u012bpa\u0161i gar\u0161\u012bgie <a href=\"https:\/\/zooprekes24.lt\/lv\/?s=jautienos&amp;post_type=product\" target=\"_blank\" rel=\"noopener\">liellopu ga\u013ca<\/a> <a href=\"https:\/\/www.youtube.com\/watch?v=wVNj1tuc-rU\" target=\"_blank\" rel=\"noopener\">gabali\u0146i ar zir\u0146iem m\u0113rc\u0113<\/a> sabalans\u0113ts uzturs j\u016bsu m\u0101jdz\u012bvniekam un pat\u012bkams gandar\u012bjums par katru k\u0101rumu.<\/p>","protected":false},"excerpt":{"rendered":"<p>Brit Premium Beef Stew &amp; Peas konservai kat\u0117ms &#8211; auk\u0161\u010diausios kokyb\u0117s visavertis suaugusi\u0173 ka\u010di\u0173 maistas mai\u0161elyje. \u0160ie itin gard\u016bs jautienos gabaliukai su \u017eirneliais pada\u017ee tai &#8211; subalansuota J\u016bs\u0173 augintinio mityba ir malonus pasitenkinimas su kiekvienu k\u0105sniu.<\/p>","protected":false},"featured_media":17878,"comment_status":"closed","ping_status":"closed","template":"","meta":{"_acf_changed":false,"slim_seo":{"title":"Brit Premium Beef Stew &amp; Peas konservai kat\u0117ms - Zooprekes24","description":"Brit Premium Beef Stew &amp; Peas ka\u0137u konservu bar\u012bba ir augst\u0101k\u0101s kvalit\u0101tes pilnv\u0113rt\u012bga bar\u012bba pieaugu\u0161iem ka\u0137iem maisi\u0146\u0101. \u0160ie super gar\u0161\u012bgie liellopa ga\u013cas gabali\u0146i ar"},"iawp_total_views":68},"product_brand":[],"product_cat":[9048,72,83,25,9020],"product_tag":[730,2168,1675,2173],"class_list":{"0":"post-22593","1":"product","2":"type-product","3":"status-publish","4":"has-post-thumbnail","6":"product_cat-brit-premium-kaciu-prekiu-gamintojai","7":"product_cat-kaciu-maistas","8":"product_cat-kaciu-prekiu-gamintojai","9":"product_cat-katems","10":"product_cat-slapias-maistas-kaciu-maistas","11":"product_tag-brit-premium-slapias-maistas","12":"product_tag-brit-slapias-maistas","13":"product_tag-kaciu-edalas","14":"product_tag-konservuotas-maistas-katems","15":"pa_pasaro-sudetis-darzoves","16":"pa_pasaro-sudetis-jautiena","17":"pa_prekiu-zenklai-brit-premium","19":"first","20":"instock","21":"featured","22":"taxable","23":"shipping-taxable","24":"purchasable","25":"product-type-variable"},"acf":[],"_links":{"self":[{"href":"https:\/\/zooprekes24.lt\/lv\/wp-json\/wp\/v2\/product\/22593","targetHints":{"allow":["GET"]}}],"collection":[{"href":"https:\/\/zooprekes24.lt\/lv\/wp-json\/wp\/v2\/product"}],"about":[{"href":"https:\/\/zooprekes24.lt\/lv\/wp-json\/wp\/v2\/types\/product"}],"replies":[{"embeddable":true,"href":"https:\/\/zooprekes24.lt\/lv\/wp-json\/wp\/v2\/comments?post=22593"}],"wp:featuredmedia":[{"embeddable":true,"href":"https:\/\/zooprekes24.lt\/lv\/wp-json\/wp\/v2\/media\/17878"}],"wp:attachment":[{"href":"https:\/\/zooprekes24.lt\/lv\/wp-json\/wp\/v2\/media?parent=22593"}],"wp:term":[{"taxonomy":"product_brand","embeddable":true,"href":"https:\/\/zooprekes24.lt\/lv\/wp-json\/wp\/v2\/product_brand?post=22593"},{"taxonomy":"product_cat","embeddable":true,"href":"https:\/\/zooprekes24.lt\/lv\/wp-json\/wp\/v2\/product_cat?post=22593"},{"taxonomy":"product_tag","embeddable":true,"href":"https:\/\/zooprekes24.lt\/lv\/wp-json\/wp\/v2\/product_tag?post=22593"}],"curies":[{"name":"wp","href":"https:\/\/api.w.org\/{rel}","templated":true}]}}