{"id":22590,"date":"2024-04-19T13:03:35","date_gmt":"2024-04-19T10:03:35","guid":{"rendered":"https:\/\/zooprekes24.lt\/produktas\/orijen-regional-red-sunims\/"},"modified":"2026-03-31T15:47:54","modified_gmt":"2026-03-31T13:47:54","slug":"orijen-regional-red-sunims","status":"publish","type":"product","link":"https:\/\/zooprekes24.lt\/lv\/produktas\/orijen-regional-red-sunims\/","title":{"rendered":"Orijen Regional Red saus\u0101 bar\u012bba su\u0146iem"},"content":{"rendered":"<h3>Orijen Regional Red satur svaigu Angus liellopu ga\u013cu, me\u017eac\u016bkas, bizonu, Romney j\u0113ra ga\u013cu un Jork\u0161\u012bras c\u016bkga\u013cu. Viss pieg\u0101d\u0101ts svaigs saska\u0146\u0101 ar <a href=\"https:\/\/www.orijenpetfoods.co.uk\/why-orijen\/biologically-appropriate\/\" target=\"_blank\" rel=\"noopener noreferrer\">WholePrey\u2122<\/a> j\u0113dziens (kop\u0113j\u0101 laup\u012bjuma).<\/h3>\n<div class=\"food-feature\">\n<ul>\n<li>38% pilnv\u0113rt\u012bgu olbaltumvielu un ierobe\u017eotu daudzumu 18% og\u013chidr\u0101tu ar zemu glik\u0113misko indeksu, barojot visu \u0161\u0137ir\u0146u un vecuma grupu su\u0146us atbilsto\u0161i to evol\u016bcijas un <a href=\"https:\/\/www.youtube.com\/watch?v=9amHn9cr9zo&amp;t=58s\" target=\"_blank\" rel=\"noopener noreferrer\">biolo\u0123isk\u0101s vajadz\u012bbas.<\/a><\/li>\n<li>At\u0161\u0137ir\u012bb\u0101 no parast\u0101s su\u0146u bar\u012bbas 2\/3 Orijen Regional Red ga\u013cas ir svaiga (<a href=\"https:\/\/intl.orijen.ca\/lt\/orijen\/never-outsourced\/\" target=\"_blank\" rel=\"noopener noreferrer\">atdzes\u0113ts, bez konservantiem<\/a>) vai neapstr\u0101d\u0101ti (\u0101tri sasald\u0113ti, bez konservantiem), ieskaitot pirm\u0101s 10 bar\u012bbas sast\u0101vda\u013cas.<\/li>\n<li>1\/3 ga\u013cas tiek r\u016bp\u012bgi \u017e\u0101v\u0113ta 90 \u00b0C temperat\u016br\u0101, lai ieg\u016btu koncentr\u0113tu uzturv\u0113rt\u012bgu olbaltumvielu avotu.<\/li>\n<li><a href=\"https:\/\/zooprekes24.lt\/lv\/?s=orijen&amp;post_type=product&amp;product_cat=0\" target=\"_blank\" rel=\"noopener noreferrer\">Izgatavots no svaigas ga\u013cas<\/a>, org\u0101niem un skrim\u0161\u013ciem, k\u0101 ar\u012b nodro\u0161ina suni ar dab\u012bg\u0101m bar\u012bbas viel\u0101m, kas ir praktiski nepiecie\u0161amas. Pievienots tikai cinks.<\/li>\n<li>Arom\u0101tu uzlabo liofiliz\u0113tas aknas. Tas padara bar\u012bbu \u012bpa\u0161i gar\u0161\u012bgu pat vispras\u012bg\u0101kajiem \u0113d\u0101jiem.<\/li>\n<li>Izgatavots godalgot\u0101s virtuv\u0113s no lab\u0101kaj\u0101m un svaig\u0101kaj\u0101m sast\u0101vda\u013c\u0101m, <a href=\"https:\/\/www.orijenpetfoods.co.uk\/why-orijen\/biologically-appropriate\/\" target=\"_blank\" rel=\"noopener noreferrer\">Biolo\u0123iski piem\u0113rots\u2122<\/a> (Biolo\u0123iski atbilsto\u0161a) formula garant\u0113, ka j\u016bsu suns b\u016bs vesels un laim\u012bgs.<\/li>\n<\/ul>\n<\/div>","protected":false},"excerpt":{"rendered":"<p>Orijen Regional Red maisto sud\u0117tyje &#8211; \u0161vie\u017eia Angus veisl\u0117s jautiena, laukin\u0117 \u0161erniena, bizoniena, Romney \u0117riena ir Jork\u0161yro kiauliena. Viskas pristatoma \u0161vie\u017eia laikantis WholePrey\u2122 (viso grobio) koncepcijos. 38% maisting\u0173 baltym\u0173 ir ribotas kiekis 18% \u017eemo glikemijos indekso angliavandeni\u0173, puosel\u0117ja vis\u0173 veisli\u0173 ir am\u017eiaus grupi\u0173 \u0161unis pagal j\u0173 evoliucinius ir biologinius poreikius. Kitaip nei visuose \u012fprastiniuose \u0161un\u0173&#8230;<\/p>","protected":false},"featured_media":17598,"comment_status":"closed","ping_status":"closed","template":"","meta":{"_acf_changed":false,"slim_seo":{"title":"Orijen Regional Red sausas maistas \u0161unims - Zooprekes24","description":"Orijen Regional Red satur svaigu Angus liellopu ga\u013cu, me\u017eac\u016bkas, bizonu, Romney j\u0113ra ga\u013cu un Jork\u0161\u012bras c\u016bkga\u013cu. Viss pieg\u0101d\u0101ts svaigs"},"iawp_total_views":240},"product_brand":[],"product_cat":[9001,9011,9002,8999,29,31],"product_tag":[175,176,177,260,200],"class_list":{"0":"post-22590","1":"product","2":"type-product","3":"status-publish","4":"has-post-thumbnail","6":"product_cat-begrudis-maistas","7":"product_cat-orijen","8":"product_cat-sausas-maistas","9":"product_cat-sunims","10":"product_cat-sunu-maistas","11":"product_cat-sunu-prekiu-gamintojai","12":"product_tag-begrudis-maistas-sunims","13":"product_tag-begrudis-sunu-maistas","14":"product_tag-edalas-sunims","15":"product_tag-maistas-alergiskiems-sunims","16":"product_tag-super-premium-maistas-sunims","17":"pa_pasaro-sudetis-bizoniena","18":"pa_pasaro-sudetis-darzoves","19":"pa_pasaro-sudetis-eriena","20":"pa_pasaro-sudetis-jautiena","21":"pa_pasaro-sudetis-kiauliena","22":"pa_pasaro-sudetis-kiausiniai","23":"pa_pasaro-sudetis-serniena","24":"pa_pasaro-sudetis-uogos","25":"pa_pasaro-sudetis-vaisiai","26":"pa_prekiu-zenklai-orijen","27":"pa_suns-amzius-suaugusiems","28":"pa_veisles-dydis-didelems-veislems","29":"pa_veisles-dydis-mazoms-veislems","30":"pa_veisles-dydis-vidutinems-veislems","31":"pa_veisles-dydis-visu-dydziu-veislems","33":"first","34":"instock","35":"featured","36":"taxable","37":"shipping-taxable","38":"purchasable","39":"product-type-variable"},"acf":[],"_links":{"self":[{"href":"https:\/\/zooprekes24.lt\/lv\/wp-json\/wp\/v2\/product\/22590","targetHints":{"allow":["GET"]}}],"collection":[{"href":"https:\/\/zooprekes24.lt\/lv\/wp-json\/wp\/v2\/product"}],"about":[{"href":"https:\/\/zooprekes24.lt\/lv\/wp-json\/wp\/v2\/types\/product"}],"replies":[{"embeddable":true,"href":"https:\/\/zooprekes24.lt\/lv\/wp-json\/wp\/v2\/comments?post=22590"}],"wp:featuredmedia":[{"embeddable":true,"href":"https:\/\/zooprekes24.lt\/lv\/wp-json\/wp\/v2\/media\/17598"}],"wp:attachment":[{"href":"https:\/\/zooprekes24.lt\/lv\/wp-json\/wp\/v2\/media?parent=22590"}],"wp:term":[{"taxonomy":"product_brand","embeddable":true,"href":"https:\/\/zooprekes24.lt\/lv\/wp-json\/wp\/v2\/product_brand?post=22590"},{"taxonomy":"product_cat","embeddable":true,"href":"https:\/\/zooprekes24.lt\/lv\/wp-json\/wp\/v2\/product_cat?post=22590"},{"taxonomy":"product_tag","embeddable":true,"href":"https:\/\/zooprekes24.lt\/lv\/wp-json\/wp\/v2\/product_tag?post=22590"}],"curies":[{"name":"wp","href":"https:\/\/api.w.org\/{rel}","templated":true}]}}