{"id":22587,"date":"2024-04-19T13:03:35","date_gmt":"2024-04-19T10:03:35","guid":{"rendered":"https:\/\/zooprekes24.lt\/produktas\/orijen-original\/"},"modified":"2026-03-31T15:45:21","modified_gmt":"2026-03-31T13:45:21","slug":"orijen-originals","status":"publish","type":"product","link":"https:\/\/zooprekes24.lt\/lv\/produktas\/orijen-original\/","title":{"rendered":"Orijen Original saus\u0101 bar\u012bba su\u0146iem"},"content":{"rendered":"<h3>Orijen Original satur svaigu, sprostos neiekl\u0101tu vistas un t\u012btara ga\u013cu, ligzdotas olas un savva\u013cas zivis. Viss tiek pieg\u0101d\u0101ts svaigs <a href=\"https:\/\/www.orijenpetfoods.co.uk\/why-orijen\/biologically-appropriate\/\" target=\"_blank\" rel=\"noopener noreferrer\">WholePrey\u2122<\/a> j\u0113dziens (kop\u0113j\u0101 laup\u012bjuma).<\/h3>\n<div class=\"food-feature\">\n<ul>\n<li>38% pilnv\u0113rt\u012bgu olbaltumvielu un ierobe\u017eots daudzums 19% og\u013chidr\u0101tu, kas baro visu \u0161\u0137ir\u0146u un izm\u0113ru su\u0146us. <a href=\"https:\/\/www.youtube.com\/watch?v=9amHn9cr9zo&amp;t=58s\" target=\"_blank\" rel=\"noopener noreferrer\">atbilsto\u0161i to evol\u016bcijas un biolo\u0123iskaj\u0101m vajadz\u012bb\u0101m.<\/a><\/li>\n<li>At\u0161\u0137ir\u012bb\u0101 no parast\u0101s su\u0146u bar\u012bbas 2\/3 Orijen Original ga\u013cas ir svaiga (<a href=\"https:\/\/intl.orijen.ca\/lt\/orijen\/never-outsourced\/\" target=\"_blank\" rel=\"noopener noreferrer\">atdzes\u0113ts, bez konservantiem<\/a>) vai neapstr\u0101d\u0101ti (\u0101tri sasald\u0113ti, bez konservantiem), ieskaitot pirm\u0101s 10 bar\u012bbas sast\u0101vda\u013cas.<\/li>\n<li>1\/3 ga\u013cas tiek \u017e\u0101v\u0113ta 90 \u00b0C temperat\u016br\u0101 no svaigas vistas, t\u012btara un zivs ga\u013cas, lai ieg\u016btu koncentr\u0113tu uzturv\u0113rt\u012bgu olbaltumvielu avotu.<\/li>\n<li><a href=\"https:\/\/zooprekes24.lt\/lv\/?s=orijen&amp;post_type=product&amp;product_cat=0\" target=\"_blank\" rel=\"noopener noreferrer\">Pagatavots no svaigas ga\u013cas,<\/a> org\u0101nus un skrim\u0161\u013cus ar svaig\u0101m ziv\u012bm un ol\u0101m, nodro\u0161inot dabiskas uzturvielas, kas ir praktiski nepiecie\u0161amas j\u016bsu sunim.<\/li>\n<li>Arom\u0101tu uzlabo liofiliz\u0113tas vistas un t\u012btara aknas. Tas padara bar\u012bbu \u012bpa\u0161i gar\u0161\u012bgu pat vispras\u012bg\u0101kajiem su\u0146iem.<\/li>\n<li>Izgatavots godalgot\u0101s virtuv\u0113s no lab\u0101kaj\u0101m un svaig\u0101kaj\u0101m sast\u0101vda\u013c\u0101m, <a href=\"https:\/\/www.orijenpetfoods.co.uk\/why-orijen\/biologically-appropriate\/\" target=\"_blank\" rel=\"noopener noreferrer\">Biolo\u0123iski piem\u0113rots\u2122<\/a> (Biolo\u0123iski atbilsto\u0161a) formula garant\u0113, ka j\u016bsu suns b\u016bs vesels un laim\u012bgs.<\/li>\n<\/ul>\n<\/div>","protected":false},"excerpt":{"rendered":"<p>Orijen Original maisto sud\u0117tyje &#8211; \u0161vie\u017eia ne narvuose u\u017eauginta vi\u0161tiena ir kalakutiena, lizduose pad\u0117ti kiau\u0161iniai ir laukin\u0117s \u017euvys. Viskas pristatoma \u0161vie\u017eia laikantis WholePrey\u2122 (viso grobio) koncepcijos. 38% maisting\u0173 baltym\u0173 ir ribotas kiekis 19% angliavandeni\u0173, puosel\u0117ja vis\u0173 veisli\u0173 ir vis\u0173 dyd\u017ei\u0173 \u0161unis pagal j\u0173 evoliucinius ir biologinius poreikius. Kitaip nei \u012fprastiniuose \u0161un\u0173 pa\u0161aruose, 2\/3 Orijen Original&#8230;<\/p>","protected":false},"featured_media":19872,"comment_status":"closed","ping_status":"closed","template":"","meta":{"_acf_changed":false,"slim_seo":{"title":"Orijen Original sausas maistas \u0161unims - Zooprekes24","description":"Orijen Original satur svaigu, sprostos neiekl\u0101tu vistas un t\u012btara ga\u013cu, ligzdotas olas un savva\u013cas zivis. Viss tiek pieg\u0101d\u0101ts svaigs"},"iawp_total_views":240},"product_brand":[],"product_cat":[9001,9011,9002,8999,29,31],"product_tag":[175,176,177,260,200],"class_list":{"0":"post-22587","1":"product","2":"type-product","3":"status-publish","4":"has-post-thumbnail","6":"product_cat-begrudis-maistas","7":"product_cat-orijen","8":"product_cat-sausas-maistas","9":"product_cat-sunims","10":"product_cat-sunu-maistas","11":"product_cat-sunu-prekiu-gamintojai","12":"product_tag-begrudis-maistas-sunims","13":"product_tag-begrudis-sunu-maistas","14":"product_tag-edalas-sunims","15":"product_tag-maistas-alergiskiems-sunims","16":"product_tag-super-premium-maistas-sunims","17":"pa_pasaro-sudetis-darzoves","18":"pa_pasaro-sudetis-kalakutiena","19":"pa_pasaro-sudetis-kiausiniai","20":"pa_pasaro-sudetis-sirdys","21":"pa_pasaro-sudetis-uogos","22":"pa_pasaro-sudetis-vaisiai","23":"pa_pasaro-sudetis-vistiena","24":"pa_pasaro-sudetis-zuvis","25":"pa_prekiu-zenklai-orijen","26":"pa_suns-amzius-suaugusiems","27":"pa_veisles-dydis-didelems-veislems","28":"pa_veisles-dydis-mazoms-veislems","29":"pa_veisles-dydis-vidutinems-veislems","30":"pa_veisles-dydis-visu-dydziu-veislems","32":"first","33":"instock","34":"featured","35":"taxable","36":"shipping-taxable","37":"purchasable","38":"product-type-variable"},"acf":[],"_links":{"self":[{"href":"https:\/\/zooprekes24.lt\/lv\/wp-json\/wp\/v2\/product\/22587","targetHints":{"allow":["GET"]}}],"collection":[{"href":"https:\/\/zooprekes24.lt\/lv\/wp-json\/wp\/v2\/product"}],"about":[{"href":"https:\/\/zooprekes24.lt\/lv\/wp-json\/wp\/v2\/types\/product"}],"replies":[{"embeddable":true,"href":"https:\/\/zooprekes24.lt\/lv\/wp-json\/wp\/v2\/comments?post=22587"}],"wp:featuredmedia":[{"embeddable":true,"href":"https:\/\/zooprekes24.lt\/lv\/wp-json\/wp\/v2\/media\/19872"}],"wp:attachment":[{"href":"https:\/\/zooprekes24.lt\/lv\/wp-json\/wp\/v2\/media?parent=22587"}],"wp:term":[{"taxonomy":"product_brand","embeddable":true,"href":"https:\/\/zooprekes24.lt\/lv\/wp-json\/wp\/v2\/product_brand?post=22587"},{"taxonomy":"product_cat","embeddable":true,"href":"https:\/\/zooprekes24.lt\/lv\/wp-json\/wp\/v2\/product_cat?post=22587"},{"taxonomy":"product_tag","embeddable":true,"href":"https:\/\/zooprekes24.lt\/lv\/wp-json\/wp\/v2\/product_tag?post=22587"}],"curies":[{"name":"wp","href":"https:\/\/api.w.org\/{rel}","templated":true}]}}