{"id":22584,"date":"2024-04-19T13:03:35","date_gmt":"2024-04-19T10:03:35","guid":{"rendered":"https:\/\/zooprekes24.lt\/produktas\/orijen-six-fish-dog\/"},"modified":"2026-03-31T15:41:48","modified_gmt":"2026-03-31T13:41:48","slug":"orijen-sesas-zivis-suns","status":"publish","type":"product","link":"https:\/\/zooprekes24.lt\/lv\/produktas\/orijen-six-fish-dog\/","title":{"rendered":"Orijen Six Fish Dog saus\u0101 su\u0146u bar\u012bba"},"content":{"rendered":"<h3>Orijen Six Fish Dog satur nep\u0101rsp\u0113jamas kvalit\u0101tes svaigas savva\u013cas zivis, kas nozvejotas aukstajos \u016bde\u0146os pie Vank\u016bveras salas: sard\u012bnes, makreles, l\u012bdakas, asarus un j\u016brasm\u0113les. Viss tiek pieg\u0101d\u0101ts svaigs <a href=\"https:\/\/www.orijenpetfoods.co.uk\/why-orijen\/biologically-appropriate\/\" target=\"_blank\" rel=\"noopener noreferrer\">WholePrey\u2122<\/a> j\u0113dziens (kop\u0113j\u0101 laup\u012bjuma).<\/h3>\n<div class=\"food-feature\">\n<ul>\n<li>38% uzturviel\u0101m bag\u0101tas olbaltumvielas un ierobe\u017eots daudzums 18% og\u013chidr\u0101tu ar zemu glik\u0113misko indeksu. <a href=\"https:\/\/zooprekes24.lt\/lv\/?s=orijen&amp;post_type=product&amp;product_cat=0\" target=\"_blank\" rel=\"noopener noreferrer\">Orijen<\/a> baro su\u0146us<a href=\"https:\/\/www.youtube.com\/watch?v=9amHn9cr9zo&amp;t=58s\" target=\"_blank\" rel=\"noopener noreferrer\"> atbilsto\u0161i to evol\u016bcijas un biolo\u0123iskaj\u0101m vajadz\u012bb\u0101m.<\/a><\/li>\n<li>At\u0161\u0137ir\u012bb\u0101 no parast\u0101s su\u0146u bar\u012bbas 2\/3 Orijen Six Fish Dog Food sast\u0101v\u0101 eso\u0161o zivju ir svaigas (<a href=\"https:\/\/intl.orijen.ca\/lt\/orijen\/never-outsourced\/\" target=\"_blank\" rel=\"noopener noreferrer\">atdzes\u0113ts, bez konservantiem<\/a>) vai neapstr\u0101d\u0101tas (\u0101tri sasald\u0113tas, bez konservantiem), ieskaitot pirm\u0101s 6 zivju bar\u012bbas sast\u0101vda\u013cas.<\/li>\n<li>1\/3 svaigas zivs tiek r\u016bp\u012bgi \u017e\u0101v\u0113ta 90 \u00b0C temperat\u016br\u0101, lai ieg\u016btu koncentr\u0113tu uzturv\u0113rt\u012bgu olbaltumvielu avotu.<\/li>\n<li>Auksti \u017e\u0101v\u0113tas mencu aknas uzlabo gar\u0161u. Tas padara bar\u012bbu \u012bpa\u0161i gar\u0161\u012bgu pat vispras\u012bg\u0101kajiem su\u0146iem.<\/li>\n<li>Izgatavots godalgot\u0101s virtuv\u0113s no lab\u0101kaj\u0101m un svaig\u0101kaj\u0101m sast\u0101vda\u013c\u0101m, <a href=\"https:\/\/www.orijenpetfoods.co.uk\/why-orijen\/biologically-appropriate\/\" target=\"_blank\" rel=\"noopener noreferrer\">Biolo\u0123iski piem\u0113rots\u2122<\/a> (Biolo\u0123iski atbilsto\u0161a) formula garant\u0113, ka j\u016bsu suns b\u016bs vesels un laim\u012bgs.<\/li>\n<\/ul>\n<\/div>","protected":false},"excerpt":{"rendered":"<p>Orijen Six Fish Dog maisto sud\u0117tyje &#8211; neprilygstamos kokyb\u0117s \u0161vie\u017eios laukin\u0117s \u017euvys su\u017evejotos \u0161altuose vandenyse prie Vankuverio salos:\u00a0 sardin\u0117s, skumbr\u0117s, lydekos, e\u0161eriai ir j\u016br\u0173 lie\u017euviai. Viskas pristatoma \u0161vie\u017eia laikantis WholePrey\u2122 (viso grobio) koncepcijos. 38% maistingi baltymai ir ribotas kiekis 18% \u017eemo glikemijos indekso angliavandeni\u0173. Orijen maitina \u0161unis pagal j\u0173 evoliucinius ir biologinius poreikius. Kitaip nei&#8230;<\/p>","protected":false},"featured_media":19869,"comment_status":"closed","ping_status":"closed","template":"","meta":{"_acf_changed":false,"slim_seo":{"title":"Orijen Six Fish Dog sausas maistas \u0161unims - Zooprekes24","description":"Orijen Six Fish Dog satur nep\u0101rsp\u0113jamas kvalit\u0101tes svaigas savva\u013cas zivis, kas nozvejotas aukstajos \u016bde\u0146os pie Vank\u016bveras salas: sard\u012bnes, makreles, l"},"iawp_total_views":176},"product_brand":[],"product_cat":[9001,9011,9002,8999,29,31],"product_tag":[175,176,177,260,200],"class_list":{"0":"post-22584","1":"product","2":"type-product","3":"status-publish","4":"has-post-thumbnail","6":"product_cat-begrudis-maistas","7":"product_cat-orijen","8":"product_cat-sausas-maistas","9":"product_cat-sunims","10":"product_cat-sunu-maistas","11":"product_cat-sunu-prekiu-gamintojai","12":"product_tag-begrudis-maistas-sunims","13":"product_tag-begrudis-sunu-maistas","14":"product_tag-edalas-sunims","15":"product_tag-maistas-alergiskiems-sunims","16":"product_tag-super-premium-maistas-sunims","17":"pa_pasaro-sudetis-darzoves","18":"pa_pasaro-sudetis-uogos","19":"pa_pasaro-sudetis-vaisiai","20":"pa_pasaro-sudetis-zuvis","21":"pa_prekiu-zenklai-orijen","22":"pa_suns-amzius-jauniems","23":"pa_suns-amzius-senjorams","24":"pa_suns-amzius-suaugusiems","25":"pa_suns-amzius-visiems-amziams","26":"pa_veisles-dydis-didelems-veislems","27":"pa_veisles-dydis-mazoms-veislems","28":"pa_veisles-dydis-vidutinems-veislems","29":"pa_veisles-dydis-visu-dydziu-veislems","31":"first","32":"instock","33":"featured","34":"taxable","35":"shipping-taxable","36":"purchasable","37":"product-type-variable"},"acf":[],"_links":{"self":[{"href":"https:\/\/zooprekes24.lt\/lv\/wp-json\/wp\/v2\/product\/22584","targetHints":{"allow":["GET"]}}],"collection":[{"href":"https:\/\/zooprekes24.lt\/lv\/wp-json\/wp\/v2\/product"}],"about":[{"href":"https:\/\/zooprekes24.lt\/lv\/wp-json\/wp\/v2\/types\/product"}],"replies":[{"embeddable":true,"href":"https:\/\/zooprekes24.lt\/lv\/wp-json\/wp\/v2\/comments?post=22584"}],"wp:featuredmedia":[{"embeddable":true,"href":"https:\/\/zooprekes24.lt\/lv\/wp-json\/wp\/v2\/media\/19869"}],"wp:attachment":[{"href":"https:\/\/zooprekes24.lt\/lv\/wp-json\/wp\/v2\/media?parent=22584"}],"wp:term":[{"taxonomy":"product_brand","embeddable":true,"href":"https:\/\/zooprekes24.lt\/lv\/wp-json\/wp\/v2\/product_brand?post=22584"},{"taxonomy":"product_cat","embeddable":true,"href":"https:\/\/zooprekes24.lt\/lv\/wp-json\/wp\/v2\/product_cat?post=22584"},{"taxonomy":"product_tag","embeddable":true,"href":"https:\/\/zooprekes24.lt\/lv\/wp-json\/wp\/v2\/product_tag?post=22584"}],"curies":[{"name":"wp","href":"https:\/\/api.w.org\/{rel}","templated":true}]}}