{"id":22578,"date":"2024-04-19T13:03:23","date_gmt":"2024-04-19T10:03:23","guid":{"rendered":"https:\/\/zooprekes24.lt\/produktas\/brit-premium-by-nature-adult-l\/"},"modified":"2026-04-03T15:39:34","modified_gmt":"2026-04-03T13:39:34","slug":"brit-premium-by-nature-adult-l","status":"publish","type":"product","link":"https:\/\/zooprekes24.lt\/lv\/produktas\/brit-premium-by-nature-adult-l\/","title":{"rendered":"Brit Premium by Nature Adult L saus\u0101 bar\u012bba su\u0146iem"},"content":{"rendered":"<h3>Brit Premium by Nature Adult L su\u0146u bar\u012bbai, kas \u012bpa\u0161i izstr\u0101d\u0101ta lieliem (25-45 kg) pieaugu\u0161iem su\u0146iem (no 1-7 gadiem), piem\u012bt \u0161\u0101das \u012bpa\u0161\u012bbas, kas ietekm\u0113 su\u0146u vesel\u012bbu un kond\u012bciju:<\/h3>\n<ul>\n<li>Sp\u012bd\u012bgs, m\u012bksts ka\u017eoks un vesel\u012bga \u0101da - \u0161\u012bs ir \u012bpa\u0161\u012bbas, ko m\u012bl Brit Premium by Nature Adult L su\u0146i (pateicoties la\u0161a e\u013c\u013c\u0101 eso\u0161aj\u0101m Omega-3 nepies\u0101tin\u0101taj\u0101m tauksk\u0101b\u0113m).<\/li>\n<li>Stipra un vesel\u012bga sirds. Dab\u012bgie antioksidanti un omega 3 tauksk\u0101bes stiprina su\u0146u sirdi.<\/li>\n<li>Vesel\u012bgas loc\u012btavas, pateicoties glikozam\u012bnam un hondroit\u012bnam.<\/li>\n<li>Lieliska gremo\u0161ana. \u0160\u012b su\u0146u bar\u012bba satur viegli sagremojamas olbaltumvielas un taukus.<\/li>\n<li>Satur antioksidantus.<\/li>\n<\/ul>\n<h3>augu un aug\u013cu ekstrakti (rozmar\u012bns, kurkuma, citrusaug\u013ci un krustnagli\u0146as), ko satur <a href=\"https:\/\/brit-petfood.com\/en\/products\/264812-brit-premium-by-nature-adult-l\" target=\"_blank\" rel=\"noopener\">Brit Premium by Nature Adult L<\/a> su\u0146u bar\u012bb\u0101, ietekme uz su\u0146u vesel\u012bbu un izskatu:<\/h3>\n<ul>\n<li>Lielisks antioksidantu un fermentu avots, kas aizsarg\u0101 \u0161\u016bnas no boj\u0101jumiem.<\/li>\n<li>Pal\u012bdz uzlabot E vitam\u012bna uzs\u016bk\u0161anos un aizsarg\u0101 organismu pret br\u012bvajiem radik\u0101\u013ciem.<\/li>\n<li>Uzlabo \u0113diena gar\u0161u un pievilc\u012bbu.<\/li>\n<li>Pal\u012bdz uzlabot tauksk\u0101bju uzs\u016bk\u0161anos no p\u0101rtikas, t\u0101p\u0113c\u00a0<a href=\"https:\/\/zooprekes24.lt\/lv\/products\/brit-care-lassi-ella\/\" target=\"_blank\" rel=\"noopener\">uzlabo \u0101das, ka\u017eoka un loc\u012btavu vesel\u012bbu.<\/a> Pastiprina pretnoveco\u0161an\u0101s efektu.<\/li>\n<\/ul>","protected":false},"excerpt":{"rendered":"<p>\u0160un\u0173 maistas\u00a0Brit Premium by Nature Adult L,\u00a0sukurtas specialiai\u00a0dideli\u0173 veisli\u0173 (25-45 kg) suaugusiems \u0161unims (nuo 1-7 met\u0173),\u00a0pasi\u017eymi tokiomis savyb\u0117mis, turin\u010diomis \u012ftakos \u0161un\u0173 sveikatai ir b\u016bklei: Blizgantis, mink\u0161tas kailis ir sveika oda\u00a0\u2013 tokiomis savyb\u0117mis pasi\u017eymi Brit Premium by Nature Adult L m\u0117gstantys \u0161unys (d\u0117ka Omega 3 neso\u010di\u0173j\u0173 riebal\u0173 r\u016bg\u0161\u010di\u0173, esan\u010di\u0173 la\u0161i\u0161os aliejuje). Stipri ir sveika \u0161irdis.\u00a0Nat\u016bral\u016bs\u00a0antioksidantai ir&#8230;<\/p>","protected":false},"featured_media":19865,"comment_status":"closed","ping_status":"closed","template":"","meta":{"_acf_changed":false,"slim_seo":{"title":"Brit Premium by Nature Adult L sausas maistas \u0161unims - Zooprekes24","description":"Brit Premium by Nature Adult L, kas \u012bpa\u0161i izstr\u0101d\u0101ta lieliem (25-45 kg) pieaugu\u0161iem su\u0146iem (no 1-7 gadiem), piem\u012bt \u0161\u0101das \u012bpa\u0161\u012bbas."},"iawp_total_views":67},"product_brand":[],"product_cat":[9006,9002,8999,29,31],"product_tag":[353,177,260,200],"class_list":{"0":"post-22578","1":"product","2":"type-product","3":"status-publish","4":"has-post-thumbnail","6":"product_cat-brit-premium","7":"product_cat-sausas-maistas","8":"product_cat-sunims","9":"product_cat-sunu-maistas","10":"product_cat-sunu-prekiu-gamintojai","11":"product_tag-brit-sunu-edalas","12":"product_tag-edalas-sunims","13":"product_tag-maistas-alergiskiems-sunims","14":"product_tag-super-premium-maistas-sunims","15":"pa_pasaro-sudetis-uogos","16":"pa_pasaro-sudetis-vaisiai","17":"pa_pasaro-sudetis-vistiena","18":"pa_prekiu-zenklai-brit-premium","19":"pa_suns-amzius-suaugusiems","20":"pa_veisles-dydis-didelems-veislems","22":"first","23":"instock","24":"featured","25":"taxable","26":"shipping-taxable","27":"purchasable","28":"product-type-variable"},"acf":[],"_links":{"self":[{"href":"https:\/\/zooprekes24.lt\/lv\/wp-json\/wp\/v2\/product\/22578","targetHints":{"allow":["GET"]}}],"collection":[{"href":"https:\/\/zooprekes24.lt\/lv\/wp-json\/wp\/v2\/product"}],"about":[{"href":"https:\/\/zooprekes24.lt\/lv\/wp-json\/wp\/v2\/types\/product"}],"replies":[{"embeddable":true,"href":"https:\/\/zooprekes24.lt\/lv\/wp-json\/wp\/v2\/comments?post=22578"}],"wp:featuredmedia":[{"embeddable":true,"href":"https:\/\/zooprekes24.lt\/lv\/wp-json\/wp\/v2\/media\/19865"}],"wp:attachment":[{"href":"https:\/\/zooprekes24.lt\/lv\/wp-json\/wp\/v2\/media?parent=22578"}],"wp:term":[{"taxonomy":"product_brand","embeddable":true,"href":"https:\/\/zooprekes24.lt\/lv\/wp-json\/wp\/v2\/product_brand?post=22578"},{"taxonomy":"product_cat","embeddable":true,"href":"https:\/\/zooprekes24.lt\/lv\/wp-json\/wp\/v2\/product_cat?post=22578"},{"taxonomy":"product_tag","embeddable":true,"href":"https:\/\/zooprekes24.lt\/lv\/wp-json\/wp\/v2\/product_tag?post=22578"}],"curies":[{"name":"wp","href":"https:\/\/api.w.org\/{rel}","templated":true}]}}