{"id":22577,"date":"2024-04-19T13:03:23","date_gmt":"2024-04-19T10:03:23","guid":{"rendered":"https:\/\/zooprekes24.lt\/produktas\/long-feng-silikoninis-kraikas-katems-10l\/"},"modified":"2026-04-24T12:30:00","modified_gmt":"2026-04-24T10:30:00","slug":"long-feng-silikona-kaku-pakaisi-10l","status":"publish","type":"product","link":"https:\/\/zooprekes24.lt\/lv\/produktas\/long-feng-silikoninis-kraikas-katems-10l\/","title":{"rendered":"Long Feng silikona ka\u0137u pakai\u0161i 10L"},"content":{"rendered":"<h3>Long Feng silikona ka\u0137u pakai\u0161i.<\/h3>\n<ul>\n<li>Dabisks un dro\u0161s. Silikons <a href=\"https:\/\/zooprekes24.lt\/lv\/kategorija\/prekes-katems\/higienas-un-tirisanas-lidzekli-kakiem\/kraikas-katems\/\" target=\"_blank\" rel=\"noopener\">ka\u0137u pakai\u0161i<\/a> ir 100% dab\u012bgs, biolo\u0123iski no\u0101rd\u0101ms, netoksisks un videi draudz\u012bgs.<\/li>\n<li>Smar\u017eu izv\u0113le. Izv\u0113lieties no da\u017e\u0101d\u0101m produktu iesp\u0113j\u0101m - ar svaigu lavandas vai apels\u012bna arom\u0101tu un bez arom\u0101ta.<\/li>\n<li>N\u0113. Pateicoties ka\u0137u pakai\u0161u granulu \u012bpa\u0161ajai formai un izm\u0113ram, t\u0101s nepielipst pie j\u016bsu ka\u0137a ka\u017eoka un \u0137ep\u0101m, k\u0101 ar\u012b nekairina acis un ka\u0137a degunu.<\/li>\n<li>Lieliski absorb\u0113 un neitraliz\u0113 smakas.\u00a0<a href=\"https:\/\/www.youtube.com\/watch?v=J5Jk8yzu_Jg\" target=\"_blank\" rel=\"noopener\">Miljoniem mikroskopisku poru<\/a> \u0101tri uzs\u016bc \u0161\u0137idrumus k\u0101 s\u016bklis katr\u0101 granul\u0101. Smar\u017eas un net\u012brumi tiek notur\u0113ti iek\u0161pus\u0113. Silikona ka\u0137u pakai\u0161i saglab\u0101 t\u012bru gaisu un vidi.<\/li>\n<\/ul>","protected":false},"excerpt":{"rendered":"<p>Long Feng silikoninis kraikas kat\u0117ms. Nat\u016bralus ir saugus. Silikoninis ka\u010di\u0173 kraikas yra 100 procent\u0173 nat\u016bralus, skaidomas bioorganizm\u0173, netoksi\u0161kas ir ekologi\u0161kas. Kvapo pasirinkimas. Rinkit\u0117s tarp skirting\u0173 produkto variant\u0173 &#8211; su gaiviu levand\u0173 arba apelsin\u0173 aromatu bei bekvapio kraiko. Nedulka. D\u0117ka specialios ka\u010di\u0173 kraiko granuli\u0173 formos ir dyd\u017eio, jis nelimpa prie j\u016bs\u0173 kat\u0117s kailio ir leten\u0173 bei&#8230;<\/p>","protected":false},"featured_media":19863,"comment_status":"closed","ping_status":"closed","template":"","meta":{"_acf_changed":false,"slim_seo":{"title":"Long Feng silikoninis kraikas kat\u0117ms 10L - Zooprekes24","description":"Long Feng silikona ka\u0137u pakai\u0161i. Dab\u012bgs un dro\u0161s. Silikona ka\u0137u pakai\u0161i ir 100 % dabiski, biolo\u0123iski no\u0101rd\u0101mi, netoksiski un videi draudz\u012bgi."},"iawp_total_views":234},"product_brand":[],"product_cat":[78,25,9009],"product_tag":[1873],"class_list":{"0":"post-22577","1":"product","2":"type-product","3":"status-publish","4":"has-post-thumbnail","6":"product_cat-higiena-ir-prieziura-katems","7":"product_cat-katems","8":"product_cat-kraikas","9":"product_tag-cats-best-okoplus-kraikas","10":"pa_kraiko-rusis-silikagelis","11":"pa_prekiu-zenklai-long-feng","13":"first","14":"outofstock","15":"sale","16":"featured","17":"taxable","18":"shipping-taxable","19":"purchasable","20":"product-type-variable"},"acf":[],"_links":{"self":[{"href":"https:\/\/zooprekes24.lt\/lv\/wp-json\/wp\/v2\/product\/22577","targetHints":{"allow":["GET"]}}],"collection":[{"href":"https:\/\/zooprekes24.lt\/lv\/wp-json\/wp\/v2\/product"}],"about":[{"href":"https:\/\/zooprekes24.lt\/lv\/wp-json\/wp\/v2\/types\/product"}],"replies":[{"embeddable":true,"href":"https:\/\/zooprekes24.lt\/lv\/wp-json\/wp\/v2\/comments?post=22577"}],"wp:featuredmedia":[{"embeddable":true,"href":"https:\/\/zooprekes24.lt\/lv\/wp-json\/wp\/v2\/media\/19863"}],"wp:attachment":[{"href":"https:\/\/zooprekes24.lt\/lv\/wp-json\/wp\/v2\/media?parent=22577"}],"wp:term":[{"taxonomy":"product_brand","embeddable":true,"href":"https:\/\/zooprekes24.lt\/lv\/wp-json\/wp\/v2\/product_brand?post=22577"},{"taxonomy":"product_cat","embeddable":true,"href":"https:\/\/zooprekes24.lt\/lv\/wp-json\/wp\/v2\/product_cat?post=22577"},{"taxonomy":"product_tag","embeddable":true,"href":"https:\/\/zooprekes24.lt\/lv\/wp-json\/wp\/v2\/product_tag?post=22577"}],"curies":[{"name":"wp","href":"https:\/\/api.w.org\/{rel}","templated":true}]}}