{"id":22574,"date":"2024-04-19T13:03:23","date_gmt":"2024-04-19T10:03:23","guid":{"rendered":"https:\/\/zooprekes24.lt\/produktas\/brit-premium-by-nature-sport\/"},"modified":"2026-04-03T16:17:28","modified_gmt":"2026-04-03T14:17:28","slug":"brit-premium-by-nature-sport","status":"publish","type":"product","link":"https:\/\/zooprekes24.lt\/lv\/produktas\/brit-premium-by-nature-sport\/","title":{"rendered":"Brit Premium by Nature Sport saus\u0101 bar\u012bba su\u0146iem"},"content":{"rendered":"<h3>Brit Premium by Nature Sport su\u0146u bar\u012bbai, kas ir \u012bpa\u0161i izstr\u0101d\u0101ta akt\u012bviem, daudz ener\u0123ijas bag\u0101tiem pieaugu\u0161iem lielu un \u012bpa\u0161i lielu \u0161\u0137ir\u0146u su\u0146iem, piem\u012bt \u0161\u0101das \u012bpa\u0161\u012bbas, kas ietekm\u0113 su\u0146u vesel\u012bbu un kond\u012bciju:<\/h3>\n<ul>\n<li>Optim\u0101lu musku\u013cu att\u012bst\u012bbu nodro\u0161ina Brit Premium by Nature Sport su\u0146u bar\u012bb\u0101 eso\u0161\u0101s viegli sagremojam\u0101s olbaltumvielas.<\/li>\n<li>Daudz ener\u0123ijas. \u0160\u012bs bar\u012bbas \u012bpa\u0161ais sast\u0101vs atbilst su\u0146u augstaj\u0101m uztura vajadz\u012bb\u0101m.<\/li>\n<li>Lieliska gremo\u0161ana. \u0160\u012b bar\u012bba satur viegli sagremojamas olbaltumvielas un taukus.<\/li>\n<li>Sp\u0113c\u012bga imunit\u0101te. Prebiotikas (mann\u0101ns un fruktooligosahar\u012bdi) un dab\u012bgie antioksidanti stiprina su\u0146u imunit\u0101ti.<\/li>\n<li>Ieteicams \u0161\u0101d\u0101m \u0161\u0137irn\u0113m: med\u012bbu su\u0146iem, darba vai sargsu\u0146iem, dzin\u0113jsu\u0146iem. Var lietot ar\u012b su\u0146iem, kas atvese\u013cojas p\u0113c slim\u012bbas.<\/li>\n<\/ul>\n<h3>augu un aug\u013cu ekstrakti (rozmar\u012bns, kurkuma, citrusaug\u013ci un krustnagli\u0146as), ko satur <a href=\"https:\/\/brit-petfood.com\/en\/products\/264897-brit-premium-by-nature-sport\" target=\"_blank\" rel=\"noopener\">Brit Premium by Nature Sport<\/a> su\u0146u bar\u012bb\u0101, ietekme uz su\u0146u vesel\u012bbu un izskatu:<\/h3>\n<ul>\n<li>Lielisks antioksidantu un fermentu avots, kas aizsarg\u0101 \u0161\u016bnas no boj\u0101jumiem.<\/li>\n<li>Pal\u012bdz uzlabot E vitam\u012bna uzs\u016bk\u0161anos un aizsarg\u0101 organismu pret br\u012bvajiem radik\u0101\u013ciem.<\/li>\n<li>Uzlabo \u0113diena gar\u0161u un pievilc\u012bbu.<\/li>\n<li>Pal\u012bdz uzlabot tauksk\u0101bju uzs\u016bk\u0161anos no p\u0101rtikas, t\u0101p\u0113c\u00a0<a href=\"https:\/\/zooprekes24.lt\/lv\/products\/brit-care-lassi-ella\/\" target=\"_blank\" rel=\"noopener\">uzlabo \u0101das, ka\u017eoka un loc\u012btavu vesel\u012bbu<\/a>. Pastiprina pretnoveco\u0161an\u0101s efektu.<\/li>\n<\/ul>","protected":false},"excerpt":{"rendered":"<p>\u0160un\u0173 maistas Brit Premium by Nature Sport, sukurtas specialiai\u00a0aktyviems, dideli\u0173 ir ypa\u010d dideli\u0173 veisli\u0173 suaugusiems \u0161unims su dideliu energijos poreikiu,\u00a0pasi\u017eymi tokiomis savyb\u0117mis, turin\u010diomis \u012ftakos \u0161un\u0173 sveikatai ir b\u016bklei: Optimal\u0173 raumen\u0173\u00a0vystym\u0105si u\u017etikrina puikiai vir\u0161kinami baltymai, esantys Brit Premium by Nature Sport \u0161un\u0173 maisto sud\u0117tyje. Daug energijos. Ypatinga \u0161io maisto sud\u0117tis patenkina auk\u0161tus \u0161un\u0173 mitybos poreikius. Puikus&#8230;<\/p>","protected":false},"featured_media":19862,"comment_status":"closed","ping_status":"closed","template":"","meta":{"_acf_changed":false,"slim_seo":{"title":"Brit Premium by Nature Sport sausas maistas \u0161unims - Zooprekes24","description":"\u0160un\u0173 maistas Brit Premium by Nature Sport, sukurtas specialiai\u00a0aktyviems, dideli\u0173 ir ypa\u010d dideli\u0173 veisli\u0173 suaugusiems \u0161unims su dideliu energijos poreikiu,\u00a0pasi"},"iawp_total_views":43},"product_brand":[],"product_cat":[9006,9002,8999,29,31],"product_tag":[353,177,260,200],"class_list":{"0":"post-22574","1":"product","2":"type-product","3":"status-publish","4":"has-post-thumbnail","6":"product_cat-brit-premium","7":"product_cat-sausas-maistas","8":"product_cat-sunims","9":"product_cat-sunu-maistas","10":"product_cat-sunu-prekiu-gamintojai","11":"product_tag-brit-sunu-edalas","12":"product_tag-edalas-sunims","13":"product_tag-maistas-alergiskiems-sunims","14":"product_tag-super-premium-maistas-sunims","15":"pa_pasaro-sudetis-uogos","16":"pa_pasaro-sudetis-vaisiai","17":"pa_pasaro-sudetis-vistiena","18":"pa_prekiu-zenklai-brit-premium","19":"pa_suns-amzius-suaugusiems","20":"pa_veisles-dydis-didelems-veislems","21":"pa_veisles-dydis-vidutinems-veislems","23":"first","24":"instock","25":"featured","26":"taxable","27":"shipping-taxable","28":"purchasable","29":"product-type-variable"},"acf":[],"_links":{"self":[{"href":"https:\/\/zooprekes24.lt\/lv\/wp-json\/wp\/v2\/product\/22574","targetHints":{"allow":["GET"]}}],"collection":[{"href":"https:\/\/zooprekes24.lt\/lv\/wp-json\/wp\/v2\/product"}],"about":[{"href":"https:\/\/zooprekes24.lt\/lv\/wp-json\/wp\/v2\/types\/product"}],"replies":[{"embeddable":true,"href":"https:\/\/zooprekes24.lt\/lv\/wp-json\/wp\/v2\/comments?post=22574"}],"wp:featuredmedia":[{"embeddable":true,"href":"https:\/\/zooprekes24.lt\/lv\/wp-json\/wp\/v2\/media\/19862"}],"wp:attachment":[{"href":"https:\/\/zooprekes24.lt\/lv\/wp-json\/wp\/v2\/media?parent=22574"}],"wp:term":[{"taxonomy":"product_brand","embeddable":true,"href":"https:\/\/zooprekes24.lt\/lv\/wp-json\/wp\/v2\/product_brand?post=22574"},{"taxonomy":"product_cat","embeddable":true,"href":"https:\/\/zooprekes24.lt\/lv\/wp-json\/wp\/v2\/product_cat?post=22574"},{"taxonomy":"product_tag","embeddable":true,"href":"https:\/\/zooprekes24.lt\/lv\/wp-json\/wp\/v2\/product_tag?post=22574"}],"curies":[{"name":"wp","href":"https:\/\/api.w.org\/{rel}","templated":true}]}}