{"id":22558,"date":"2024-04-19T13:03:06","date_gmt":"2024-04-19T10:03:06","guid":{"rendered":"https:\/\/zooprekes24.lt\/produktas\/brit-premium-by-nature-senior-s-m\/"},"modified":"2026-04-03T16:14:42","modified_gmt":"2026-04-03T14:14:42","slug":"brit-premium-by-nature-senior-s-m","status":"publish","type":"product","link":"https:\/\/zooprekes24.lt\/lv\/produktas\/brit-premium-by-nature-senior-s-m\/","title":{"rendered":"Brit Premium by Nature Senior S\/M saus\u0101 bar\u012bba su\u0146iem"},"content":{"rendered":"<h3>Brit Premium by Nature Senior S\/M su\u0146u bar\u012bbai, kas \u012bpa\u0161i izstr\u0101d\u0101ta vec\u0101kiem vid\u0113ja lieluma su\u0146u sugu p\u0101rst\u0101vjiem, piem\u012bt \u0161\u0101das \u012bpa\u0161\u012bbas, kas ietekm\u0113 su\u0146u vesel\u012bbu un st\u0101vokli:<\/h3>\n<ul>\n<li>Pretnoveco\u0161an\u0101s faktors. \u0160aj\u0101 su\u0146u bar\u012bb\u0101 eso\u0161ais E vitam\u012bns un organiskais sel\u0113ns pal\u0113nina noveco\u0161anos un aizsarg\u0101 \u0161\u016bnas no br\u012bvajiem radik\u0101\u013ciem.<\/li>\n<li>Lieliska gremo\u0161ana. \u0160\u012b su\u0146u bar\u012bba satur viegli sagremojamas olbaltumvielas un taukus.<\/li>\n<li>Vesel\u012bgs skelets. Optim\u0101la kalcija un fosfora attiec\u012bba nodro\u0161ina vesel\u012bgus kaulus un vesel\u012bgu skeletu.<\/li>\n<li>Vesel\u012bga sirds. Omega-3 un dab\u012bgie antioksidanti stiprina sirdi.<\/li>\n<\/ul>\n<h3>5 augu un aug\u013cu ekstrakti (rozmar\u012bns, v\u012bnogu \u010dagas, kurkuma, citrusaug\u013ci un krustnagli\u0146as), ko satur <a href=\"https:\/\/brit-petfood.com\/en\/products\/264810-brit-premium-by-nature-senior-s-m\" target=\"_blank\" rel=\"noopener\">Brit Premium by Nature Senior S\/M<\/a> su\u0146u bar\u012bb\u0101, ietekme uz su\u0146u vesel\u012bbu un izskatu:<\/h3>\n<ul>\n<li>Uzlabo \u0113diena gar\u0161u un pievilc\u012bbu.<\/li>\n<li>Lielisks antioksidantu un fermentu avots, kas aizsarg\u0101 \u0161\u016bnas no boj\u0101jumiem.<\/li>\n<li>Pal\u012bdz uzlabot E vitam\u012bna uzs\u016bk\u0161anos un aizsarg\u0101 organismu pret br\u012bvajiem radik\u0101\u013ciem.<\/li>\n<li>Pal\u012bdz uzlabot tauksk\u0101bju uzs\u016bk\u0161anos no p\u0101rtikas, t\u0101p\u0113c\u00a0<a href=\"https:\/\/zooprekes24.lt\/lv\/products\/brit-care-lassi-ella\/\" target=\"_blank\" rel=\"noopener\">uzlabo \u0101das, ka\u017eoka un loc\u012btavu vesel\u012bbu<\/a>. Pastiprina pretnoveco\u0161an\u0101s efektu.<\/li>\n<\/ul>","protected":false},"excerpt":{"rendered":"<p>\u0160un\u0173 maistas Brit Premium by Nature Senior S\/M,\u00a0sukurtas specialiai\u00a0vyresnio am\u017eiaus vidutinio dyd\u017eio veisli\u0173 \u0161unims,\u00a0pasi\u017eymi tokiomis savyb\u0117mis, turin\u010diomis \u012ftakos \u0161un\u0173 sveikatai ir b\u016bklei: Anti-sen\u0117jimo veiksnys.\u00a0Vitaminas E ir organinis selenas, esantys \u0161io maisto \u0161unims sud\u0117tyje, l\u0117tina sen\u0117jim\u0105, saugo l\u0105steles nuo laisv\u0173j\u0173 radikal\u0173. Puikus vir\u0161kinimas.\u00a0\u0160io maisto \u0161unims sud\u0117tyje yra lengvai vir\u0161kinam\u0173 baltym\u0173 ir riebal\u0173. Sveikas skeletas. Optimalus kalcio&#8230;<\/p>","protected":false},"featured_media":19855,"comment_status":"closed","ping_status":"closed","template":"","meta":{"_acf_changed":false,"slim_seo":{"title":"Brit Premium by Nature Senior S\/M sausas maistas \u0161unims - Zooprekes24","description":"Brit Premium by Nature Senior S\/M, kas \u012bpa\u0161i izstr\u0101d\u0101ts vec\u0101kiem vid\u0113ja lieluma \u0161\u0137ir\u0146u dz\u012bvniekiem, piem\u012bt \u0161\u0101das \u012bpa\u0161\u012bbas."},"iawp_total_views":87},"product_brand":[],"product_cat":[9006,9002,8999,29,31],"product_tag":[353,177,200],"class_list":{"0":"post-22558","1":"product","2":"type-product","3":"status-publish","4":"has-post-thumbnail","6":"product_cat-brit-premium","7":"product_cat-sausas-maistas","8":"product_cat-sunims","9":"product_cat-sunu-maistas","10":"product_cat-sunu-prekiu-gamintojai","11":"product_tag-brit-sunu-edalas","12":"product_tag-edalas-sunims","13":"product_tag-super-premium-maistas-sunims","14":"pa_pasaro-sudetis-uogos","15":"pa_pasaro-sudetis-vaisiai","16":"pa_pasaro-sudetis-vistiena","17":"pa_prekiu-zenklai-brit-premium","18":"pa_suns-amzius-senjorams","19":"pa_veisles-dydis-mazoms-veislems","20":"pa_veisles-dydis-vidutinems-veislems","22":"first","23":"instock","24":"featured","25":"taxable","26":"shipping-taxable","27":"purchasable","28":"product-type-variable"},"acf":[],"_links":{"self":[{"href":"https:\/\/zooprekes24.lt\/lv\/wp-json\/wp\/v2\/product\/22558","targetHints":{"allow":["GET"]}}],"collection":[{"href":"https:\/\/zooprekes24.lt\/lv\/wp-json\/wp\/v2\/product"}],"about":[{"href":"https:\/\/zooprekes24.lt\/lv\/wp-json\/wp\/v2\/types\/product"}],"replies":[{"embeddable":true,"href":"https:\/\/zooprekes24.lt\/lv\/wp-json\/wp\/v2\/comments?post=22558"}],"wp:featuredmedia":[{"embeddable":true,"href":"https:\/\/zooprekes24.lt\/lv\/wp-json\/wp\/v2\/media\/19855"}],"wp:attachment":[{"href":"https:\/\/zooprekes24.lt\/lv\/wp-json\/wp\/v2\/media?parent=22558"}],"wp:term":[{"taxonomy":"product_brand","embeddable":true,"href":"https:\/\/zooprekes24.lt\/lv\/wp-json\/wp\/v2\/product_brand?post=22558"},{"taxonomy":"product_cat","embeddable":true,"href":"https:\/\/zooprekes24.lt\/lv\/wp-json\/wp\/v2\/product_cat?post=22558"},{"taxonomy":"product_tag","embeddable":true,"href":"https:\/\/zooprekes24.lt\/lv\/wp-json\/wp\/v2\/product_tag?post=22558"}],"curies":[{"name":"wp","href":"https:\/\/api.w.org\/{rel}","templated":true}]}}