{"id":22525,"date":"2024-04-19T13:02:37","date_gmt":"2024-04-19T10:02:37","guid":{"rendered":"https:\/\/zooprekes24.lt\/produktas\/royal-canin-mini-puppy\/"},"modified":"2026-02-27T12:00:23","modified_gmt":"2026-02-27T10:00:23","slug":"royal-canin-mini-kucens","status":"publish","type":"product","link":"https:\/\/zooprekes24.lt\/lv\/produktas\/royal-canin-mini-puppy\/","title":{"rendered":"Royal Canin Mini Puppy saus\u0101 bar\u012bba kuc\u0113niem"},"content":{"rendered":"<h3>Royal Canin Mini Puppy -\u00a0<a href=\"https:\/\/www.royalcanin.com\/lt\/tailored-nutrition\" target=\"_blank\" rel=\"noopener\">\u012bpa\u0161i sabalans\u0113ts<\/a> saus\u0101 bar\u012bba mazo \u0161\u0137ir\u0146u kuc\u0113niem (l\u012bdz 10 kg) l\u012bdz 10 m\u0113ne\u0161u vecumam. Stiprina kuc\u0113na dabisko aizsargsp\u0113ju, nodro\u0161ina harmonisku aug\u0161anu un nov\u0113r\u0161 zobakmens veido\u0161anos.<\/h3>\n<ul>\n<li><a href=\"https:\/\/www.royalcanin.com\/lt\/about-us\/quality-and-food-safety\" target=\"_blank\" rel=\"noopener noreferrer\">Antioksidantu komplekss<\/a> un mann\u0101na oligosahar\u012bdi stiprina kuc\u0113nu dabisk\u0101s aizsargsp\u0113jas.<\/li>\n<li>Piel\u0101gots ener\u0123ijas saturs un augsts olbaltumvielu saturs nodro\u0161ina harmonisku aug\u0161anu.<\/li>\n<li>Royal Canin Mini Puppy ir piem\u0113rots kuc\u0113niem ar jut\u012bgu gremo\u0161anas sist\u0113mu. <a href=\"https:\/\/zooprekes24.lt\/lv\/?s=%C5%A1uniukams&amp;post_type=product&amp;product_cat=0\" target=\"_blank\" rel=\"noopener noreferrer\">kuc\u0113niem<\/a>.<\/li>\n<li>Apmierina pat vispras\u012bg\u0101ko apet\u012bti.<\/li>\n<li><a href=\"https:\/\/www.youtube.com\/watch?reload=9&amp;reload=9&amp;v=FYwO1fiYoa8\" target=\"_blank\" rel=\"noopener noreferrer\">Ekskluz\u012bva uzturvielu kombin\u0101cija<\/a> nodro\u0161ina labu gremo\u0161anas funkciju (L.I.P. olbaltumvielas) un uztur zarnu floras l\u012bdzsvaru (prebiotikas), t\u0101d\u0113j\u0101di uzlabojot fek\u0101liju kvalit\u0101ti.<\/li>\n<li>Aug\u0161anas sezonas laik\u0101 tiek apmierin\u0101ts augsts ener\u0123ijas piepras\u012bjums.<\/li>\n<\/ul>\n<p><img loading=\"lazy\" decoding=\"async\" class=\"\" src=\"https:\/\/zooprekes24.lt\/wp-content\/uploads\/dachsund-puppy-start-of-life-emblematic-8.jpeg\" width=\"350\" height=\"193\" \/><\/p>","protected":false},"excerpt":{"rendered":"<p>Royal Canin Mini Puppy &#8211;\u00a0specialiai subalansuotas ma\u017e\u0173 veisli\u0173 \u0161uniuk\u0173 (iki 10 kg) sausas maistas iki 10 m\u0117nesi\u0173 am\u017eiaus. Stiprina nat\u016brali\u0105 \u0161uniuko organizmo apsaug\u0105, u\u017etikrina harmoning\u0105 augim\u0105 bei stabdo dant\u0173 akmen\u0173 formavim\u0105si. Antioksidant\u0173 kompleksas ir manano-oligosacharidai stiprina nat\u016brali\u0105 \u0161uniuk\u0173 organizmo apsaug\u0105. Adaptuotas energijos kiekis ir didelis baltym\u0173 kiekis\u00a0u\u017etikrina harmoning\u0105 augim\u0105. Royal Canin Mini Puppy tinkamas jautri\u0105&#8230;<\/p>","protected":false},"featured_media":19838,"comment_status":"closed","ping_status":"closed","template":"","meta":{"_acf_changed":false,"slim_seo":{"title":"Royal Canin Mini Puppy sausas maistas \u0161uniukams - Zooprekes24","description":"Royal Canin Mini Puppy ir \u012bpa\u0161i sabalans\u0113ta saus\u0101 bar\u012bba mazo \u0161\u0137ir\u0146u kuc\u0113niem (l\u012bdz 10 kg) vecum\u0101 l\u012bdz 10 m\u0113ne\u0161iem. Stiprina kuc\u0113na dabisko organismu"},"iawp_total_views":1010},"product_brand":[],"product_cat":[9012,9002,8999,29,31],"product_tag":[176,177,200],"class_list":{"0":"post-22525","1":"product","2":"type-product","3":"status-publish","4":"has-post-thumbnail","6":"product_cat-royal-canin","7":"product_cat-sausas-maistas","8":"product_cat-sunims","9":"product_cat-sunu-maistas","10":"product_cat-sunu-prekiu-gamintojai","11":"product_tag-begrudis-sunu-maistas","12":"product_tag-edalas-sunims","13":"product_tag-super-premium-maistas-sunims","14":"pa_pasaro-sudetis-ryziai","15":"pa_pasaro-sudetis-vistiena","16":"pa_prekiu-zenklai-royal-canin","17":"pa_suns-amzius-jauniems","18":"pa_veisles-dydis-mazoms-veislems","20":"first","21":"instock","22":"sale","23":"featured","24":"taxable","25":"shipping-taxable","26":"purchasable","27":"product-type-variable"},"acf":[],"_links":{"self":[{"href":"https:\/\/zooprekes24.lt\/lv\/wp-json\/wp\/v2\/product\/22525","targetHints":{"allow":["GET"]}}],"collection":[{"href":"https:\/\/zooprekes24.lt\/lv\/wp-json\/wp\/v2\/product"}],"about":[{"href":"https:\/\/zooprekes24.lt\/lv\/wp-json\/wp\/v2\/types\/product"}],"replies":[{"embeddable":true,"href":"https:\/\/zooprekes24.lt\/lv\/wp-json\/wp\/v2\/comments?post=22525"}],"wp:featuredmedia":[{"embeddable":true,"href":"https:\/\/zooprekes24.lt\/lv\/wp-json\/wp\/v2\/media\/19838"}],"wp:attachment":[{"href":"https:\/\/zooprekes24.lt\/lv\/wp-json\/wp\/v2\/media?parent=22525"}],"wp:term":[{"taxonomy":"product_brand","embeddable":true,"href":"https:\/\/zooprekes24.lt\/lv\/wp-json\/wp\/v2\/product_brand?post=22525"},{"taxonomy":"product_cat","embeddable":true,"href":"https:\/\/zooprekes24.lt\/lv\/wp-json\/wp\/v2\/product_cat?post=22525"},{"taxonomy":"product_tag","embeddable":true,"href":"https:\/\/zooprekes24.lt\/lv\/wp-json\/wp\/v2\/product_tag?post=22525"}],"curies":[{"name":"wp","href":"https:\/\/api.w.org\/{rel}","templated":true}]}}