{"id":22523,"date":"2024-04-19T13:02:37","date_gmt":"2024-04-19T10:02:37","guid":{"rendered":"https:\/\/zooprekes24.lt\/produktas\/royal-canin-mini-adult\/"},"modified":"2026-02-27T12:02:49","modified_gmt":"2026-02-27T10:02:49","slug":"royal-canin-mini-adult","status":"publish","type":"product","link":"https:\/\/zooprekes24.lt\/lv\/produktas\/royal-canin-mini-adult\/","title":{"rendered":"Royal Canin Mini Adult saus\u0101 bar\u012bba su\u0146iem"},"content":{"rendered":"<h3>Royal Canin Mini Adult -\u00a0<a href=\"https:\/\/www.royalcanin.com\/lt\/tailored-nutrition\" target=\"_blank\" rel=\"noopener\">\u012bpa\u0161i sabalans\u0113ts<\/a> Saus\u0101 bar\u012bba pieaugu\u0161iem mazo \u0161\u0137ir\u0146u su\u0146iem (l\u012bdz 10 kg) no 1 gada vecuma. \u012apa\u0161i gar\u0161\u012bga formula, kas atbilst mazo \u0161\u0137ir\u0146u pieaugu\u0161o su\u0146u vajadz\u012bb\u0101m.<\/h3>\n<ul>\n<li><a href=\"https:\/\/www.youtube.com\/watch?reload=9&amp;reload=9&amp;v=FYwO1fiYoa8\" target=\"_blank\" rel=\"noopener noreferrer\">\u012apa\u0161a konsistence sasmalcin\u0101tiem p\u0101rtikas produktiem<\/a>forma un izm\u0113rs, <a href=\"https:\/\/www.royalcanin.com\/lt\/about-us\/quality-and-food-safety\" target=\"_blank\" rel=\"noopener noreferrer\">r\u016bp\u012bgi atlas\u012btas uzturvielas un dab\u012bgas gar\u0161as vielas.<\/a> Nodro\u0161ina, ka bar\u012bba pat vispras\u012bg\u0101kajam sunim patiks.<\/li>\n<li>Bar\u012bb\u0101 eso\u0161\u0101s s\u0113ru saturo\u0161\u0101s aminosk\u0101bes (metion\u012bns un cist\u012bns), Omega-6 tauksk\u0101bes un A vitam\u012bns nodro\u0161ina skaistu, vesel\u012bgu un sp\u012bd\u012bgu ka\u017eoku.<\/li>\n<li>Zobakmens veido\u0161an\u0101s aptur\u0113\u0161ana. N\u0101trija polifosf\u0101ti, kas sadala kalciju siekal\u0101s, nov\u0113r\u0161 zobakmens veido\u0161anos.<\/li>\n<li>Royal Canin Mini Adult <a href=\"https:\/\/zooprekes24.lt\/lv\/?s=small+%C5%A1unims&amp;post_type=product&amp;product_cat=0\" target=\"_blank\" rel=\"noopener noreferrer\">pal\u012bdz uztur\u0113t vesel\u012bgu svaru maz\u0101m \u0161\u0137irn\u0113m.<\/a>lieliski apmierina vi\u0146u augst\u0101s ener\u0123ijas vajadz\u012bbas.<\/li>\n<\/ul>\n<p><img loading=\"lazy\" decoding=\"async\" class=\"alignnone wp-image-28039\" src=\"https:\/\/zooprekes24.lt\/wp-content\/uploads\/3-2.jpg\" alt=\"Royal Canin Mini Adult konservu bar\u012bba su\u0146iem\" width=\"350\" height=\"251\" srcset=\"https:\/\/zooprekes24.lt\/wp-content\/uploads\/3-2.jpg 689w, https:\/\/zooprekes24.lt\/wp-content\/uploads\/3-2-300x215.jpg 300w, https:\/\/zooprekes24.lt\/wp-content\/uploads\/3-2-600x430.jpg 600w, https:\/\/zooprekes24.lt\/wp-content\/uploads\/3-2-64x46.jpg 64w\" sizes=\"auto, (max-width: 350px) 100vw, 350px\" \/><\/p>","protected":false},"excerpt":{"rendered":"<p>Royal Canin Mini Adult &#8211;\u00a0specialiai subalansuotas suaugusi\u0173, ma\u017e\u0173 veisli\u0173 veisli\u0173 (iki 10kg) \u0161un\u0173 sausas maistas nuo 1 met\u0173 am\u017eiaus.\u00a0Ypatingai gardi formul\u0117 i\u0161kirtinai ma\u017e\u0173 veisli\u0173, suaugusi\u0173 \u0161un\u0173 poreikiams patenkinti. Speciali smulkinto maisto konsistencija, forma ir dydis, kruop\u0161\u010diai atrinktos maistin\u0117s ir nat\u016bralios kvapiosios med\u017eiagos u\u017etikrina, kad pa\u0161aras patiks net i\u0161rankiausiam \u0161uniui. Maisto sud\u0117tyje esan\u010dios sieros turin\u010dios aminor\u016bg\u0161tys&#8230;<\/p>","protected":false},"featured_media":26130,"comment_status":"closed","ping_status":"closed","template":"","meta":{"_acf_changed":false,"slim_seo":{"title":"Royal Canin Mini Adult sausas maistas \u0161unims - Zooprekes24","description":"Royal Canin Mini Adult ir \u012bpa\u0161i sabalans\u0113ta saus\u0101 bar\u012bba pieaugu\u0161iem mazo \u0161\u0137ir\u0146u (l\u012bdz 10 kg) su\u0146iem no 1 gada vecuma. \u012apa\u0161i gar\u0161\u012bga formula no"},"iawp_total_views":559},"product_brand":[],"product_cat":[9012,9002,8999,29,31],"product_tag":[176,177,200],"class_list":{"0":"post-22523","1":"product","2":"type-product","3":"status-publish","4":"has-post-thumbnail","6":"product_cat-royal-canin","7":"product_cat-sausas-maistas","8":"product_cat-sunims","9":"product_cat-sunu-maistas","10":"product_cat-sunu-prekiu-gamintojai","11":"product_tag-begrudis-sunu-maistas","12":"product_tag-edalas-sunims","13":"product_tag-super-premium-maistas-sunims","14":"pa_pasaro-sudetis-ryziai","15":"pa_pasaro-sudetis-vistiena","16":"pa_prekiu-zenklai-royal-canin","17":"pa_suns-amzius-suaugusiems","18":"pa_veisles-dydis-mazoms-veislems","20":"first","21":"instock","22":"sale","23":"featured","24":"taxable","25":"shipping-taxable","26":"purchasable","27":"product-type-variable"},"acf":[],"_links":{"self":[{"href":"https:\/\/zooprekes24.lt\/lv\/wp-json\/wp\/v2\/product\/22523","targetHints":{"allow":["GET"]}}],"collection":[{"href":"https:\/\/zooprekes24.lt\/lv\/wp-json\/wp\/v2\/product"}],"about":[{"href":"https:\/\/zooprekes24.lt\/lv\/wp-json\/wp\/v2\/types\/product"}],"replies":[{"embeddable":true,"href":"https:\/\/zooprekes24.lt\/lv\/wp-json\/wp\/v2\/comments?post=22523"}],"wp:featuredmedia":[{"embeddable":true,"href":"https:\/\/zooprekes24.lt\/lv\/wp-json\/wp\/v2\/media\/26130"}],"wp:attachment":[{"href":"https:\/\/zooprekes24.lt\/lv\/wp-json\/wp\/v2\/media?parent=22523"}],"wp:term":[{"taxonomy":"product_brand","embeddable":true,"href":"https:\/\/zooprekes24.lt\/lv\/wp-json\/wp\/v2\/product_brand?post=22523"},{"taxonomy":"product_cat","embeddable":true,"href":"https:\/\/zooprekes24.lt\/lv\/wp-json\/wp\/v2\/product_cat?post=22523"},{"taxonomy":"product_tag","embeddable":true,"href":"https:\/\/zooprekes24.lt\/lv\/wp-json\/wp\/v2\/product_tag?post=22523"}],"curies":[{"name":"wp","href":"https:\/\/api.w.org\/{rel}","templated":true}]}}