{"id":22521,"date":"2024-04-19T13:02:37","date_gmt":"2024-04-19T10:02:37","guid":{"rendered":"https:\/\/zooprekes24.lt\/produktas\/royal-canin-yorkshire-terrier-adult\/"},"modified":"2026-02-27T11:22:16","modified_gmt":"2026-02-27T09:22:16","slug":"royal-canin-jorksiras-terjers-pieaugusajiem","status":"publish","type":"product","link":"https:\/\/zooprekes24.lt\/lv\/produktas\/royal-canin-yorkshire-terrier-adult\/","title":{"rendered":"Royal Canin Jork\u0161\u012bras terjers Pieaugu\u0161o saus\u0101 bar\u012bba su\u0146iem"},"content":{"rendered":"<h3>Royal Canin Yorkshire Terrier Adult ir pilnv\u0113rt\u012bga saus\u0101 bar\u012bba pieaugu\u0161iem Jork\u0161\u012bras terjeriem. Pat <a href=\"https:\/\/www.youtube.com\/watch?reload=9&amp;reload=9&amp;v=FYwO1fiYoa8\" target=\"_blank\" rel=\"noopener noreferrer\">vispras\u012bg\u0101kajiem su\u0146iem<\/a> \u0112diens, kas jums pat\u012bk, pal\u012bdz saglab\u0101t skaistu ka\u017eoku, pie\u0161\u0137ir dz\u012bv\u012bgumu un nov\u0113r\u0161 zobakmens veido\u0161anos.<\/h3>\n<ul>\n<li>Optim\u0101ls s\u0113ra saturo\u0161u aminosk\u0101bju daudzums p\u0101rtik\u0101 ir b\u016btisks matu kerat\u012bna sint\u0113zei, kas pal\u012bdz saglab\u0101t apmatojumu.<\/li>\n<li>Gur\u0137u e\u013c\u013ca, tauksk\u0101bes un vitam\u012bni <a href=\"https:\/\/zooprekes24.lt\/lv\/products\/brit-care-lassi-ella\/\" target=\"_blank\" rel=\"noopener noreferrer\">Pie\u0161\u0137ir ka\u017eokam sp\u012bdumu, maigumu un mitrumu.<\/a>.<\/li>\n<li>P\u0101rtik\u0101 eso\u0161\u0101s hel\u0101tus saturo\u0161\u0101s vielas nov\u0113r\u0161 zobakmens veido\u0161anos.<\/li>\n<li><a href=\"https:\/\/www.royalcanin.com\/lt\/about-us\/quality-and-food-safety\" target=\"_blank\" rel=\"noopener noreferrer\">Izcilu gar\u0161u kombin\u0101cija<\/a> apmierin\u0101s pat vispras\u012bg\u0101ko gard\u0113\u017eu apet\u012bti.<\/li>\n<\/ul>\n<p><img loading=\"lazy\" decoding=\"async\" class=\"alignnone wp-image-26178\" src=\"https:\/\/zooprekes24.lt\/wp-content\/uploads\/yorkshire-terrier.jpg\" alt=\"Royal Canin Jork\u0161\u012bras terjera logotips\" width=\"350\" height=\"262\" srcset=\"https:\/\/zooprekes24.lt\/wp-content\/uploads\/yorkshire-terrier.jpg 640w, https:\/\/zooprekes24.lt\/wp-content\/uploads\/yorkshire-terrier-300x225.jpg 300w, https:\/\/zooprekes24.lt\/wp-content\/uploads\/yorkshire-terrier-600x450.jpg 600w, https:\/\/zooprekes24.lt\/wp-content\/uploads\/yorkshire-terrier-64x48.jpg 64w\" sizes=\"auto, (max-width: 350px) 100vw, 350px\" \/><\/p>","protected":false},"excerpt":{"rendered":"<p>Royal Canin Yorkshire Terrier Adult &#8211; visavertis sausas maistas skirtas suaugusiems Jork\u0161yro terjerams. Net ir i\u0161rankiausiems \u0161unims patinkantis maistas padeda i\u0161laikyti gra\u017e\u0173 kail\u012f, suteikia gyvybingumo bei stabdo dant\u0173 akmen\u0173 susidarym\u0105. Optimalus sieros turin\u010di\u0173 aminor\u016bg\u0161\u010di\u0173 kiekis esantis maiste yra b\u016btinas plauk\u0173 keratino sintezei, kuris padeda puosel\u0117ti kailiuk\u0105. Agurkl\u0117s aliejus, riebal\u0173 r\u016bg\u0161tys ir vitaminai suteikia kailiui \u017evilgesio,&#8230;<\/p>","protected":false},"featured_media":19834,"comment_status":"closed","ping_status":"closed","template":"","meta":{"_acf_changed":false,"slim_seo":{"title":"Royal Canin Yorkshire Terrier Adult sausas maistas \u0161unims - Zooprekes24","description":"Royal Canin Yorkshire Terrier Adult ir pilnv\u0113rt\u012bga saus\u0101 bar\u012bba pieaugu\u0161iem Jork\u0161\u012bras terjeriem. Bar\u012bba, kas pat visizv\u0113l\u012bg\u0101kajiem su\u0146iem patiks, jo t\u0101 pal\u012bdz"},"iawp_total_views":376},"product_brand":[],"product_cat":[9012,9002,8999,29,31],"product_tag":[176,177,1407,200],"class_list":{"0":"post-22521","1":"product","2":"type-product","3":"status-publish","4":"has-post-thumbnail","6":"product_cat-royal-canin","7":"product_cat-sausas-maistas","8":"product_cat-sunims","9":"product_cat-sunu-maistas","10":"product_cat-sunu-prekiu-gamintojai","11":"product_tag-begrudis-sunu-maistas","12":"product_tag-edalas-sunims","13":"product_tag-royal-canin-jorksyrams","14":"product_tag-super-premium-maistas-sunims","15":"pa_pasaro-sudetis-ryziai","16":"pa_pasaro-sudetis-vistiena","17":"pa_prekiu-zenklai-royal-canin","18":"pa_suns-amzius-suaugusiems","19":"pa_veisles-dydis-mazoms-veislems","21":"first","22":"instock","23":"sale","24":"featured","25":"taxable","26":"shipping-taxable","27":"purchasable","28":"product-type-variable"},"acf":[],"_links":{"self":[{"href":"https:\/\/zooprekes24.lt\/lv\/wp-json\/wp\/v2\/product\/22521","targetHints":{"allow":["GET"]}}],"collection":[{"href":"https:\/\/zooprekes24.lt\/lv\/wp-json\/wp\/v2\/product"}],"about":[{"href":"https:\/\/zooprekes24.lt\/lv\/wp-json\/wp\/v2\/types\/product"}],"replies":[{"embeddable":true,"href":"https:\/\/zooprekes24.lt\/lv\/wp-json\/wp\/v2\/comments?post=22521"}],"wp:featuredmedia":[{"embeddable":true,"href":"https:\/\/zooprekes24.lt\/lv\/wp-json\/wp\/v2\/media\/19834"}],"wp:attachment":[{"href":"https:\/\/zooprekes24.lt\/lv\/wp-json\/wp\/v2\/media?parent=22521"}],"wp:term":[{"taxonomy":"product_brand","embeddable":true,"href":"https:\/\/zooprekes24.lt\/lv\/wp-json\/wp\/v2\/product_brand?post=22521"},{"taxonomy":"product_cat","embeddable":true,"href":"https:\/\/zooprekes24.lt\/lv\/wp-json\/wp\/v2\/product_cat?post=22521"},{"taxonomy":"product_tag","embeddable":true,"href":"https:\/\/zooprekes24.lt\/lv\/wp-json\/wp\/v2\/product_tag?post=22521"}],"curies":[{"name":"wp","href":"https:\/\/api.w.org\/{rel}","templated":true}]}}