{"id":22517,"date":"2024-04-19T13:02:37","date_gmt":"2024-04-19T10:02:37","guid":{"rendered":"https:\/\/zooprekes24.lt\/produktas\/royal-canin-urinary-care-katems\/"},"modified":"2026-02-27T06:17:21","modified_gmt":"2026-02-27T04:17:21","slug":"royal-canin-urina-kopsanas-lidzekli","status":"publish","type":"product","link":"https:\/\/zooprekes24.lt\/lv\/produktas\/royal-canin-urinary-care-katems\/","title":{"rendered":"Royal Canin Urinary Care saus\u0101 bar\u012bba ka\u0137iem"},"content":{"rendered":"<h3>Royal Canin Urinary Care ir sabalans\u0113ta sausa ka\u0137u bar\u012bba, <a href=\"https:\/\/zooprekes24.lt\/lv\/products\/royal-canin-urinary-care-konservas-padaze-85-g\/\" target=\"_blank\" rel=\"noopener noreferrer\">lai aizsarg\u0101tu ur\u012bnce\u013cu<\/a>. Ja main\u0101s ur\u012bna pH, rodas labv\u0113l\u012bgi apst\u0101k\u013ci krist\u0101lu veido\u0161anai. Krist\u0101li var izrais\u012bt ka\u0137a ur\u012bnce\u013cu boj\u0101jumus. <a href=\"https:\/\/www.youtube.com\/watch?reload=9&amp;reload=9&amp;v=FYwO1fiYoa8\" target=\"_blank\" rel=\"noopener noreferrer\">L\u012bdzsvarots uzturs<\/a> var pasarg\u0101t j\u016bsu m\u012bluli no krist\u0101lu veido\u0161an\u0101s ur\u012bnce\u013cos.<\/h3>\n<ul>\n<li><a href=\"https:\/\/www.royalcanin.com\/lt\/about-us\/quality-and-food-safety\" target=\"_blank\" rel=\"noopener noreferrer\">\u012apa\u0161i izstr\u0101d\u0101ta bar\u012bba<\/a>lai pal\u012bdz\u0113tu uztur\u0113t vesel\u012bgus ur\u012bnce\u013cus un pareizo pH vidi, kas nov\u0113r\u0161 krist\u0101lu veido\u0161anos.<\/li>\n<li>Efekts ir redzams 10 dienu laik\u0101 p\u0113c \u0161\u012bs bar\u012bbas izbaro\u0161anas. Saska\u0146\u0101 ar Royal Canin 2014. gad\u0101 veiktajiem iek\u0161\u0113jiem p\u0113t\u012bjumiem ir pier\u0101d\u012bts, ka \u0161\u012b bar\u012bba ietekm\u0113 struv\u012bta akme\u0146us.<\/li>\n<li>Royal Canin Urinary Care bar\u012bba mudina j\u016bsu ka\u0137i \u0161\u0137\u012bst vair\u0101k \u016bdens, t\u0101d\u0113j\u0101di at\u0161\u0137aidot ur\u012bnu un uzturot vesel\u012bgus ur\u012bnce\u013cus.<\/li>\n<\/ul>\n<p><img loading=\"lazy\" decoding=\"async\" class=\"\" src=\"https:\/\/zooprekes24.lt\/wp-content\/uploads\/bc37h-hub-laperm-adult-black-and-white-10.jpeg\" width=\"350\" height=\"263\" \/><\/p>","protected":false},"excerpt":{"rendered":"<p>Royal Canin Urinary Care &#8211; subalansuotas sausas ka\u010di\u0173 pa\u0161aras, skirtas \u0161lapimo takams apsaugoti. Kai \u0161lapimo pH terp\u0117 yra pakitusi, susidaro palankios s\u0105lygos formuotis kristalams. Kristalai gali pakenkti kat\u0117s \u0161lapimo tak\u0173 sistemai. Subalansuota mityba gali apsaugoti J\u016bs\u0173 augintin\u012f nuo kristal\u0173 susidarymo \u0161lapimo takuose. Pa\u0161aras sukurtas pagal speciali\u0105 formul\u0119, padedan\u010di\u0105 palaikyti sveik\u0105 \u0161lapimo tak\u0173 sistem\u0105 ir reikiam\u0105&#8230;<\/p>","protected":false},"featured_media":19832,"comment_status":"closed","ping_status":"closed","template":"","meta":{"_acf_changed":false,"slim_seo":{"title":"Royal Canin Urinary Care sausas maistas kat\u0117ms - Zooprekes24","description":"Royal Canin Urinary Care ir sabalans\u0113ta saus\u0101 ka\u0137u bar\u012bba, kas paredz\u0113ta ur\u012bnce\u013cu aizsardz\u012bbai. Ja ur\u012bna pH ir izmain\u012bts, apst\u0101k\u013ci ir labv\u0113l\u012bgi."},"iawp_total_views":582},"product_brand":[],"product_cat":[72,83,25,9019,9016],"product_tag":[1671,1675,1682,1696],"class_list":{"0":"post-22517","1":"product","2":"type-product","3":"status-publish","4":"has-post-thumbnail","6":"product_cat-kaciu-maistas","7":"product_cat-kaciu-prekiu-gamintojai","8":"product_cat-katems","9":"product_cat-royal-canin-kaciu-prekiu-gamintojai","10":"product_cat-sausas-maistas-kaciu-maistas","11":"product_tag-begrudis-kaciu-maistas","12":"product_tag-kaciu-edalas","13":"product_tag-kaciu-maistas-super-premium-klases","14":"product_tag-super-premium-maistas-katems","15":"pa_pasaro-sudetis-ryziai","16":"pa_pasaro-sudetis-vistiena","17":"pa_prekiu-zenklai-royal-canin","19":"first","20":"instock","21":"sale","22":"featured","23":"taxable","24":"shipping-taxable","25":"purchasable","26":"product-type-variable"},"acf":[],"_links":{"self":[{"href":"https:\/\/zooprekes24.lt\/lv\/wp-json\/wp\/v2\/product\/22517","targetHints":{"allow":["GET"]}}],"collection":[{"href":"https:\/\/zooprekes24.lt\/lv\/wp-json\/wp\/v2\/product"}],"about":[{"href":"https:\/\/zooprekes24.lt\/lv\/wp-json\/wp\/v2\/types\/product"}],"replies":[{"embeddable":true,"href":"https:\/\/zooprekes24.lt\/lv\/wp-json\/wp\/v2\/comments?post=22517"}],"wp:featuredmedia":[{"embeddable":true,"href":"https:\/\/zooprekes24.lt\/lv\/wp-json\/wp\/v2\/media\/19832"}],"wp:attachment":[{"href":"https:\/\/zooprekes24.lt\/lv\/wp-json\/wp\/v2\/media?parent=22517"}],"wp:term":[{"taxonomy":"product_brand","embeddable":true,"href":"https:\/\/zooprekes24.lt\/lv\/wp-json\/wp\/v2\/product_brand?post=22517"},{"taxonomy":"product_cat","embeddable":true,"href":"https:\/\/zooprekes24.lt\/lv\/wp-json\/wp\/v2\/product_cat?post=22517"},{"taxonomy":"product_tag","embeddable":true,"href":"https:\/\/zooprekes24.lt\/lv\/wp-json\/wp\/v2\/product_tag?post=22517"}],"curies":[{"name":"wp","href":"https:\/\/api.w.org\/{rel}","templated":true}]}}