{"id":22515,"date":"2024-04-19T13:01:51","date_gmt":"2024-04-19T10:01:51","guid":{"rendered":"https:\/\/zooprekes24.lt\/produktas\/royal-canin-hair-and-skin-care\/"},"modified":"2026-02-27T06:33:16","modified_gmt":"2026-02-27T04:33:16","slug":"royal-canin-matu-un-adas-kopsana","status":"publish","type":"product","link":"https:\/\/zooprekes24.lt\/lv\/produktas\/royal-canin-hair-and-skin-care\/","title":{"rendered":"Royal Canin saus\u0101 ka\u0137u bar\u012bba Hair &amp; Skin Care"},"content":{"rendered":"<h3>Royal Canin matu un \u0101das kop\u0161anas l\u012bdzek\u013ci - p\u0101rtik\u0101 <a href=\"https:\/\/www.youtube.com\/watch?reload=9&amp;reload=9&amp;v=FYwO1fiYoa8\" target=\"_blank\" rel=\"noopener noreferrer\">\u012bpa\u0161a, prec\u012bzi sabalans\u0113ta formula<\/a>lai pal\u012bdz\u0113tu saglab\u0101t j\u016bsu m\u012blu\u013ca vesel\u012bgu \u0101du un ka\u017eoku. Ir pier\u0101d\u012bts, ka \u0161\u012b bar\u012bba var pal\u012bdz\u0113t j\u016bsu ka\u0137a ka\u017eokam s\u0101kt sp\u012bd\u0113t jau p\u0113c 21 dienas.<\/h3>\n<ul>\n<li>Pieaugu\u0161iem ka\u0137iem ar jut\u012bgu \u0101du un v\u0101ju ka\u017eoku.<\/li>\n<li><a href=\"https:\/\/www.royalcanin.com\/lt\/about-us\/quality-and-food-safety\" target=\"_blank\" rel=\"noopener noreferrer\">Ar r\u016bp\u012bgi atlas\u012btiem materi\u0101liem<\/a>lai pal\u012bdz\u0113tu saglab\u0101t j\u016bsu m\u012blu\u013ca \u0101du vesel\u012bgu.<\/li>\n<li>Aminosk\u0101bju, B vitam\u012bna, cinka un vara kombin\u0101cija, stimul\u0113jot kerat\u012bna sint\u0113zi, nodro\u0161ina ka\u0137a ka\u017eoka un \u0101das mitrin\u0101\u0161anu.<\/li>\n<li>Royal Canin Hair &amp; Skin Care sast\u0101v\u0101 ir sojas pupi\u0146u un gur\u0137u e\u013c\u013ca (ar augstu gamma linolsk\u0101bes saturu) un zivju e\u013c\u013ca (<a href=\"https:\/\/zooprekes24.lt\/lv\/products\/brit-care-lassi-ella\/\" target=\"_blank\" rel=\"noopener noreferrer\">bag\u0101ts ar omega 3<\/a>) pie\u0161\u0137ir m\u0113telim v\u0113l liel\u0101ku sp\u012bdumu.<\/li>\n<\/ul>\n<p><img loading=\"lazy\" decoding=\"async\" class=\"\" src=\"https:\/\/zooprekes24.lt\/wp-content\/uploads\/bc50h-hub-siberian-adult-black-and-white-6.jpeg\" width=\"350\" height=\"262\" \/><\/p>","protected":false},"excerpt":{"rendered":"<p>Royal Canin Hair &amp; Skin Care &#8211; maisto sud\u0117tyje ypatinga, tiksliai subalansuota formul\u0117, padedanti palaikyti sveik\u0105 augintinio odos ir kailio b\u016bkl\u0119. \u012erodyta, jog naudojant \u0161\u012f maist\u0105 kat\u0117s kailis pradeda \u017evilg\u0117ti jau po 21 dienos. Skirta suaugusioms kat\u0117ms, turin\u010dioms jautri\u0105 od\u0105 ir silpn\u0105 kail\u012f. Su kruop\u0161\u010diai atrinktomis med\u017eiagomis, padedan\u010diomis i\u0161laikyti sveik\u0105 augintinio odos b\u016bkl\u0119. Aminor\u016bg\u0161\u010di\u0173, vitamino&#8230;<\/p>","protected":false},"featured_media":19829,"comment_status":"closed","ping_status":"closed","template":"","meta":{"_acf_changed":false,"slim_seo":{"title":"Royal Canin Hair & Skin Care sausas maistas kat\u0117ms - Zooprekes24","description":"Royal Canin Hair &amp; Skin Care ir \u012bpa\u0161a, prec\u012bzi sabalans\u0113ta formula, kas pal\u012bdz uztur\u0113t j\u016bsu m\u012blu\u013ca vesel\u012bgu \u0101du un ka\u017eoku. Pier\u0101d\u012bts, ka"},"iawp_total_views":338},"product_brand":[],"product_cat":[72,83,25,9019,9016],"product_tag":[1671,1675,1682,1696],"class_list":{"0":"post-22515","1":"product","2":"type-product","3":"status-publish","4":"has-post-thumbnail","6":"product_cat-kaciu-maistas","7":"product_cat-kaciu-prekiu-gamintojai","8":"product_cat-katems","9":"product_cat-royal-canin-kaciu-prekiu-gamintojai","10":"product_cat-sausas-maistas-kaciu-maistas","11":"product_tag-begrudis-kaciu-maistas","12":"product_tag-kaciu-edalas","13":"product_tag-kaciu-maistas-super-premium-klases","14":"product_tag-super-premium-maistas-katems","15":"pa_pasaro-sudetis-ryziai","16":"pa_pasaro-sudetis-vistiena","17":"pa_prekiu-zenklai-royal-canin","19":"first","20":"instock","21":"sale","22":"featured","23":"taxable","24":"shipping-taxable","25":"purchasable","26":"product-type-variable"},"acf":[],"_links":{"self":[{"href":"https:\/\/zooprekes24.lt\/lv\/wp-json\/wp\/v2\/product\/22515","targetHints":{"allow":["GET"]}}],"collection":[{"href":"https:\/\/zooprekes24.lt\/lv\/wp-json\/wp\/v2\/product"}],"about":[{"href":"https:\/\/zooprekes24.lt\/lv\/wp-json\/wp\/v2\/types\/product"}],"replies":[{"embeddable":true,"href":"https:\/\/zooprekes24.lt\/lv\/wp-json\/wp\/v2\/comments?post=22515"}],"wp:featuredmedia":[{"embeddable":true,"href":"https:\/\/zooprekes24.lt\/lv\/wp-json\/wp\/v2\/media\/19829"}],"wp:attachment":[{"href":"https:\/\/zooprekes24.lt\/lv\/wp-json\/wp\/v2\/media?parent=22515"}],"wp:term":[{"taxonomy":"product_brand","embeddable":true,"href":"https:\/\/zooprekes24.lt\/lv\/wp-json\/wp\/v2\/product_brand?post=22515"},{"taxonomy":"product_cat","embeddable":true,"href":"https:\/\/zooprekes24.lt\/lv\/wp-json\/wp\/v2\/product_cat?post=22515"},{"taxonomy":"product_tag","embeddable":true,"href":"https:\/\/zooprekes24.lt\/lv\/wp-json\/wp\/v2\/product_tag?post=22515"}],"curies":[{"name":"wp","href":"https:\/\/api.w.org\/{rel}","templated":true}]}}