{"id":22513,"date":"2024-04-19T13:01:51","date_gmt":"2024-04-19T10:01:51","guid":{"rendered":"https:\/\/zooprekes24.lt\/produktas\/royal-canin-kitten\/"},"modified":"2025-07-03T19:20:28","modified_gmt":"2025-07-03T17:20:28","slug":"royal-canin-kakens","status":"publish","type":"product","link":"https:\/\/zooprekes24.lt\/lv\/produktas\/royal-canin-kitten\/","title":{"rendered":"Royal Canin Kitten saus\u0101 bar\u012bba ka\u0137\u0113niem"},"content":{"rendered":"<h3>Royal Canin Kitten - papildin\u0101ts ar nepiecie\u0161amo kalcija, vitam\u012bnu un citu uzturvielu daudzumu, lai nodro\u0161in\u0101tu harmonisku aug\u0161anu. T\u0101 ir \u013coti iecien\u012bta pat vispras\u012bg\u0101ko ka\u0137\u0113nu vid\u016b.<\/h3>\n<ul>\n<li><a href=\"https:\/\/zooprekes24.lt\/lv\/?s=ka%C4%8Diukams&amp;post_type=product&amp;product_cat=0\" target=\"_blank\" rel=\"noopener noreferrer\">Ka\u0137\u0113niem<\/a> no 4 l\u012bdz 12 m\u0113ne\u0161u vecumam.<\/li>\n<li>Granulu forma un tekst\u016bra ir ide\u0101li piem\u0113rota past\u0101v\u012bgo zobu veido\u0161anai.<\/li>\n<li>Papildin\u0101ts ar nepiecie\u0161amo kalcija, vitam\u012bnu un citu bar\u012bbas vielu daudzumu, lai nodro\u0161in\u0101tu harmonisku aug\u0161anu.<\/li>\n<li><a href=\"https:\/\/www.youtube.com\/watch?reload=9&amp;reload=9&amp;v=FYwO1fiYoa8\" target=\"_blank\" rel=\"noopener noreferrer\">Ar ekskluz\u012bv\u0101m augu un miner\u0101lu izcelsmes sast\u0101vda\u013c\u0101m<\/a>lai nodro\u0161in\u0101tu labu gremo\u0161anu.<\/li>\n<li><a href=\"https:\/\/www.royalcanin.com\/lt\/about-us\/quality-and-food-safety\" target=\"_blank\" rel=\"noopener noreferrer\">Patent\u0113ts antioksidantu komplekss<\/a> (C un E vitam\u012bni, taur\u012bns un lute\u012bns) un mannano-oligosahar\u012bdi stiprina j\u016bsu ka\u0137\u0113na dabisk\u0101s aizsargsp\u0113jas.<\/li>\n<li>Royal Canin Kitten bar\u012bba pal\u012bdz mazin\u0101t nepat\u012bkamu fek\u0101liju smaku.<\/li>\n<\/ul>\n<p><img loading=\"lazy\" decoding=\"async\" class=\"\" src=\"https:\/\/zooprekes24.lt\/wp-content\/uploads\/sacred-birman-mother-kitten-birth-growth-brand-emblematic-30.jpeg\" width=\"319\" height=\"249\" \/><\/p>","protected":false},"excerpt":{"rendered":"<p>Royal Canin Kitten &#8211; papildytas tinkamu kalcio, vitamin\u0173 ir kit\u0173 maisting\u0173j\u0173 med\u017eiag\u0173 kiekiu, u\u017etikrinan\u010diu harmoning\u0105 augim\u0105. Itin m\u0117gstamas net ir i\u0161rankiausi\u0173 ka\u010diuk\u0173. Skirta\u00a0ka\u010diukams nuo 4 iki 12 m\u0117nesi\u0173 am\u017eiaus. Granuli\u0173 forma ir tekst\u016bra idealiai tinka formuojantis nuolatiniams dantukams. Papildytas\u00a0tinkamu\u00a0kalcio, vitamin\u0173 ir kit\u0173 maisting\u0173j\u0173\u00a0med\u017eiag\u0173 kiekiu, u\u017etikrinan\u010diu\u00a0harmoning\u0105 augim\u0105. Su i\u0161skirtin\u0117mis augalin\u0117s ir mineral\u0173 kilm\u0117s sudedamosiomis dalimis,\u00a0u\u017etikrinan\u010diomis ger\u0105&#8230;<\/p>","protected":false},"featured_media":19827,"comment_status":"closed","ping_status":"closed","template":"","meta":{"_acf_changed":false,"slim_seo":{"title":"Royal Canin Kitten sausas maistas ka\u010diukams - Zooprekes24","description":"Royal Canin Kitten - papildin\u0101ts ar nepiecie\u0161amo kalcija, vitam\u012bnu un citu uzturvielu daudzumu, lai nodro\u0161in\u0101tu harmonisku aug\u0161anu. \u013boti iecien\u012bts pat vispras\u012bg\u0101kajiem"},"iawp_total_views":934},"product_brand":[],"product_cat":[72,83,25,9019,9016],"product_tag":[1671,1675,1682,1696],"class_list":{"0":"post-22513","1":"product","2":"type-product","3":"status-publish","4":"has-post-thumbnail","6":"product_cat-kaciu-maistas","7":"product_cat-kaciu-prekiu-gamintojai","8":"product_cat-katems","9":"product_cat-royal-canin-kaciu-prekiu-gamintojai","10":"product_cat-sausas-maistas-kaciu-maistas","11":"product_tag-begrudis-kaciu-maistas","12":"product_tag-kaciu-edalas","13":"product_tag-kaciu-maistas-super-premium-klases","14":"product_tag-super-premium-maistas-katems","15":"pa_pasaro-sudetis-ryziai","16":"pa_pasaro-sudetis-vistiena","17":"pa_prekiu-zenklai-royal-canin","19":"first","20":"instock","21":"featured","22":"taxable","23":"shipping-taxable","24":"purchasable","25":"product-type-variable"},"acf":[],"_links":{"self":[{"href":"https:\/\/zooprekes24.lt\/lv\/wp-json\/wp\/v2\/product\/22513","targetHints":{"allow":["GET"]}}],"collection":[{"href":"https:\/\/zooprekes24.lt\/lv\/wp-json\/wp\/v2\/product"}],"about":[{"href":"https:\/\/zooprekes24.lt\/lv\/wp-json\/wp\/v2\/types\/product"}],"replies":[{"embeddable":true,"href":"https:\/\/zooprekes24.lt\/lv\/wp-json\/wp\/v2\/comments?post=22513"}],"wp:featuredmedia":[{"embeddable":true,"href":"https:\/\/zooprekes24.lt\/lv\/wp-json\/wp\/v2\/media\/19827"}],"wp:attachment":[{"href":"https:\/\/zooprekes24.lt\/lv\/wp-json\/wp\/v2\/media?parent=22513"}],"wp:term":[{"taxonomy":"product_brand","embeddable":true,"href":"https:\/\/zooprekes24.lt\/lv\/wp-json\/wp\/v2\/product_brand?post=22513"},{"taxonomy":"product_cat","embeddable":true,"href":"https:\/\/zooprekes24.lt\/lv\/wp-json\/wp\/v2\/product_cat?post=22513"},{"taxonomy":"product_tag","embeddable":true,"href":"https:\/\/zooprekes24.lt\/lv\/wp-json\/wp\/v2\/product_tag?post=22513"}],"curies":[{"name":"wp","href":"https:\/\/api.w.org\/{rel}","templated":true}]}}