{"id":22509,"date":"2024-04-19T13:01:51","date_gmt":"2024-04-19T10:01:51","guid":{"rendered":"https:\/\/zooprekes24.lt\/produktas\/royal-canin-sensible\/"},"modified":"2026-02-27T07:09:44","modified_gmt":"2026-02-27T05:09:44","slug":"royal-canin-sensible","status":"publish","type":"product","link":"https:\/\/zooprekes24.lt\/lv\/produktas\/royal-canin-sensible\/","title":{"rendered":"Royal Canin Sensible saus\u0101 ka\u0137u bar\u012bba"},"content":{"rendered":"<h3>Royal Canin Sensible - bar\u012bb\u0101 <a href=\"https:\/\/www.royalcanin.com\/lt\/about-us\/quality-and-food-safety\" target=\"_blank\" rel=\"noopener noreferrer\">r\u016bp\u012bgi atlas\u012bti prote\u012bni<\/a> un mikrofloru l\u012bdzsvarojo\u0161iem elementiem.<\/h3>\n<ul>\n<li>Da\u017eiem ka\u0137iem ir gremo\u0161anas jut\u012bba, kas izraisa m\u012bkstus izk\u0101rn\u012bjumus. Royal Canin Sensible satur <a href=\"https:\/\/www.youtube.com\/watch?reload=9&amp;reload=9&amp;v=FYwO1fiYoa8\" target=\"_blank\" rel=\"noopener noreferrer\">izcila uzturvielu kombin\u0101cija<\/a>optim\u0101lai gremo\u0161anas dro\u0161\u012bbai (L.I.P. *) un prebioti\u0137iem (tostarp FOS), lai uztur\u0113tu l\u012bdzsvarotu zarnu floru. * L.I.P.: olbaltumvielas, kas atlas\u012btas, \u0146emot v\u0113r\u0101 to \u013coti augsto sagremojam\u012bbu.<\/li>\n<li>Tr\u012bs da\u017e\u0101das granulu formas un pievilc\u012bga formula ar r\u016bp\u012bgi atlas\u012btiem dab\u012bgiem aromatiz\u0113t\u0101jiem, kas stimul\u0113 jut\u012bgu ka\u0137u baro\u0161anos.<\/li>\n<li>Liel\u0101ks ener\u0123ijas bl\u012bvums noz\u012bm\u0113, ka tiek ap\u0113sts maz\u0101k bar\u012bbas, un tas samazina ka\u0137u skaitu, <a href=\"https:\/\/zooprekes24.lt\/lv\/products\/royal-canin-digest-sensitive-konservas-padaze-85-g\/\" target=\"_blank\" rel=\"noopener noreferrer\">ar jut\u012bgu ku\u0146\u0123i<\/a>, gremo\u0161anas slodze.<\/li>\n<li>Ar \u012bpa\u0161\u0101m p\u0101rtikas sast\u0101vda\u013c\u0101m, piem\u0113ram, bie\u0161u m\u012bkstumu un oligosahar\u012bdiem, kas stimul\u0113 zarnu floru.<\/li>\n<li>Paredz\u0113ts pieaugu\u0161o ka\u0137u ur\u012bnce\u013cu vesel\u012bbas uztur\u0113\u0161anai.<\/li>\n<\/ul>\n<p><img loading=\"lazy\" decoding=\"async\" class=\"\" src=\"https:\/\/zooprekes24.lt\/wp-content\/uploads\/bc38-hub-manx-adult-black-and-white-9.jpeg\" width=\"350\" height=\"262\" \/><\/p>","protected":false},"excerpt":{"rendered":"<p>Royal Canin Sensible &#8211; pa\u0161aro sud\u0117tyje kruop\u0161\u010diai atrinkti baltymai ir mikroflor\u0105 subalansuojantys elementai. Kai kurioms kat\u0117ms b\u016bdingas vir\u0161kinimo jautrumas, d\u0117l kurio atsiranda mink\u0161tos i\u0161matos. Royal Canin Sensible sud\u0117tyje yra i\u0161skirtinis maistini\u0173 med\u017eiag\u0173 derinys, u\u017etikrinantis optimal\u0173 vir\u0161kinimo saugum\u0105 (L.I.P. *) ir prebiotikai (\u012fskaitant FOS) subalansuotai \u017earnyno florai palaikyti. * L.I.P .: baltymai, pasirinkti d\u0117l labai auk\u0161to&#8230;<\/p>","protected":false},"featured_media":30617,"comment_status":"closed","ping_status":"closed","template":"","meta":{"_acf_changed":false,"slim_seo":{"title":"Royal Canin Sensible sausas maistas kat\u0117ms - Zooprekes24","description":"Royal Canin Sensible - r\u016bp\u012bgi atlas\u012btas olbaltumvielas un mikrofloru l\u012bdzsvarojo\u0161i elementi. Da\u017eiem ka\u0137iem ir gremo\u0161anas jut\u012bba,"},"iawp_total_views":769},"product_brand":[],"product_cat":[72,83,25,9019,9016],"product_tag":[1671,1675,1682,1696],"class_list":{"0":"post-22509","1":"product","2":"type-product","3":"status-publish","4":"has-post-thumbnail","6":"product_cat-kaciu-maistas","7":"product_cat-kaciu-prekiu-gamintojai","8":"product_cat-katems","9":"product_cat-royal-canin-kaciu-prekiu-gamintojai","10":"product_cat-sausas-maistas-kaciu-maistas","11":"product_tag-begrudis-kaciu-maistas","12":"product_tag-kaciu-edalas","13":"product_tag-kaciu-maistas-super-premium-klases","14":"product_tag-super-premium-maistas-katems","15":"pa_pasaro-sudetis-ryziai","16":"pa_pasaro-sudetis-vistiena","17":"pa_prekiu-zenklai-royal-canin","19":"first","20":"instock","21":"sale","22":"featured","23":"taxable","24":"shipping-taxable","25":"purchasable","26":"product-type-variable"},"acf":[],"_links":{"self":[{"href":"https:\/\/zooprekes24.lt\/lv\/wp-json\/wp\/v2\/product\/22509","targetHints":{"allow":["GET"]}}],"collection":[{"href":"https:\/\/zooprekes24.lt\/lv\/wp-json\/wp\/v2\/product"}],"about":[{"href":"https:\/\/zooprekes24.lt\/lv\/wp-json\/wp\/v2\/types\/product"}],"replies":[{"embeddable":true,"href":"https:\/\/zooprekes24.lt\/lv\/wp-json\/wp\/v2\/comments?post=22509"}],"wp:featuredmedia":[{"embeddable":true,"href":"https:\/\/zooprekes24.lt\/lv\/wp-json\/wp\/v2\/media\/30617"}],"wp:attachment":[{"href":"https:\/\/zooprekes24.lt\/lv\/wp-json\/wp\/v2\/media?parent=22509"}],"wp:term":[{"taxonomy":"product_brand","embeddable":true,"href":"https:\/\/zooprekes24.lt\/lv\/wp-json\/wp\/v2\/product_brand?post=22509"},{"taxonomy":"product_cat","embeddable":true,"href":"https:\/\/zooprekes24.lt\/lv\/wp-json\/wp\/v2\/product_cat?post=22509"},{"taxonomy":"product_tag","embeddable":true,"href":"https:\/\/zooprekes24.lt\/lv\/wp-json\/wp\/v2\/product_tag?post=22509"}],"curies":[{"name":"wp","href":"https:\/\/api.w.org\/{rel}","templated":true}]}}