{"id":22507,"date":"2024-04-19T13:01:51","date_gmt":"2024-04-19T10:01:51","guid":{"rendered":"https:\/\/zooprekes24.lt\/produktas\/royal-canin-sterilised\/"},"modified":"2026-02-27T07:12:54","modified_gmt":"2026-02-27T05:12:54","slug":"royal-canin-sterilizets-8","status":"publish","type":"product","link":"https:\/\/zooprekes24.lt\/lv\/produktas\/royal-canin-sterilised\/","title":{"rendered":"Royal Canin Steriliz\u0113t\u0101 saus\u0101 ka\u0137u bar\u012bba"},"content":{"rendered":"<h3>Royal Canin Steriliz\u0113ts - <a href=\"https:\/\/www.youtube.com\/watch?reload=9&amp;reload=9&amp;v=FYwO1fiYoa8\" target=\"_blank\" rel=\"noopener noreferrer\">\u012bpa\u0161s bar\u012bbas sast\u0101vs<\/a> pal\u012bdz kontrol\u0113t ka\u0137a svaru un regul\u0113t ur\u012bna sk\u0101bumu.<\/h3>\n<ul>\n<li>Bar\u012bb\u0101 ir maz\u0101k tauku un og\u013chidr\u0101tu, piem\u0113ram, cietes, kas veicina bar\u012bbas pat\u0113ri\u0146u.<\/li>\n<li><a href=\"https:\/\/zooprekes24.lt\/lv\/?s=sterilizuotoms&amp;post_type=product&amp;product_cat=0\" target=\"_blank\" rel=\"noopener noreferrer\">P\u0113c steriliz\u0101cijas<\/a> Ka\u0137u ener\u0123\u0113tisk\u0101s vajadz\u012bbas ir samazin\u0101tas, t\u0101p\u0113c maz\u0101ks tauku saturs Royal Canin Sterilised pal\u012bdz samazin\u0101t lieka svara risku.<\/li>\n<li>Ar L-karnit\u012bnu, kas veicina tauku sl\u0101\u0146a sadeg\u0161anu.<\/li>\n<li>\u012apa\u0161ais bar\u012bbas sast\u0101vs pal\u012bdz regul\u0113t ur\u012bna sk\u0101bumu un uzlabo ur\u012bnce\u013cu sist\u0113mas darb\u012bbu.<\/li>\n<li>Liels <a href=\"https:\/\/www.royalcanin.com\/lt\/about-us\/quality-and-food-safety\" target=\"_blank\" rel=\"noopener noreferrer\">augsta biolo\u0123isk\u0101 v\u0113rt\u012bba olbaltumvielu saturs<\/a> (37%) pal\u012bdz veidot musku\u013cus un uztur\u0113t musku\u013cu masu.<\/li>\n<\/ul>\n<p><img loading=\"lazy\" decoding=\"async\" class=\"\" src=\"https:\/\/zooprekes24.lt\/wp-content\/uploads\/bc45h-hub-russian-adult-black-and-white-17.jpeg\" width=\"391\" height=\"293\" \/><\/p>","protected":false},"excerpt":{"rendered":"<p>Royal Canin Sterilised &#8211; speciali pa\u0161aro sud\u0117tis padeda kontroliuoti kat\u0117s svor\u012f bei reguliuoti \u0161lapimo r\u016bg\u0161tingum\u0105. Pa\u0161aro sud\u0117tyje yra\u00a0ma\u017eiau riebal\u0173\u00a0ir\u00a0angliavandeni\u0173, pavyzd\u017eiui, krakmolo, kuris skatina maisto vartojim\u0105. Po sterilizacijos ka\u010di\u0173 energijos poreikis suma\u017e\u0117ja d\u0117l to Royal Canin Sterilised sud\u0117tyje esantis ma\u017eesnis riebal\u0173 kiekis padeda ma\u017einti vir\u0161svorio rizika. Su\u00a0L-karnitinu, skatinan\u010diu riebalinio sluoksnio deginim\u0105. Speciali pa\u0161aro sud\u0117tis\u00a0padeda\u00a0reguliuoti \u0161lapimo r\u016bg\u0161tingum\u0105,&#8230;<\/p>","protected":false},"featured_media":30618,"comment_status":"closed","ping_status":"closed","template":"","meta":{"_acf_changed":false,"slim_seo":{"title":"Royal Canin Sterilised sausas maistas kat\u0117ms - Zooprekes24","description":"Royal Canin Sterilised - \u012bpa\u0161\u0101 formula pal\u012bdz kontrol\u0113t ka\u0137a svaru un regul\u0113t ur\u012bna sk\u0101bumu. Bar\u012bba satur maz\u0101k tauku un og\u013cu."},"iawp_total_views":2065},"product_brand":[],"product_cat":[72,83,25,9019,9016],"product_tag":[1671,1675,1682],"class_list":{"0":"post-22507","1":"product","2":"type-product","3":"status-publish","4":"has-post-thumbnail","6":"product_cat-kaciu-maistas","7":"product_cat-kaciu-prekiu-gamintojai","8":"product_cat-katems","9":"product_cat-royal-canin-kaciu-prekiu-gamintojai","10":"product_cat-sausas-maistas-kaciu-maistas","11":"product_tag-begrudis-kaciu-maistas","12":"product_tag-kaciu-edalas","13":"product_tag-kaciu-maistas-super-premium-klases","14":"pa_pasaro-sudetis-vistiena","15":"pa_prekiu-zenklai-royal-canin","17":"first","18":"instock","19":"sale","20":"featured","21":"taxable","22":"shipping-taxable","23":"purchasable","24":"product-type-variable"},"acf":[],"_links":{"self":[{"href":"https:\/\/zooprekes24.lt\/lv\/wp-json\/wp\/v2\/product\/22507","targetHints":{"allow":["GET"]}}],"collection":[{"href":"https:\/\/zooprekes24.lt\/lv\/wp-json\/wp\/v2\/product"}],"about":[{"href":"https:\/\/zooprekes24.lt\/lv\/wp-json\/wp\/v2\/types\/product"}],"replies":[{"embeddable":true,"href":"https:\/\/zooprekes24.lt\/lv\/wp-json\/wp\/v2\/comments?post=22507"}],"wp:featuredmedia":[{"embeddable":true,"href":"https:\/\/zooprekes24.lt\/lv\/wp-json\/wp\/v2\/media\/30618"}],"wp:attachment":[{"href":"https:\/\/zooprekes24.lt\/lv\/wp-json\/wp\/v2\/media?parent=22507"}],"wp:term":[{"taxonomy":"product_brand","embeddable":true,"href":"https:\/\/zooprekes24.lt\/lv\/wp-json\/wp\/v2\/product_brand?post=22507"},{"taxonomy":"product_cat","embeddable":true,"href":"https:\/\/zooprekes24.lt\/lv\/wp-json\/wp\/v2\/product_cat?post=22507"},{"taxonomy":"product_tag","embeddable":true,"href":"https:\/\/zooprekes24.lt\/lv\/wp-json\/wp\/v2\/product_tag?post=22507"}],"curies":[{"name":"wp","href":"https:\/\/api.w.org\/{rel}","templated":true}]}}