{"id":22503,"date":"2024-04-19T13:01:51","date_gmt":"2024-04-19T10:01:51","guid":{"rendered":"https:\/\/zooprekes24.lt\/produktas\/royal-canin-persian-adult\/"},"modified":"2026-02-27T07:28:07","modified_gmt":"2026-02-27T05:28:07","slug":"royal-canin-persian-adult","status":"publish","type":"product","link":"https:\/\/zooprekes24.lt\/lv\/produktas\/royal-canin-persian-adult\/","title":{"rendered":"Royal Canin Persian pieaugu\u0161o ka\u0137u saus\u0101 bar\u012bba"},"content":{"rendered":"<h3>Royal Canin Persian Adult &#8211; ypatingai sukurtas \u0117dalas, kuris patenkins visus Pers\u0173 veisl\u0117s ka\u010di\u0173 mitybos poreikius.<\/h3>\n<ul>\n<li>Bar\u012bbu veido <a href=\"https:\/\/www.royalcanin.com\/lt\/about-us\/quality-and-food-safety\" target=\"_blank\" rel=\"noopener noreferrer\">ekskluz\u012bvu uzturvielu komplekss<\/a> \u201eBeauty Shine\u201c (agurkl\u0117s aliejus, EPA\/DHA ir vitaminai), kuris b\u016btinas norint i\u0161ry\u0161kinti ilgaplauki\u0173 Pers\u0173 veisl\u0117s ka\u010di\u0173 tankaus kailio gro\u017e\u012f &#8211; spalva tampa ry\u0161kesn\u0117, kailiukas labiau spindi ir tampa \u0161velnus, o oda yra ma\u017eiau dirginama.<\/li>\n<li>Ar n\u0101trija fosf\u0101tiem, kas pal\u0113nina zobu aplikuma un zobakmens veido\u0161anos, aizturot kalciju siekal\u0101s.<\/li>\n<li>FOS (fruktooligosahar\u012bdu) un MOS (mannanooligosahar\u012bdu) un siner\u0123isks antioksidantu komplekss, kas satur lute\u012bnu, taur\u012bnu un C un E vitam\u012bnus, nodro\u0161ina optim\u0101lu gremo\u0161anas funkciju.<\/li>\n<li>Royal Canin Persian Adult p\u0101rtik\u0101 <a href=\"https:\/\/www.youtube.com\/watch?reload=9&amp;v=FYwO1fiYoa8\" target=\"_blank\" rel=\"noopener noreferrer\">unik\u0101ls \u0161\u0137iedru savienojums<\/a> mazina matu k\u016bl\u012b\u0161u veido\u0161an\u0101s iesp\u0113jam\u012bbu ku\u0146\u0123\u012b un uzlabo ku\u0146\u0123a motoriku.<\/li>\n<li>\u012apa\u0161as mandeles formas granulas, kas \u012bpa\u0161i izstr\u0101d\u0101tas <a href=\"https:\/\/zooprekes24.lt\/lv\/products\/royal-canin-persian-konservas-padaze-85-g\/\" target=\"_blank\" rel=\"noopener noreferrer\">Persijas ka\u0137iem<\/a>rakstur\u012bgs daudz\u0137erme\u0146a bar\u012bbas sagr\u0101b\u0161ana.<\/li>\n<\/ul>\n<p><img loading=\"lazy\" decoding=\"async\" class=\"\" src=\"https:\/\/zooprekes24.lt\/wp-content\/uploads\/bc7h-persian-adult-in-black-and-white-13.jpeg\" width=\"350\" height=\"246\" \/><\/p>","protected":false},"excerpt":{"rendered":"<p>Royal Canin Persian Adult &#8211; ypatingai sukurtas \u0117dalas, kuris patenkins visus Pers\u0173 veisl\u0117s ka\u010di\u0173 mitybos poreikius. Pa\u0161ar\u0105 sudaro i\u0161skirtini\u0173 maistini\u0173 med\u017eiag\u0173 kompleksas \u201eBeauty Shine\u201c (agurkl\u0117s aliejus, EPA\/DHA ir vitaminai), kuris b\u016btinas norint i\u0161ry\u0161kinti ilgaplauki\u0173 Pers\u0173 veisl\u0117s ka\u010di\u0173 tankaus kailio gro\u017e\u012f &#8211; spalva tampa ry\u0161kesn\u0117, kailiukas labiau spindi ir tampa \u0161velnus, o oda yra ma\u017eiau dirginama&#8230;.<\/p>","protected":false},"featured_media":19820,"comment_status":"closed","ping_status":"closed","template":"","meta":{"_acf_changed":false,"slim_seo":{"title":"Royal Canin Persian Adult sausas maistas kat\u0117ms - Zooprekes24","description":"Royal Canin Persian Adult - ypatingai sukurtas \u0117dalas, kuris patenkins visus Pers\u0173 veisl\u0117s ka\u010di\u0173 mitybos poreikius. Pa\u0161ar\u0105 sudaro i\u0161skirtini\u0173 maistini\u0173 med\u017eiag\u0173"},"iawp_total_views":256},"product_brand":[],"product_cat":[72,83,25,9019,9016],"product_tag":[1671,1675,1682,1696],"class_list":{"0":"post-22503","1":"product","2":"type-product","3":"status-publish","4":"has-post-thumbnail","6":"product_cat-kaciu-maistas","7":"product_cat-kaciu-prekiu-gamintojai","8":"product_cat-katems","9":"product_cat-royal-canin-kaciu-prekiu-gamintojai","10":"product_cat-sausas-maistas-kaciu-maistas","11":"product_tag-begrudis-kaciu-maistas","12":"product_tag-kaciu-edalas","13":"product_tag-kaciu-maistas-super-premium-klases","14":"product_tag-super-premium-maistas-katems","15":"pa_pasaro-sudetis-ryziai","16":"pa_pasaro-sudetis-vistiena","17":"pa_prekiu-zenklai-royal-canin","19":"first","20":"instock","21":"sale","22":"featured","23":"taxable","24":"shipping-taxable","25":"purchasable","26":"product-type-variable"},"acf":[],"_links":{"self":[{"href":"https:\/\/zooprekes24.lt\/lv\/wp-json\/wp\/v2\/product\/22503","targetHints":{"allow":["GET"]}}],"collection":[{"href":"https:\/\/zooprekes24.lt\/lv\/wp-json\/wp\/v2\/product"}],"about":[{"href":"https:\/\/zooprekes24.lt\/lv\/wp-json\/wp\/v2\/types\/product"}],"replies":[{"embeddable":true,"href":"https:\/\/zooprekes24.lt\/lv\/wp-json\/wp\/v2\/comments?post=22503"}],"wp:featuredmedia":[{"embeddable":true,"href":"https:\/\/zooprekes24.lt\/lv\/wp-json\/wp\/v2\/media\/19820"}],"wp:attachment":[{"href":"https:\/\/zooprekes24.lt\/lv\/wp-json\/wp\/v2\/media?parent=22503"}],"wp:term":[{"taxonomy":"product_brand","embeddable":true,"href":"https:\/\/zooprekes24.lt\/lv\/wp-json\/wp\/v2\/product_brand?post=22503"},{"taxonomy":"product_cat","embeddable":true,"href":"https:\/\/zooprekes24.lt\/lv\/wp-json\/wp\/v2\/product_cat?post=22503"},{"taxonomy":"product_tag","embeddable":true,"href":"https:\/\/zooprekes24.lt\/lv\/wp-json\/wp\/v2\/product_tag?post=22503"}],"curies":[{"name":"wp","href":"https:\/\/api.w.org\/{rel}","templated":true}]}}