{"id":22501,"date":"2024-04-19T13:01:51","date_gmt":"2024-04-19T10:01:51","guid":{"rendered":"https:\/\/zooprekes24.lt\/produktas\/royal-canin-british-shorthair-adult\/"},"modified":"2026-02-27T07:35:17","modified_gmt":"2026-02-27T05:35:17","slug":"royal-canin-britu-isspalvainais-kakis-pieaugusajiem","status":"publish","type":"product","link":"https:\/\/zooprekes24.lt\/lv\/produktas\/royal-canin-british-shorthair-adult\/","title":{"rendered":"Royal Canin Britu \u012bsspalvaino ka\u0137u bar\u012bba pieaugu\u0161ajiem"},"content":{"rendered":"<h3>Royal Canin British Shorthair Adult - \u0161\u012bs bar\u012bbas sast\u0101vda\u013cas stiprina ka\u0137a kaulus, musku\u013cus, sirds darb\u012bbu un pal\u012bdz uztur\u0113t optim\u0101lu mutes dobuma higi\u0113nu. <a href=\"https:\/\/www.royalcanin.com\/lt\/about-us\/quality-and-food-safety\" target=\"_blank\" rel=\"noopener noreferrer\">\u012apa\u0161as receptes p\u0101rtika<\/a> ir \u013coti gar\u0161\u012bgs un \u0101tri sniedz s\u0101ta saj\u016btu.<\/h3>\n<ul>\n<li>Pieaugu\u0161ajiem <a href=\"https:\/\/www.royalcanin.com\/lt\/cats\/breeds\/breed-library\/british-shorthair\" target=\"_blank\" rel=\"noopener noreferrer\">britu \u012bsspalvaino ka\u0137u \u0161\u0137irnes ka\u0137iem<\/a> no 1 gada.<\/li>\n<li>J\u0113ra granulas <a href=\"https:\/\/zooprekes24.lt\/lv\/products\/royal-canin-british-shorthair-konservas-85-g\/\" target=\"_blank\" rel=\"noopener noreferrer\">\u012bpa\u0161i piel\u0101gotas britu \u012bsspalvaino ka\u0137u \u017eok\u013ciem.<\/a> Granulu lielums un tekst\u016bra mudina ka\u0137us intens\u012bv\u0101k ko\u0161\u013c\u0101t un viegl\u0101k satvert bar\u012bbu. Tas nodro\u0161ina lab\u0101ku bar\u012bbas sagremo\u0161anu un optim\u0101lu gremo\u0161anu dz\u012bvniekam.<\/li>\n<li>P\u0101rtika pal\u012bdz uztur\u0113t labu mutes un zobu higi\u0113nu.<\/li>\n<li>Optim\u0101ls olbaltumvielu un L-karnit\u012bna l\u012bmenis pal\u012bdz uztur\u0113t britu \u012bsspalvaino ka\u0137u musku\u013cus.<\/li>\n<li>Sast\u0101vda\u013c\u0101s eso\u0161ais kalcijs, fosfors un EPA\/DHA stiprina kaulus un loc\u012btavas.<\/li>\n<li><a href=\"https:\/\/www.youtube.com\/watch?v=FYwO1fiYoa8\" target=\"_blank\" rel=\"noopener noreferrer\">\u0112\u0161ana labpr\u0101t.<\/a> \u012apa\u0161i gatavotie \u0113dieni ir \u013coti gar\u0161\u012bgi un iepriecin\u0101s pat vispras\u012bg\u0101kos gard\u0113\u017eus.<\/li>\n<li>Royal Canin British Shorthair Adult bar\u012bbas sast\u0101vda\u013cas stiprina j\u016bsu ka\u0137a kaulus, musku\u013cus un sirds darb\u012bbu.<\/li>\n<\/ul>\n<p><img loading=\"lazy\" decoding=\"async\" class=\"\" src=\"https:\/\/zooprekes24.lt\/wp-content\/uploads\/bc3h-hub-british-shorthair-adult-black-and-white-15.jpeg\" width=\"390\" height=\"292\" \/><\/p>","protected":false},"excerpt":{"rendered":"<p>Royal Canin British Shorthair Adult &#8211; \u0117dale esantys komponentai stiprina kat\u0117s kaulus, raumenis, \u0161irdies darb\u0105 bei padeda palaikyti optimali\u0105 burnos higien\u0105. Pagal ypating\u0105 recept\u0105 pagamintas maistas yra ypa\u010d skanus ir greitai sukeliantis sotumo jausm\u0105. Skirta\u00a0suaugusioms brit\u0173 trumpaplauki\u0173 veisl\u0117s kat\u0117ms nuo 1 met\u0173. \u0116dalo granul\u0117s specialiai pritaikytos brit\u0173 trumpaplauki\u0173 ka\u010di\u0173 \u017eandikauliams. Granuli\u0173 dydis ir tekst\u016bra skatina&#8230;<\/p>","protected":false},"featured_media":19819,"comment_status":"closed","ping_status":"closed","template":"","meta":{"_acf_changed":false,"slim_seo":{"title":"Royal Canin British Shorthair Adult sausas maistas kat\u0117ms - Zooprekes24","description":"Royal Canin British Shorthair Adult - \u0161\u012bs bar\u012bbas sast\u0101vda\u013cas stiprina ka\u0137a kaulus, musku\u013cus, sirds darb\u012bbu un pal\u012bdz uztur\u0113t optim\u0101lu mutes dobuma higi\u0113nu. Pa"},"iawp_total_views":952},"product_brand":[],"product_cat":[72,83,25,9019,9016],"product_tag":[1671,1675,1682,1696],"class_list":{"0":"post-22501","1":"product","2":"type-product","3":"status-publish","4":"has-post-thumbnail","6":"product_cat-kaciu-maistas","7":"product_cat-kaciu-prekiu-gamintojai","8":"product_cat-katems","9":"product_cat-royal-canin-kaciu-prekiu-gamintojai","10":"product_cat-sausas-maistas-kaciu-maistas","11":"product_tag-begrudis-kaciu-maistas","12":"product_tag-kaciu-edalas","13":"product_tag-kaciu-maistas-super-premium-klases","14":"product_tag-super-premium-maistas-katems","15":"pa_pasaro-sudetis-ryziai","16":"pa_pasaro-sudetis-vistiena","17":"pa_prekiu-zenklai-royal-canin","19":"first","20":"instock","21":"sale","22":"featured","23":"taxable","24":"shipping-taxable","25":"purchasable","26":"product-type-variable"},"acf":[],"_links":{"self":[{"href":"https:\/\/zooprekes24.lt\/lv\/wp-json\/wp\/v2\/product\/22501","targetHints":{"allow":["GET"]}}],"collection":[{"href":"https:\/\/zooprekes24.lt\/lv\/wp-json\/wp\/v2\/product"}],"about":[{"href":"https:\/\/zooprekes24.lt\/lv\/wp-json\/wp\/v2\/types\/product"}],"replies":[{"embeddable":true,"href":"https:\/\/zooprekes24.lt\/lv\/wp-json\/wp\/v2\/comments?post=22501"}],"wp:featuredmedia":[{"embeddable":true,"href":"https:\/\/zooprekes24.lt\/lv\/wp-json\/wp\/v2\/media\/19819"}],"wp:attachment":[{"href":"https:\/\/zooprekes24.lt\/lv\/wp-json\/wp\/v2\/media?parent=22501"}],"wp:term":[{"taxonomy":"product_brand","embeddable":true,"href":"https:\/\/zooprekes24.lt\/lv\/wp-json\/wp\/v2\/product_brand?post=22501"},{"taxonomy":"product_cat","embeddable":true,"href":"https:\/\/zooprekes24.lt\/lv\/wp-json\/wp\/v2\/product_cat?post=22501"},{"taxonomy":"product_tag","embeddable":true,"href":"https:\/\/zooprekes24.lt\/lv\/wp-json\/wp\/v2\/product_tag?post=22501"}],"curies":[{"name":"wp","href":"https:\/\/api.w.org\/{rel}","templated":true}]}}