{"id":22499,"date":"2024-04-19T13:01:51","date_gmt":"2024-04-19T10:01:51","guid":{"rendered":"https:\/\/zooprekes24.lt\/produktas\/royal-canin-maine-coon-adult\/"},"modified":"2026-02-27T07:22:48","modified_gmt":"2026-02-27T05:22:48","slug":"royal-canin-maine-coon-pieaugusajiem","status":"publish","type":"product","link":"https:\/\/zooprekes24.lt\/lv\/produktas\/royal-canin-maine-coon-adult\/","title":{"rendered":"Royal Canin Maine Coon Pieaugu\u0161o ka\u0137u saus\u0101 bar\u012bba"},"content":{"rendered":"<h3>Royal Canin Meinas jenots pieaugu\u0161ajiem - sast\u0101vda\u013cas <a href=\"https:\/\/www.youtube.com\/watch?v=FYwO1fiYoa8\" target=\"_blank\" rel=\"noopener noreferrer\">r\u016bp\u012bgi atlas\u012bti materi\u0101li<\/a> pal\u012bdz uztur\u0113t stipru sirdi un loc\u012btavas, k\u0101 ar\u012b vesel\u012bgu \u0101du un skaistu ka\u017eoku. \u012apa\u0161as formas granulas ir piel\u0101gotas \u0161o ka\u0137u lielajiem \u017eok\u013ciem.<\/h3>\n<ul>\n<li>Pieaugu\u0161ajiem <a href=\"https:\/\/www.royalcanin.com\/lt\/cats\/breeds\/breed-library\/maine-coon\" target=\"_blank\" rel=\"noopener noreferrer\">Meinas jenotsu\u0146u ka\u0137iem<\/a>.<\/li>\n<li>Piel\u0101gots magnija, n\u0101trija, k\u0101lija, argin\u012bna, eikozapenta\u0113nsk\u0101bes (EPA) un dokozaheksa\u0113nsk\u0101bes (DHA), taur\u012bna, L-karnit\u012bna un antioksidantu (E un C vitam\u012bnu, za\u013c\u0101s t\u0113jas un v\u012bnogu polifenolu) daudzums pal\u012bdz sirdij pareizi darboties.<\/li>\n<li>Royal Canin Maine Coon Adult bar\u012bb\u0101 eso\u0161ais ekskluz\u012bvais hondroit\u012bna sulf\u0101ta, glikozam\u012bna un zivju e\u013c\u013cas mais\u012bjums, k\u0101 ar\u012b augsts eikozapenta\u0113nsk\u0101bes (EPA) un dokozaheksa\u0113nsk\u0101bes (DHA) l\u012bmenis aizsarg\u0101 j\u016bsu m\u012blu\u013ca loc\u012btavas.<\/li>\n<li>Bar\u012bb\u0101 eso\u0161ie tauki, linolsk\u0101be un aminosk\u0101bes, k\u0101 ar\u012b cinks, biot\u012bns un vitam\u012bni stiprina \u0101das aizsargbarjeras \u012bpa\u0161\u012bbas un uztur skaistu ka\u017eoku un t\u0101 dabisko kr\u0101su.<\/li>\n<li>\u012apa\u0161i granulas<a href=\"https:\/\/zooprekes24.lt\/lv\/products\/royal-canin-maine-coon-konservas-padaze-85-g\/\" target=\"_blank\" rel=\"noopener noreferrer\"> piel\u0101gotas Meinas jenotsu\u0146u \u017eok\u013ciem.<\/a><\/li>\n<li>Pal\u012bdz uztur\u0113t labu mutes dobuma un zobu higi\u0113nu.<\/li>\n<\/ul>\n<p><img loading=\"lazy\" decoding=\"async\" class=\"\" src=\"https:\/\/zooprekes24.lt\/wp-content\/uploads\/bc4h-hub-maine-coon-adult-black-and-white-12.jpeg\" width=\"400\" height=\"300\" \/><\/p>","protected":false},"excerpt":{"rendered":"<p>Royal Canin Maine Coon Adult &#8211; maisto sud\u0117tyje esan\u010dios kruop\u0161\u010diai atrinktos med\u017eiagos padeda palaikyti stipri\u0105 \u0161ird\u012f ir s\u0105narius, bei sveik\u0105 od\u0105 bei gra\u017e\u0173 kail\u012f. Specialios formos granul\u0117s pritaikytos dideliems \u0161i\u0173 ka\u010di\u0173 \u017eandikauliams. Skirta suaugusioms Meino me\u0161k\u0117n\u0173 veisl\u0117s kat\u0117ms. Adaptuoti magnio, natrio, kalio, arginino, eikozapentaeno (EPA) ir dokozaheksaeno (DHA) r\u016bg\u0161\u010di\u0173, taurino, L-karnitino ir antioksidant\u0173 (vitamin\u0173 E&#8230;<\/p>","protected":false},"featured_media":19818,"comment_status":"closed","ping_status":"closed","template":"","meta":{"_acf_changed":false,"slim_seo":{"title":"Royal Canin Maine Coon Adult sausas maistas kat\u0117ms - Zooprekes24","description":"Royal Canin Maine Coon Adult - r\u016bp\u012bgi atlas\u012btas bar\u012bbas sast\u0101vda\u013cas pal\u012bdz uztur\u0113t stipru sirdi un loc\u012btavas, vesel\u012bgu \u0101du un skaistu ka\u017eoku."},"iawp_total_views":804},"product_brand":[],"product_cat":[72,83,25,9019,9016],"product_tag":[1671,1675,1682,1696],"class_list":{"0":"post-22499","1":"product","2":"type-product","3":"status-publish","4":"has-post-thumbnail","6":"product_cat-kaciu-maistas","7":"product_cat-kaciu-prekiu-gamintojai","8":"product_cat-katems","9":"product_cat-royal-canin-kaciu-prekiu-gamintojai","10":"product_cat-sausas-maistas-kaciu-maistas","11":"product_tag-begrudis-kaciu-maistas","12":"product_tag-kaciu-edalas","13":"product_tag-kaciu-maistas-super-premium-klases","14":"product_tag-super-premium-maistas-katems","15":"pa_pasaro-sudetis-ryziai","16":"pa_pasaro-sudetis-vistiena","17":"pa_prekiu-zenklai-royal-canin","19":"first","20":"instock","21":"sale","22":"featured","23":"taxable","24":"shipping-taxable","25":"purchasable","26":"product-type-variable"},"acf":[],"_links":{"self":[{"href":"https:\/\/zooprekes24.lt\/lv\/wp-json\/wp\/v2\/product\/22499","targetHints":{"allow":["GET"]}}],"collection":[{"href":"https:\/\/zooprekes24.lt\/lv\/wp-json\/wp\/v2\/product"}],"about":[{"href":"https:\/\/zooprekes24.lt\/lv\/wp-json\/wp\/v2\/types\/product"}],"replies":[{"embeddable":true,"href":"https:\/\/zooprekes24.lt\/lv\/wp-json\/wp\/v2\/comments?post=22499"}],"wp:featuredmedia":[{"embeddable":true,"href":"https:\/\/zooprekes24.lt\/lv\/wp-json\/wp\/v2\/media\/19818"}],"wp:attachment":[{"href":"https:\/\/zooprekes24.lt\/lv\/wp-json\/wp\/v2\/media?parent=22499"}],"wp:term":[{"taxonomy":"product_brand","embeddable":true,"href":"https:\/\/zooprekes24.lt\/lv\/wp-json\/wp\/v2\/product_brand?post=22499"},{"taxonomy":"product_cat","embeddable":true,"href":"https:\/\/zooprekes24.lt\/lv\/wp-json\/wp\/v2\/product_cat?post=22499"},{"taxonomy":"product_tag","embeddable":true,"href":"https:\/\/zooprekes24.lt\/lv\/wp-json\/wp\/v2\/product_tag?post=22499"}],"curies":[{"name":"wp","href":"https:\/\/api.w.org\/{rel}","templated":true}]}}