{"id":22498,"date":"2024-04-19T13:01:51","date_gmt":"2024-04-19T10:01:51","guid":{"rendered":"https:\/\/zooprekes24.lt\/produktas\/brit-care-hypoallergenic-weight-loss\/"},"modified":"2024-09-26T12:01:59","modified_gmt":"2024-09-26T09:01:59","slug":"brit-aprupe-hipoalergiska-svara-zudums","status":"publish","type":"product","link":"https:\/\/zooprekes24.lt\/lv\/produktas\/brit-care-hypoallergenic-weight-loss\/","title":{"rendered":"Brit Care Hypoallergenic Weight Loss tru\u0161u saus\u0101 bar\u012bba su\u0146iem"},"content":{"rendered":"<h3>Brit Care Hypoallergenic Weight Loss Rabbit hipoalergeninis vieno baltymo sausas maistas buvo specialiai sukurtas \u0161unims, kurie turi problem\u0173 d\u0117l per didelio svorio arba nutukimo. Unikalios formul\u0117s d\u0117ka, ma\u017eas riebal\u0173 kiekis ir baltymai i\u0161 triu\u0161ienos pad\u0117s palaikyti optimal\u0173 augintinio k\u016bno svor\u012f. L-karnitinas skatins med\u017eiag\u0173 apykait\u0105 ir pad\u0117s deginti nepageidaujamus riebalus.<\/h3>\n<ul>\n<li>Chondroprotektoriai palaiko sveik\u0105 s\u0105nari\u0173, kaul\u0173 ir kremzli\u0173 augim\u0105 ir vystym\u0105si.<\/li>\n<li>Probiotikai ir antioksidantai stiprina imunin\u0119 sistem\u0105 ir palaiko ger\u0105 vir\u0161kinimo sistemos veikl\u0105.<\/li>\n<li>Tikrasis margainis ingredientas kuris palaiko ger\u0105 augintinio kepen\u0173 veikl\u0105 ir apvalo k\u016bn\u0105 nuo toksin\u0173.<\/li>\n<li class=\"benefits__item\">Balk\u0161v\u0173j\u0173 gyslo\u010di\u0173 s\u0117klos ir luobel\u0117s skatina ilgalaik\u012f sotumo jausm\u0105 ir suma\u017eina suvartojamo maisto kiek\u012f.<\/li>\n<li><a href=\"https:\/\/krmivo-brit.cz\/cs\" target=\"_blank\" rel=\"noopener\">Brit Care<\/a> Hypoallergenic Weight Loss Rabbit sud\u0117tyje esantis\u00a0L-karnitinas skatina med\u017eiag\u0173 apykait\u0105 ir <a href=\"https:\/\/zooprekes24.lt\/kategorija\/prekes-sunims\/sunu-maistas\/?filters=paskirtis[642]\" target=\"_blank\" rel=\"noopener\">padeda deginti riebalus<\/a>.<\/li>\n<\/ul>\n","protected":false},"excerpt":{"rendered":"<p>Brit Care Hypoallergenic Weight Loss Rabbit hipoalergeninis vieno baltymo sausas maistas buvo specialiai sukurtas \u0161unims, kurie turi problem\u0173 d\u0117l per didelio svorio arba nutukimo. Unikalios formul\u0117s d\u0117ka, ma\u017eas riebal\u0173 kiekis ir baltymai i\u0161 triu\u0161ienos pad\u0117s palaikyti optimal\u0173 augintinio k\u016bno svor\u012f. L-karnitinas skatins med\u017eiag\u0173 apykait\u0105 ir pad\u0117s deginti nepageidaujamus riebalus. Chondroprotektoriai palaiko sveik\u0105 s\u0105nari\u0173, kaul\u0173 ir&#8230;<\/p>","protected":false},"featured_media":27604,"comment_status":"closed","ping_status":"closed","template":"","meta":{"_acf_changed":false,"slim_seo":{"title":"Brit Care Hypoallergenic Weight Loss Rabbit sausas maistas \u0161unims - Zooprekes24","description":"Brit Care Hypoallergenic Weight Loss Hipoaler\u0123iska vienv\u0113rt\u012bga saus\u0101 bar\u012bba tru\u0161iem ir \u012bpa\u0161i izstr\u0101d\u0101ta su\u0146iem, kuriem ir probl\u0113mas ar lieko svaru."},"iawp_total_views":195},"product_brand":[],"product_cat":[9029,9002,8999,29,31],"product_tag":[1059,177,200],"class_list":{"0":"post-22498","1":"product","2":"type-product","3":"status-publish","4":"has-post-thumbnail","6":"product_cat-brit-care","7":"product_cat-sausas-maistas","8":"product_cat-sunims","9":"product_cat-sunu-maistas","10":"product_cat-sunu-prekiu-gamintojai","11":"product_tag-brit-maistas-antsvorio-turintiems-sunims","12":"product_tag-edalas-sunims","13":"product_tag-super-premium-maistas-sunims","14":"pa_pasaro-sudetis-ryziai","15":"pa_pasaro-sudetis-triusiena","16":"pa_pasaro-sudetis-vaisiai","17":"pa_prekiu-zenklai-brit-care","18":"pa_suns-amzius-suaugusiems","19":"pa_veisles-dydis-didelems-veislems","20":"pa_veisles-dydis-mazoms-veislems","21":"pa_veisles-dydis-vidutinems-veislems","22":"pa_veisles-dydis-visu-dydziu-veislems","24":"first","25":"instock","26":"featured","27":"taxable","28":"shipping-taxable","29":"purchasable","30":"product-type-variable"},"acf":[],"_links":{"self":[{"href":"https:\/\/zooprekes24.lt\/lv\/wp-json\/wp\/v2\/product\/22498","targetHints":{"allow":["GET"]}}],"collection":[{"href":"https:\/\/zooprekes24.lt\/lv\/wp-json\/wp\/v2\/product"}],"about":[{"href":"https:\/\/zooprekes24.lt\/lv\/wp-json\/wp\/v2\/types\/product"}],"replies":[{"embeddable":true,"href":"https:\/\/zooprekes24.lt\/lv\/wp-json\/wp\/v2\/comments?post=22498"}],"wp:featuredmedia":[{"embeddable":true,"href":"https:\/\/zooprekes24.lt\/lv\/wp-json\/wp\/v2\/media\/27604"}],"wp:attachment":[{"href":"https:\/\/zooprekes24.lt\/lv\/wp-json\/wp\/v2\/media?parent=22498"}],"wp:term":[{"taxonomy":"product_brand","embeddable":true,"href":"https:\/\/zooprekes24.lt\/lv\/wp-json\/wp\/v2\/product_brand?post=22498"},{"taxonomy":"product_cat","embeddable":true,"href":"https:\/\/zooprekes24.lt\/lv\/wp-json\/wp\/v2\/product_cat?post=22498"},{"taxonomy":"product_tag","embeddable":true,"href":"https:\/\/zooprekes24.lt\/lv\/wp-json\/wp\/v2\/product_tag?post=22498"}],"curies":[{"name":"wp","href":"https:\/\/api.w.org\/{rel}","templated":true}]}}