{"id":22497,"date":"2024-04-19T13:01:51","date_gmt":"2024-04-19T10:01:51","guid":{"rendered":"https:\/\/zooprekes24.lt\/produktas\/brit-care-sustainable-senior-chicken\/"},"modified":"2024-06-27T15:30:37","modified_gmt":"2024-06-27T12:30:37","slug":"brit-care-ilgtspejiga-vecaka-gadagajuma-vistas","status":"publish","type":"product","link":"https:\/\/zooprekes24.lt\/lv\/produktas\/brit-care-sustainable-senior-chicken\/","title":{"rendered":"Brit Care Sustainable Senior Chicken &amp; Insect saus\u0101 bar\u012bba su\u0146iem"},"content":{"rendered":"<h3>Brit Care Sustainable Senior Chicken &amp; Insect &#8211; Super Premium tvarus ir draugi\u0161kas gamtai sausas maistas buvo specialiai sukurtas vis\u0173 veisli\u0173 vyresnio am\u017eiaus \u0161unims. Puikiai subalansuotas, gerai vir\u0161kinamas auk\u0161\u010diausios kokyb\u0117s \u0161un\u0173 maistas pad\u0117s palaikyti ger\u0105 raumen\u0173 tonus\u0105. Receptas be gluteno. Gamtai draugi\u0161kas maistas turi net 35 % ma\u017eesn\u012f neigiam\u0105 poveik\u012f aplinkai.<\/h3>\n<ul>\n<li><a href=\"https:\/\/krmivo-brit.cz\/cs\" target=\"_blank\" rel=\"noopener\">Brit Care<\/a> Sustainable Senior Chicken &amp; Insect receptas sukurtas taip, kad ma\u017eint\u0173 CO2 p\u0117dsak\u0105.<\/li>\n<li>Chondroprotektoriai padeda palaikyti sveikus s\u0105narius, kaulus ir kremzles, o tai labai svarbu <a href=\"https:\/\/zooprekes24.lt\/kategorija\/prekes-sunims\/?filters=suns-amzius[237]\" target=\"_blank\" rel=\"noopener\">vyresnio am\u017eiaus \u0161unims<\/a>.<\/li>\n<li>L-triptofanas padeda augintin\u012f nuraminti stresin\u0117se situacijose, d\u017eiovinta paprastoji sukat\u017eol\u0117 suma\u017eina patiriama nerim\u0105.<\/li>\n<\/ul>\n","protected":false},"excerpt":{"rendered":"<p>Brit Care Sustainable Senior Chicken &amp; Insect &#8211; Super Premium tvarus ir draugi\u0161kas gamtai sausas maistas buvo specialiai sukurtas vis\u0173 veisli\u0173 vyresnio am\u017eiaus \u0161unims. Puikiai subalansuotas, gerai vir\u0161kinamas auk\u0161\u010diausios kokyb\u0117s \u0161un\u0173 maistas pad\u0117s palaikyti ger\u0105 raumen\u0173 tonus\u0105. Receptas be gluteno. Gamtai draugi\u0161kas maistas turi net 35 % ma\u017eesn\u012f neigiam\u0105 poveik\u012f aplinkai. Brit Care Sustainable Senior&#8230;<\/p>","protected":false},"featured_media":27851,"comment_status":"closed","ping_status":"closed","template":"","meta":{"_acf_changed":false,"slim_seo":{"title":"Brit Care Sustainable Senior Chicken & Insect sausas maistas \u0161unims - Zooprekes24","description":"Brit Care Sustainable Senior Chicken &amp; Insect - Super Premium ilgtsp\u0113j\u012bga un videi draudz\u012bga saus\u0101 bar\u012bba ir \u012bpa\u0161i izstr\u0101d\u0101ta visu \u0161\u0137ir\u0146u vec\u0101kiem cilv\u0113kiem."},"iawp_total_views":97},"product_brand":[],"product_cat":[9029,9002,8999,29,31],"product_tag":[176,177,200],"class_list":{"0":"post-22497","1":"product","2":"type-product","3":"status-publish","4":"has-post-thumbnail","6":"product_cat-brit-care","7":"product_cat-sausas-maistas","8":"product_cat-sunims","9":"product_cat-sunu-maistas","10":"product_cat-sunu-prekiu-gamintojai","11":"product_tag-begrudis-sunu-maistas","12":"product_tag-edalas-sunims","13":"product_tag-super-premium-maistas-sunims","14":"pa_pasaro-sudetis-vabzdziai","15":"pa_pasaro-sudetis-vaisiai","16":"pa_pasaro-sudetis-vistiena","17":"pa_prekiu-zenklai-brit-care","18":"pa_suns-amzius-senjorams","19":"pa_veisles-dydis-didelems-veislems","20":"pa_veisles-dydis-mazoms-veislems","21":"pa_veisles-dydis-vidutinems-veislems","22":"pa_veisles-dydis-visu-dydziu-veislems","24":"first","25":"instock","26":"featured","27":"taxable","28":"shipping-taxable","29":"purchasable","30":"product-type-variable"},"acf":[],"_links":{"self":[{"href":"https:\/\/zooprekes24.lt\/lv\/wp-json\/wp\/v2\/product\/22497","targetHints":{"allow":["GET"]}}],"collection":[{"href":"https:\/\/zooprekes24.lt\/lv\/wp-json\/wp\/v2\/product"}],"about":[{"href":"https:\/\/zooprekes24.lt\/lv\/wp-json\/wp\/v2\/types\/product"}],"replies":[{"embeddable":true,"href":"https:\/\/zooprekes24.lt\/lv\/wp-json\/wp\/v2\/comments?post=22497"}],"wp:featuredmedia":[{"embeddable":true,"href":"https:\/\/zooprekes24.lt\/lv\/wp-json\/wp\/v2\/media\/27851"}],"wp:attachment":[{"href":"https:\/\/zooprekes24.lt\/lv\/wp-json\/wp\/v2\/media?parent=22497"}],"wp:term":[{"taxonomy":"product_brand","embeddable":true,"href":"https:\/\/zooprekes24.lt\/lv\/wp-json\/wp\/v2\/product_brand?post=22497"},{"taxonomy":"product_cat","embeddable":true,"href":"https:\/\/zooprekes24.lt\/lv\/wp-json\/wp\/v2\/product_cat?post=22497"},{"taxonomy":"product_tag","embeddable":true,"href":"https:\/\/zooprekes24.lt\/lv\/wp-json\/wp\/v2\/product_tag?post=22497"}],"curies":[{"name":"wp","href":"https:\/\/api.w.org\/{rel}","templated":true}]}}