{"id":22496,"date":"2024-04-19T13:01:51","date_gmt":"2024-04-19T10:01:51","guid":{"rendered":"https:\/\/zooprekes24.lt\/produktas\/brit-care-adult-large-breed-salmon-potato\/"},"modified":"2024-06-20T15:58:52","modified_gmt":"2024-06-20T12:58:52","slug":"brit-care-pieauguso-lielo-skirnu-lasu-kartupeli","status":"publish","type":"product","link":"https:\/\/zooprekes24.lt\/lv\/produktas\/brit-care-adult-large-breed-salmon-potato\/","title":{"rendered":"Brit Care Adult Large Breed Salmon saus\u0101 bar\u012bba su\u0146iem"},"content":{"rendered":"<h3>Brit Care Adult Large Breed Salmon - Super Premium klases bar\u012bba bez graudiem pieaugu\u0161iem lielo \u0161\u0137ir\u0146u su\u0146iem. T\u0101 satur b\u016btiskas hondroprotekt\u012bv\u0101s vielas vesel\u012bgu loc\u012btavu un skrim\u0161\u013cu uztur\u0113\u0161anai, k\u0101 ar\u012b lielu daudzumu uzturviel\u0101m bag\u0101tu olbaltumvielu un tauksk\u0101bju, kas r\u016bp\u0113jas par j\u016bsu m\u012blu\u013ca \u0101das un ka\u017eoka st\u0101vokli. Bez graudaugu bar\u012bba ir ide\u0101li piem\u0113rota su\u0146iem, kuriem ir nelabv\u0113l\u012bga reakcija uz cita veida bar\u012bbu.<\/h3>\n<ul>\n<li>Probiotikas un antioksidanti pal\u012bdz stiprin\u0101t im\u016bnsist\u0113mu un veicina gremo\u0161anas sist\u0113mas vesel\u012bbu.<\/li>\n<li>Hondroprotektori pal\u012bdz uztur\u0113t vesel\u012bgas loc\u012btavas, kaulus un skrim\u0161\u013cus, kas ir \u013coti svar\u012bgi lielo \u0161\u0137ir\u0146u su\u0146iem.<\/li>\n<li>Optim\u0101ls aminosk\u0101bju profils, kas ir <a href=\"https:\/\/krmivo-brit.cz\/cs\" target=\"_blank\" rel=\"noopener\">Brit Care<\/a> Pieaugu\u0161o lielo \u0161\u0137ir\u0146u la\u0161i p\u0101rtik\u0101\u00a0<a href=\"https:\/\/zooprekes24.lt\/lv\/products\/fitmin-purity-sport-regeneracija-sunims\/\" target=\"_blank\" rel=\"noopener\">pal\u012bdz atjaunot musku\u013cu audus.<\/a><\/li>\n<\/ul>","protected":false},"excerpt":{"rendered":"<p>Brit Care Adult Large Breed Salmon &#8211; Super Premium, begr\u016bdis maistas skirtas suaugusiems dideli\u0173 veisli\u0173 \u0161unims. Sud\u0117tyje yra b\u016btin\u0173 chondroprotektini\u0173 med\u017eiag\u0173 sveikiems s\u0105nariams ir kremzl\u0117ms palaikyti bei daug maisting\u0173 baltym\u0173 ir riebal\u0173 r\u016bg\u0161\u010di\u0173, kurios r\u016bpinasi augintinio odos ir kailio b\u016bkle.\u00a0Begr\u016bd\u0117 formul\u0117 idealiai tinka \u0161unims, turintiems nepageidaujam\u0173 reakcij\u0173 \u012f kitokio tipo maist\u0105. Probiotikai ir antioksidantai padeda&#8230;<\/p>","protected":false},"featured_media":27569,"comment_status":"closed","ping_status":"closed","template":"","meta":{"_acf_changed":false,"slim_seo":{"title":"Brit Care Adult Large Breed Salmon sausas maistas \u0161unims - Zooprekes24","description":"Brit Care Adult Large Breed Salmon - Super Premium klases bar\u012bba bez graudiem pieaugu\u0161iem lielo \u0161\u0137ir\u0146u su\u0146iem. Satur b\u016btiskas hondroprotekt\u012bv\u0101s vielas"},"iawp_total_views":134},"product_brand":[],"product_cat":[9001,9029,9002,8999,29,31],"product_tag":[176,177,200],"class_list":{"0":"post-22496","1":"product","2":"type-product","3":"status-publish","4":"has-post-thumbnail","6":"product_cat-begrudis-maistas","7":"product_cat-brit-care","8":"product_cat-sausas-maistas","9":"product_cat-sunims","10":"product_cat-sunu-maistas","11":"product_cat-sunu-prekiu-gamintojai","12":"product_tag-begrudis-sunu-maistas","13":"product_tag-edalas-sunims","14":"product_tag-super-premium-maistas-sunims","15":"pa_pasaro-sudetis-bulves","16":"pa_pasaro-sudetis-lasisa","17":"pa_pasaro-sudetis-vaisiai","18":"pa_pasaro-sudetis-zuvis","19":"pa_prekiu-zenklai-brit-care","20":"pa_suns-amzius-suaugusiems","21":"pa_veisles-dydis-didelems-veislems","23":"first","24":"instock","25":"featured","26":"taxable","27":"shipping-taxable","28":"purchasable","29":"product-type-variable"},"acf":[],"_links":{"self":[{"href":"https:\/\/zooprekes24.lt\/lv\/wp-json\/wp\/v2\/product\/22496","targetHints":{"allow":["GET"]}}],"collection":[{"href":"https:\/\/zooprekes24.lt\/lv\/wp-json\/wp\/v2\/product"}],"about":[{"href":"https:\/\/zooprekes24.lt\/lv\/wp-json\/wp\/v2\/types\/product"}],"replies":[{"embeddable":true,"href":"https:\/\/zooprekes24.lt\/lv\/wp-json\/wp\/v2\/comments?post=22496"}],"wp:featuredmedia":[{"embeddable":true,"href":"https:\/\/zooprekes24.lt\/lv\/wp-json\/wp\/v2\/media\/27569"}],"wp:attachment":[{"href":"https:\/\/zooprekes24.lt\/lv\/wp-json\/wp\/v2\/media?parent=22496"}],"wp:term":[{"taxonomy":"product_brand","embeddable":true,"href":"https:\/\/zooprekes24.lt\/lv\/wp-json\/wp\/v2\/product_brand?post=22496"},{"taxonomy":"product_cat","embeddable":true,"href":"https:\/\/zooprekes24.lt\/lv\/wp-json\/wp\/v2\/product_cat?post=22496"},{"taxonomy":"product_tag","embeddable":true,"href":"https:\/\/zooprekes24.lt\/lv\/wp-json\/wp\/v2\/product_tag?post=22496"}],"curies":[{"name":"wp","href":"https:\/\/api.w.org\/{rel}","templated":true}]}}