{"id":22494,"date":"2024-04-19T13:01:51","date_gmt":"2024-04-19T10:01:51","guid":{"rendered":"https:\/\/zooprekes24.lt\/produktas\/brit-care-adult-salmon-potato\/"},"modified":"2024-06-20T16:17:09","modified_gmt":"2024-06-20T13:17:09","slug":"brit-care-pieauguso-lasu-kartupeli","status":"publish","type":"product","link":"https:\/\/zooprekes24.lt\/lv\/produktas\/brit-care-adult-salmon-potato\/","title":{"rendered":"Brit Care Adult Salmon saus\u0101 bar\u012bba su\u0146iem"},"content":{"rendered":"<h3>Brit Care Adult Salmon - Super Premium Grain Free Dry Food ir \u012bpa\u0161i izstr\u0101d\u0101ta maziem un vid\u0113ja lieluma su\u0146iem. \u0160\u012b recepte pal\u012bdz uztur\u0113t labu \u0101das un ka\u017eoka st\u0101vokli, optim\u0101lu sirds darb\u012bbu un sp\u0113c\u012bgu imunit\u0101ti.<\/h3>\n<ul>\n<li>Smilts\u0113rk\u0161\u0137i veicina nieru un ur\u012bnce\u013cu vesel\u012bbu.<\/li>\n<li>Omega 3 tauksk\u0101bes stimul\u0113 musku\u013cu sint\u0113zi un veicina \u0101tr\u0101ku musku\u013cu atjauno\u0161anos.<\/li>\n<li>augsts omega-3 tauksk\u0101bju l\u012bmenis\u00a0<a href=\"https:\/\/zooprekes24.lt\/lv\/products\/fitmin-tiribas-lasi-ella-300ml\/\" target=\"_blank\" rel=\"noopener\">Pie\u0161\u0137ir su\u0146a ka\u017eokam sp\u012bdumu<\/a> un r\u016bp\u0113ties par \u0101das vesel\u012bbu.<\/li>\n<li><a href=\"https:\/\/krmivo-brit.cz\/cs\" target=\"_blank\" rel=\"noopener\">Brit Care<\/a> Probiotikas un antioksidanti, kas iek\u013cauti pieaugu\u0161o bar\u012bb\u0101 \"Lasis un kartupelis\", stiprina j\u016bsu m\u012blu\u013ca im\u016bnsist\u0113mu un veicina labu gremo\u0161anas funkciju.<\/li>\n<\/ul>","protected":false},"excerpt":{"rendered":"<p>Brit Care Adult Salmon &#8211; Super Premium begr\u016bdis sausas maistas buvo specialiai sukurtas ma\u017e\u0173 ir vidutini\u0173 veisli\u0173 \u0161unims. \u0160is receptas gali pad\u0117ti palaikyti ger\u0105 odos ir kailio b\u016bkl\u0119, optimali\u0105 \u0161irdies veikl\u0105 bei stipr\u0173 imunitet\u0105. \u0160altalankiai prisideda prie inkst\u0173 ir \u0161lapimo tak\u0173 sveikatos palaikymo. Omega-3 riebal\u0173 r\u016bg\u0161tys skatina raumen\u0173 sintez\u0119 ir prisideda prie greitesnio j\u0173 atsigavimo&#8230;.<\/p>","protected":false},"featured_media":27571,"comment_status":"closed","ping_status":"closed","template":"","meta":{"_acf_changed":false,"slim_seo":{"title":"Brit Care Adult Salmon sausas maistas \u0161unims - Zooprekes24","description":"Brit Care Adult Salmon - Super Premium Grain Free Dry Food ir \u012bpa\u0161i izstr\u0101d\u0101ta maziem un vid\u0113ja lieluma su\u0146iem. \u0160\u012b recepte var pal\u012bdz\u0113t uztur\u0113t labu"},"iawp_total_views":251},"product_brand":[],"product_cat":[9001,9029,9002,8999,29,31],"product_tag":[176,177,200],"class_list":{"0":"post-22494","1":"product","2":"type-product","3":"status-publish","4":"has-post-thumbnail","6":"product_cat-begrudis-maistas","7":"product_cat-brit-care","8":"product_cat-sausas-maistas","9":"product_cat-sunims","10":"product_cat-sunu-maistas","11":"product_cat-sunu-prekiu-gamintojai","12":"product_tag-begrudis-sunu-maistas","13":"product_tag-edalas-sunims","14":"product_tag-super-premium-maistas-sunims","15":"pa_pasaro-sudetis-bulves","16":"pa_pasaro-sudetis-lasisa","17":"pa_pasaro-sudetis-vaisiai","18":"pa_pasaro-sudetis-zuvis","19":"pa_prekiu-zenklai-brit-care","20":"pa_suns-amzius-suaugusiems","21":"pa_veisles-dydis-didelems-veislems","22":"pa_veisles-dydis-mazoms-veislems","23":"pa_veisles-dydis-vidutinems-veislems","24":"pa_veisles-dydis-visu-dydziu-veislems","26":"first","27":"instock","28":"featured","29":"taxable","30":"shipping-taxable","31":"purchasable","32":"product-type-variable"},"acf":[],"_links":{"self":[{"href":"https:\/\/zooprekes24.lt\/lv\/wp-json\/wp\/v2\/product\/22494","targetHints":{"allow":["GET"]}}],"collection":[{"href":"https:\/\/zooprekes24.lt\/lv\/wp-json\/wp\/v2\/product"}],"about":[{"href":"https:\/\/zooprekes24.lt\/lv\/wp-json\/wp\/v2\/types\/product"}],"replies":[{"embeddable":true,"href":"https:\/\/zooprekes24.lt\/lv\/wp-json\/wp\/v2\/comments?post=22494"}],"wp:featuredmedia":[{"embeddable":true,"href":"https:\/\/zooprekes24.lt\/lv\/wp-json\/wp\/v2\/media\/27571"}],"wp:attachment":[{"href":"https:\/\/zooprekes24.lt\/lv\/wp-json\/wp\/v2\/media?parent=22494"}],"wp:term":[{"taxonomy":"product_brand","embeddable":true,"href":"https:\/\/zooprekes24.lt\/lv\/wp-json\/wp\/v2\/product_brand?post=22494"},{"taxonomy":"product_cat","embeddable":true,"href":"https:\/\/zooprekes24.lt\/lv\/wp-json\/wp\/v2\/product_cat?post=22494"},{"taxonomy":"product_tag","embeddable":true,"href":"https:\/\/zooprekes24.lt\/lv\/wp-json\/wp\/v2\/product_tag?post=22494"}],"curies":[{"name":"wp","href":"https:\/\/api.w.org\/{rel}","templated":true}]}}