{"id":22493,"date":"2024-04-19T13:01:51","date_gmt":"2024-04-19T10:01:51","guid":{"rendered":"https:\/\/zooprekes24.lt\/produktas\/brit-care-hypoallergenic-dog-show\/"},"modified":"2024-06-20T18:00:18","modified_gmt":"2024-06-20T15:00:18","slug":"brit-care-hipoalergiska-sunu-izstade","status":"publish","type":"product","link":"https:\/\/zooprekes24.lt\/lv\/produktas\/brit-care-hypoallergenic-dog-show\/","title":{"rendered":"Brit Care Hipoaler\u0123iska saus\u0101 bar\u012bba su\u0146iem Show Champion"},"content":{"rendered":"<h3>Brit Care Hypoallergenic Dog Show Champion - Super Premium Hypoallergenic Single Animal Protein Dry Food ir \u012bpa\u0161i izstr\u0101d\u0101ta izst\u0101\u017eu su\u0146iem. Augsts Omega-3 un Omega-6 tauksk\u0101bju l\u012bmenis pal\u012bdz uztur\u0113t labu \u0101das st\u0101vokli un sp\u012bd\u012bgu ka\u017eoku. L-triptof\u0101ns pal\u012bdz nomierin\u0101t stresa situ\u0101cij\u0101s. Probiotikas pal\u012bdz uztur\u0113t labu gremo\u0161anas sist\u0113mu. Piena dadzis ir sast\u0101vda\u013ca, kas pal\u012bdz uztur\u0113t labu aknu darb\u012bbu un att\u012br\u012bt organismu no toks\u012bniem.<\/h3>\n<ul>\n<li class=\"benefits__item\">L-triptof\u0101ns pal\u012bdz j\u016bsu m\u0101jdz\u012bvniekam nomierin\u0101ties stresa situ\u0101cij\u0101s.<\/li>\n<li>Probiotikas un antioksidanti stiprina im\u016bnsist\u0113mu un veicina labu gremo\u0161anas darb\u012bbu.<\/li>\n<li><a href=\"https:\/\/krmivo-brit.cz\/cs\" target=\"_blank\" rel=\"noopener\">Brit Care<\/a> Hypoallergenic Dog Show Champion ir bag\u0101ts ar Omega-3 tauksk\u0101b\u0113m, kas <a href=\"https:\/\/zooprekes24.lt\/lv\/products\/fitmin-tiribas-lasi-ella-300ml\/\" target=\"_blank\" rel=\"noopener\">Pie\u0161\u0137ir m\u0113tel\u012b sp\u012bdumu<\/a> un r\u016bp\u0113ties par \u0101das vesel\u012bbu.<\/li>\n<\/ul>","protected":false},"excerpt":{"rendered":"<p>Brit Care Hypoallergenic Dog Show Champion &#8211; Super Premium hipoalergeninis vieno gyv\u016bninio baltymo sausas maistas buvo specialiai sukurtas \u0161unims, kurie dalyvauja parodose. Didelis Omega-3 ir Omega-6 riebal\u0173 r\u016bg\u0161\u010di\u0173 kiekis padeda palaikyti ger\u0105 odos b\u016bkl\u0119 ir blizgant\u012f kail\u012f. L-triptofanas padeda nusiraminti stresin\u0117se situacijose. Sud\u0117tyje esantys probiotikai padeda palaikyti ger\u0105 vir\u0161kinimo sistemos veikl\u0105. Tikrasis margainis &#8211; ingredientas,&#8230;<\/p>","protected":false},"featured_media":27594,"comment_status":"closed","ping_status":"closed","template":"","meta":{"_acf_changed":false,"slim_seo":{"title":"Brit Care Hypoallergenic Dog Show Champion sausas maistas \u0161unims - Zooprekes24","description":"Brit Care Hypoallergenic Dog Show Champion - Super Premium hipoalergeninis vieno gyv\u016bninio baltymo sausas maistas buvo specialiai sukurtas \u0161unims, kurie dalyvau"},"iawp_total_views":155},"product_brand":[],"product_cat":[9029,9002,8999,29,31],"product_tag":[176,177,555,200],"class_list":{"0":"post-22493","1":"product","2":"type-product","3":"status-publish","4":"has-post-thumbnail","6":"product_cat-brit-care","7":"product_cat-sausas-maistas","8":"product_cat-sunims","9":"product_cat-sunu-maistas","10":"product_cat-sunu-prekiu-gamintojai","11":"product_tag-begrudis-sunu-maistas","12":"product_tag-edalas-sunims","13":"product_tag-hipoalerginis","14":"product_tag-super-premium-maistas-sunims","15":"pa_pasaro-sudetis-lasisa","16":"pa_pasaro-sudetis-vaisiai","17":"pa_pasaro-sudetis-zuvis","18":"pa_prekiu-zenklai-brit-care","19":"pa_suns-amzius-suaugusiems","20":"pa_veisles-dydis-didelems-veislems","21":"pa_veisles-dydis-mazoms-veislems","22":"pa_veisles-dydis-vidutinems-veislems","23":"pa_veisles-dydis-visu-dydziu-veislems","25":"first","26":"instock","27":"featured","28":"taxable","29":"shipping-taxable","30":"purchasable","31":"product-type-variable"},"acf":[],"_links":{"self":[{"href":"https:\/\/zooprekes24.lt\/lv\/wp-json\/wp\/v2\/product\/22493","targetHints":{"allow":["GET"]}}],"collection":[{"href":"https:\/\/zooprekes24.lt\/lv\/wp-json\/wp\/v2\/product"}],"about":[{"href":"https:\/\/zooprekes24.lt\/lv\/wp-json\/wp\/v2\/types\/product"}],"replies":[{"embeddable":true,"href":"https:\/\/zooprekes24.lt\/lv\/wp-json\/wp\/v2\/comments?post=22493"}],"wp:featuredmedia":[{"embeddable":true,"href":"https:\/\/zooprekes24.lt\/lv\/wp-json\/wp\/v2\/media\/27594"}],"wp:attachment":[{"href":"https:\/\/zooprekes24.lt\/lv\/wp-json\/wp\/v2\/media?parent=22493"}],"wp:term":[{"taxonomy":"product_brand","embeddable":true,"href":"https:\/\/zooprekes24.lt\/lv\/wp-json\/wp\/v2\/product_brand?post=22493"},{"taxonomy":"product_cat","embeddable":true,"href":"https:\/\/zooprekes24.lt\/lv\/wp-json\/wp\/v2\/product_cat?post=22493"},{"taxonomy":"product_tag","embeddable":true,"href":"https:\/\/zooprekes24.lt\/lv\/wp-json\/wp\/v2\/product_tag?post=22493"}],"curies":[{"name":"wp","href":"https:\/\/api.w.org\/{rel}","templated":true}]}}