{"id":22492,"date":"2024-04-19T13:01:51","date_gmt":"2024-04-19T10:01:51","guid":{"rendered":"https:\/\/zooprekes24.lt\/produktas\/brit-care-hypoallergenic-adult-lb-lamb\/"},"modified":"2024-09-26T12:00:59","modified_gmt":"2024-09-26T09:00:59","slug":"brit-care-hipoalergisks-jera-gala-pieaugusajiem-lb","status":"publish","type":"product","link":"https:\/\/zooprekes24.lt\/lv\/produktas\/brit-care-hypoallergenic-adult-lb-lamb\/","title":{"rendered":"Brit Care Hypoallergenic Adult Large Breed Lamb saus\u0101 bar\u012bba su\u0146iem"},"content":{"rendered":"<h3>Brit Care Hypoallergenic Adult Large Breed Lamb - Super Premium hipoaler\u0123iska bar\u012bba ar vienu prote\u012bnu aler\u0123isku reakciju nov\u0113r\u0161anai. Ide\u0101li piem\u0113rota pieaugu\u0161iem lielo \u0161\u0137ir\u0146u su\u0146iem ar jut\u012bgu gremo\u0161anu, k\u0101 ar\u012b m\u0101jdz\u012bvniekiem ar \u012bpa\u0161\u0101m uztura vajadz\u012bb\u0101m. Recept\u016bra ir bag\u0101tin\u0101ta ar probiotik\u0101m, lai nodro\u0161in\u0101tu l\u012bdzsvarotu zarnu mikrofloru, un ar grie\u0137u sier\u0101boli\u0146u, kas pal\u012bdz uztur\u0113t labu aknu darb\u012bbu.<\/h3>\n<ul>\n<li>Hondroprotektori pal\u012bdz uztur\u0113t vesel\u012bgas loc\u012btavas, kaulus un skrim\u0161\u013cus.<\/li>\n<li>Probiotikas un antioksidanti pal\u012bdz stiprin\u0101t im\u016bnsist\u0113mu un veicina gremo\u0161anas sist\u0113mas vesel\u012bbu.<\/li>\n<li>Optim\u0101ls aminosk\u0101bju profils, kas ir <a href=\"https:\/\/krmivo-brit.cz\/cs\" target=\"_blank\" rel=\"noopener\">Brit Care<\/a> Hypoallergenic Adult Large Breed Lamb bar\u012bb\u0101\u00a0<a href=\"https:\/\/zooprekes24.lt\/lv\/products\/fitmin-purity-sport-regeneracija-sunims\/\" target=\"_blank\" rel=\"noopener\">pal\u012bdz atjaunot musku\u013cu audus.<\/a><\/li>\n<\/ul>","protected":false},"excerpt":{"rendered":"<p>Brit Care Hypoallergenic Adult Large Breed Lamb &#8211; Super Premium hipoalerginis vieno baltymo maistas skirtas alergini\u0173 reakcij\u0173 prevencijai. Idealiai tinka suaugusiems dideli\u0173 veisli\u0173 \u0161unims, kurie turi jautr\u0173 vir\u0161kinim\u0105, taip pat augintiniams, kurie turi speciali\u0173 mitybos poreiki\u0173. Receptas praturtintas probiotikais, u\u017etikrinan\u010diais subalansuot\u0105 \u017earnyno mikroflor\u0105 bei tikruoju margainiu, kuris padeda palaikyti ger\u0105 kepen\u0173 veikl\u0105. Chondroprotektoriai padeda palaikyti&#8230;<\/p>","protected":false},"featured_media":27586,"comment_status":"closed","ping_status":"closed","template":"","meta":{"_acf_changed":false,"slim_seo":{"title":"Brit Care Hypoallergenic Adult Large Breed Lamb sausas maistas \u0161unims - Zooprekes24","description":"Brit Care Hypoallergenic Adult Large Breed Lamb - Super Premium hipoaler\u0123iska bar\u012bba ar vienu prote\u012bnu aler\u0123isku reakciju nov\u0113r\u0161anai. Ide\u0101li piem\u0113rots pieaugu\u0161ajiem"},"iawp_total_views":379},"product_brand":[],"product_cat":[9029,9002,8999,29,31],"product_tag":[176,177,555,200],"class_list":{"0":"post-22492","1":"product","2":"type-product","3":"status-publish","4":"has-post-thumbnail","6":"product_cat-brit-care","7":"product_cat-sausas-maistas","8":"product_cat-sunims","9":"product_cat-sunu-maistas","10":"product_cat-sunu-prekiu-gamintojai","11":"product_tag-begrudis-sunu-maistas","12":"product_tag-edalas-sunims","13":"product_tag-hipoalerginis","14":"product_tag-super-premium-maistas-sunims","15":"pa_pasaro-sudetis-eriena","16":"pa_pasaro-sudetis-ryziai","17":"pa_pasaro-sudetis-vaisiai","18":"pa_prekiu-zenklai-brit-care","19":"pa_suns-amzius-suaugusiems","20":"pa_veisles-dydis-didelems-veislems","22":"first","23":"instock","24":"featured","25":"taxable","26":"shipping-taxable","27":"purchasable","28":"product-type-variable"},"acf":[],"_links":{"self":[{"href":"https:\/\/zooprekes24.lt\/lv\/wp-json\/wp\/v2\/product\/22492","targetHints":{"allow":["GET"]}}],"collection":[{"href":"https:\/\/zooprekes24.lt\/lv\/wp-json\/wp\/v2\/product"}],"about":[{"href":"https:\/\/zooprekes24.lt\/lv\/wp-json\/wp\/v2\/types\/product"}],"replies":[{"embeddable":true,"href":"https:\/\/zooprekes24.lt\/lv\/wp-json\/wp\/v2\/comments?post=22492"}],"wp:featuredmedia":[{"embeddable":true,"href":"https:\/\/zooprekes24.lt\/lv\/wp-json\/wp\/v2\/media\/27586"}],"wp:attachment":[{"href":"https:\/\/zooprekes24.lt\/lv\/wp-json\/wp\/v2\/media?parent=22492"}],"wp:term":[{"taxonomy":"product_brand","embeddable":true,"href":"https:\/\/zooprekes24.lt\/lv\/wp-json\/wp\/v2\/product_brand?post=22492"},{"taxonomy":"product_cat","embeddable":true,"href":"https:\/\/zooprekes24.lt\/lv\/wp-json\/wp\/v2\/product_cat?post=22492"},{"taxonomy":"product_tag","embeddable":true,"href":"https:\/\/zooprekes24.lt\/lv\/wp-json\/wp\/v2\/product_tag?post=22492"}],"curies":[{"name":"wp","href":"https:\/\/api.w.org\/{rel}","templated":true}]}}