{"id":22491,"date":"2024-04-19T13:01:51","date_gmt":"2024-04-19T10:01:51","guid":{"rendered":"https:\/\/zooprekes24.lt\/produktas\/brit-care-hypoallergenic-junior-lb-lamb\/"},"modified":"2024-06-20T18:07:45","modified_gmt":"2024-06-20T15:07:45","slug":"brit-care-hypoallergenic-junior-lb-jera-gala","status":"publish","type":"product","link":"https:\/\/zooprekes24.lt\/lv\/produktas\/brit-care-hypoallergenic-junior-lb-lamb\/","title":{"rendered":"Brit Care Hypoallergenic Junior Large Breed Lamb saus\u0101 bar\u012bba su\u0146iem"},"content":{"rendered":"<h3>Brit Care Hypoallergenic Junior Large Breed Lamb &#8211;\u00a0Super Premium, hipoalerginis vieno baltymo maistas skirtas sveikam <a href=\"https:\/\/zooprekes24.lt\/kategorija\/prekes-sunims\/sunu-maistas\/?filters=veisles-dydis[239]|suns-amzius[235]\" target=\"_blank\" rel=\"noopener\">dideli\u0173 veisli\u0173 \u0161uniuk\u0173<\/a> vystymuisi ir imuniteto palaikymui. Maistas ypatingai tinkamas \u0161unims, kurie turi jautr\u0173 vir\u0161kinim\u0105, taip pat augintiniams, turintiems speciali\u0173 mitybos reikalavim\u0173. Receptas praturtintas probiotikais, kad subalansuot\u0173 \u017earnyno mikroflor\u0105 ir palaikyt\u0173 dideli\u0173 veisli\u0173 \u0161uniuk\u0173 imunitet\u0105.<\/h3>\n<ul>\n<li>Subalansuotas baltym\u0173 ir riebal\u0173 kiekis, optimaliam augimo palaikymui.<\/li>\n<li>Chondroprotektoriai padeda palaikyti sveik\u0105 s\u0105nari\u0173, kaul\u0173 ir kremzli\u0173 augim\u0105 bei vystym\u0105si.<\/li>\n<li><a href=\"https:\/\/krmivo-brit.cz\/cs\" target=\"_blank\" rel=\"noopener\">Brit Care<\/a> Hypoallergenic Junior Large Breed Lamb maisto sud\u0117tyje esantys probiotikai ir antioksidantai stiprina augintinio imunin\u0119 sistem\u0105 ir palaiko ger\u0105 vir\u0161kinimo sistemos veikl\u0105.<\/li>\n<\/ul>\n","protected":false},"excerpt":{"rendered":"<p>Brit Care Hypoallergenic Junior Large Breed Lamb &#8211;\u00a0Super Premium, hipoalerginis vieno baltymo maistas skirtas sveikam dideli\u0173 veisli\u0173 \u0161uniuk\u0173 vystymuisi ir imuniteto palaikymui. Maistas ypatingai tinkamas \u0161unims, kurie turi jautr\u0173 vir\u0161kinim\u0105, taip pat augintiniams, turintiems speciali\u0173 mitybos reikalavim\u0173. Receptas praturtintas probiotikais, kad subalansuot\u0173 \u017earnyno mikroflor\u0105 ir palaikyt\u0173 dideli\u0173 veisli\u0173 \u0161uniuk\u0173 imunitet\u0105. Subalansuotas baltym\u0173 ir riebal\u0173 kiekis,&#8230;<\/p>","protected":false},"featured_media":27596,"comment_status":"closed","ping_status":"closed","template":"","meta":{"_acf_changed":false,"slim_seo":{"title":"Brit Care Hypoallergenic Junior Large Breed Lamb sausas maistas \u0161unims - Zooprekes24","description":"Brit Care Hypoallergenic Junior Large Breed Lamb - Super Premium hipoaler\u0123iska bar\u012bba ar vienu prote\u012bnu lielu \u0161\u0137ir\u0146u kuc\u0113nu vesel\u012bgai att\u012bst\u012bbai un im\u016bnsist\u0113mas atbalstam."},"iawp_total_views":237},"product_brand":[],"product_cat":[9029,9002,8999,29,31],"product_tag":[176,177,200],"class_list":{"0":"post-22491","1":"product","2":"type-product","3":"status-publish","4":"has-post-thumbnail","6":"product_cat-brit-care","7":"product_cat-sausas-maistas","8":"product_cat-sunims","9":"product_cat-sunu-maistas","10":"product_cat-sunu-prekiu-gamintojai","11":"product_tag-begrudis-sunu-maistas","12":"product_tag-edalas-sunims","13":"product_tag-super-premium-maistas-sunims","14":"pa_pasaro-sudetis-eriena","15":"pa_pasaro-sudetis-ryziai","16":"pa_pasaro-sudetis-vaisiai","17":"pa_prekiu-zenklai-brit-care","18":"pa_suns-amzius-jauniems","19":"pa_veisles-dydis-didelems-veislems","21":"first","22":"instock","23":"featured","24":"taxable","25":"shipping-taxable","26":"purchasable","27":"product-type-variable"},"acf":[],"_links":{"self":[{"href":"https:\/\/zooprekes24.lt\/lv\/wp-json\/wp\/v2\/product\/22491","targetHints":{"allow":["GET"]}}],"collection":[{"href":"https:\/\/zooprekes24.lt\/lv\/wp-json\/wp\/v2\/product"}],"about":[{"href":"https:\/\/zooprekes24.lt\/lv\/wp-json\/wp\/v2\/types\/product"}],"replies":[{"embeddable":true,"href":"https:\/\/zooprekes24.lt\/lv\/wp-json\/wp\/v2\/comments?post=22491"}],"wp:featuredmedia":[{"embeddable":true,"href":"https:\/\/zooprekes24.lt\/lv\/wp-json\/wp\/v2\/media\/27596"}],"wp:attachment":[{"href":"https:\/\/zooprekes24.lt\/lv\/wp-json\/wp\/v2\/media?parent=22491"}],"wp:term":[{"taxonomy":"product_brand","embeddable":true,"href":"https:\/\/zooprekes24.lt\/lv\/wp-json\/wp\/v2\/product_brand?post=22491"},{"taxonomy":"product_cat","embeddable":true,"href":"https:\/\/zooprekes24.lt\/lv\/wp-json\/wp\/v2\/product_cat?post=22491"},{"taxonomy":"product_tag","embeddable":true,"href":"https:\/\/zooprekes24.lt\/lv\/wp-json\/wp\/v2\/product_tag?post=22491"}],"curies":[{"name":"wp","href":"https:\/\/api.w.org\/{rel}","templated":true}]}}