{"id":22490,"date":"2024-04-19T13:01:51","date_gmt":"2024-04-19T10:01:51","guid":{"rendered":"https:\/\/zooprekes24.lt\/produktas\/brit-care-sustainable-activity-sunims\/"},"modified":"2024-06-27T14:44:03","modified_gmt":"2024-06-27T11:44:03","slug":"brit-care-ilgtspejiga-darbiba-sunims","status":"publish","type":"product","link":"https:\/\/zooprekes24.lt\/lv\/produktas\/brit-care-sustainable-activity-sunims\/","title":{"rendered":"Brit Care Sustainable Activity Chicken &amp; Insect saus\u0101 bar\u012bba su\u0146iem"},"content":{"rendered":"<h3>Brit Care Sustainable Activity Chicken &amp; Insect - Super Premium ilgtsp\u0113j\u012bga un videi draudz\u012bga saus\u0101 bar\u012bba, kas izstr\u0101d\u0101ta, lai atbalst\u012btu j\u016bsu su\u0146a gremo\u0161anas sist\u0113mu, mazin\u0101tu stresu, uzlabotu fizisko st\u0101vokli un nodro\u0161in\u0101tu ener\u0123iju. Ide\u0101li piem\u0113rota <a href=\"https:\/\/zooprekes24.lt\/lv\/?s=performance&amp;post_type=product\" target=\"_blank\" rel=\"noopener\">akt\u012bviem su\u0146iem<\/a>. Tas satur viegli sagremojamas un uzturviel\u0101m bag\u0101tas olbaltumvielas ar aminosk\u0101b\u0113m, kas nodro\u0161ina lielisku musku\u013cu tonusu.<\/h3>\n<ul>\n<li>Omega-3 un DHA veicina norm\u0101lu sirds darb\u012bbu, palielina ener\u0123iju un stimul\u0113 im\u016bnsist\u0113mu.<\/li>\n<li>Piel\u0101got\u0101 olbaltumvielu formula pal\u012bdz ne tikai uztur\u0113t optim\u0101lu musku\u013cu tonusu, bet ar\u012b palielina su\u0146a iztur\u012bbu.<\/li>\n<li>Videi draudz\u012bga p\u0101rtika, kas ra\u017eota no ilgtsp\u0113j\u012bg\u0101m olbaltumviel\u0101m un sast\u0101vda\u013c\u0101m ar 35 % maz\u0101ku negat\u012bvo ietekmi uz vidi.<\/li>\n<li><a href=\"https:\/\/brit-petfood.com\/en\/company-profile\" target=\"_blank\" rel=\"noopener\">Brit Care<\/a> L-karnit\u012bns ilgtsp\u0113j\u012bgas aktivit\u0101tes p\u0101rtikas produktos nodro\u0161ina \u0101tru ener\u0123iju un uzlabo musku\u013cu atjauno\u0161anos.<\/li>\n<\/ul>","protected":false},"excerpt":{"rendered":"<p>Brit Care Sustainable Activity Chicken &amp; Insect &#8211; Super Premium tvarus ir draugi\u0161kas gamtai sausas maistas skirtas palaikyti ger\u0105 \u0161uns vir\u0161kinimo veikl\u0105, suma\u017einti stres\u0105, pagerinti fizin\u0119 b\u016bkl\u0119 bei apr\u016bpinti reikiama energij\u0105. Idealiai tinka aktyviems \u0161unims. Sud\u0117tyje yra lengvai vir\u0161kinam\u0173 ir maisting\u0173 baltym\u0173 su amino r\u016bg\u0161timis, kurios u\u017etikrina puik\u0173 raumen\u0173 tonus\u0105. Omega-3 ir DHR palaiko normali\u0105&#8230;<\/p>","protected":false},"featured_media":27837,"comment_status":"closed","ping_status":"closed","template":"","meta":{"_acf_changed":false,"slim_seo":{"title":"Brit Care Sustainable Activity Chicken & Insect sausas maistas \u0161unims - Zooprekes24","description":"Brit Care Sustainable Activity Chicken &amp; Insect - Super Premium tvarus ir draugi\u0161kas gamtai sausas maistas skirtas palaikyti ger\u0105 \u0161uns vir\u0161kinimo veikl\u0105, su"},"iawp_total_views":41},"product_brand":[],"product_cat":[9029,9002,8999,29,31],"product_tag":[697,177,555,200],"class_list":{"0":"post-22490","1":"product","2":"type-product","3":"status-publish","4":"has-post-thumbnail","6":"product_cat-brit-care","7":"product_cat-sausas-maistas","8":"product_cat-sunims","9":"product_cat-sunu-maistas","10":"product_cat-sunu-prekiu-gamintojai","11":"product_tag-brit-maistas-aktyviam-suniui","12":"product_tag-edalas-sunims","13":"product_tag-hipoalerginis","14":"product_tag-super-premium-maistas-sunims","15":"pa_pasaro-sudetis-vabzdziai","16":"pa_pasaro-sudetis-vaisiai","17":"pa_pasaro-sudetis-vistiena","18":"pa_prekiu-zenklai-brit-care","19":"pa_suns-amzius-suaugusiems","20":"pa_veisles-dydis-didelems-veislems","21":"pa_veisles-dydis-mazoms-veislems","22":"pa_veisles-dydis-vidutinems-veislems","23":"pa_veisles-dydis-visu-dydziu-veislems","25":"first","26":"instock","27":"featured","28":"taxable","29":"shipping-taxable","30":"purchasable","31":"product-type-variable"},"acf":[],"_links":{"self":[{"href":"https:\/\/zooprekes24.lt\/lv\/wp-json\/wp\/v2\/product\/22490","targetHints":{"allow":["GET"]}}],"collection":[{"href":"https:\/\/zooprekes24.lt\/lv\/wp-json\/wp\/v2\/product"}],"about":[{"href":"https:\/\/zooprekes24.lt\/lv\/wp-json\/wp\/v2\/types\/product"}],"replies":[{"embeddable":true,"href":"https:\/\/zooprekes24.lt\/lv\/wp-json\/wp\/v2\/comments?post=22490"}],"wp:featuredmedia":[{"embeddable":true,"href":"https:\/\/zooprekes24.lt\/lv\/wp-json\/wp\/v2\/media\/27837"}],"wp:attachment":[{"href":"https:\/\/zooprekes24.lt\/lv\/wp-json\/wp\/v2\/media?parent=22490"}],"wp:term":[{"taxonomy":"product_brand","embeddable":true,"href":"https:\/\/zooprekes24.lt\/lv\/wp-json\/wp\/v2\/product_brand?post=22490"},{"taxonomy":"product_cat","embeddable":true,"href":"https:\/\/zooprekes24.lt\/lv\/wp-json\/wp\/v2\/product_cat?post=22490"},{"taxonomy":"product_tag","embeddable":true,"href":"https:\/\/zooprekes24.lt\/lv\/wp-json\/wp\/v2\/product_tag?post=22490"}],"curies":[{"name":"wp","href":"https:\/\/api.w.org\/{rel}","templated":true}]}}