{"id":22489,"date":"2024-04-19T13:01:51","date_gmt":"2024-04-19T10:01:51","guid":{"rendered":"https:\/\/zooprekes24.lt\/produktas\/brit-care-sensitive-venison\/"},"modified":"2024-09-26T12:04:31","modified_gmt":"2024-09-26T09:04:31","slug":"britu-jutiga-brieza-gala","status":"publish","type":"product","link":"https:\/\/zooprekes24.lt\/lv\/produktas\/brit-care-sensitive-venison\/","title":{"rendered":"Brit Care Sensitive Venison saus\u0101 bar\u012bba su\u0146iem"},"content":{"rendered":"<h3>Brit Care Sensitive Venison bez graudaugiem recepte ir \u012bpa\u0161i izstr\u0101d\u0101ta su\u0146iem ar jut\u012bgu gremo\u0161anu un bar\u012bbas nepanesam\u012bbu. Brie\u017ea ga\u013cas tauki pal\u012bdz samazin\u0101t bar\u012bbas nepanes\u012bbas, gremo\u0161anas probl\u0113mu un \u0101das jut\u012bbas risku. Grie\u0137u sier\u0101boli\u0146\u0161 pal\u012bdz uztur\u0113t labu aknu un gremo\u0161anas darb\u012bbu un nov\u0113r\u0161 \u0101das iekaisumus. Omega-3 tauksk\u0101bes pal\u012bdz uztur\u0113t labu \u0101das st\u0101vokli un sp\u012bd\u012bgu ka\u017eoku. Ide\u0101li piem\u0113rots su\u0146iem, kuriem ir da\u017eu bar\u012bbas veidu nepanesam\u012bba.<\/h3>\n<ul>\n<li><a href=\"https:\/\/zooprekes24.lt\/lv\/?s=venison&amp;post_type=product\" target=\"_blank\" rel=\"noopener\">Uz brie\u017ea ga\u013cas b\u0101zes<\/a> recepte, kas izstr\u0101d\u0101ta, lai izvair\u012btos no nev\u0113lam\u0101m aler\u0123isk\u0101m reakcij\u0101m.<\/li>\n<li>Probiotikas un antioksidanti stiprina im\u016bnsist\u0113mu un veicina labu gremo\u0161anas darb\u012bbu.<\/li>\n<li><a href=\"https:\/\/krmivo-brit.cz\/cs\" target=\"_blank\" rel=\"noopener\">Brit Care<\/a> Sensitive Venison ir bag\u0101ta ar Omega-3 tauksk\u0101b\u0113m, kas pie\u0161\u0137ir ka\u017eokam sp\u012bdumu un r\u016bp\u0113jas par \u0101das vesel\u012bbu.<\/li>\n<\/ul>","protected":false},"excerpt":{"rendered":"<p>Brit Care Sensitive Venison begr\u016bdis receptas buvo specialiai sukurtas \u0161unims, kurie turi jautr\u0173 vir\u0161kinim\u0105 ir maisto netoleravim\u0105. Elnienos riebalai padeda suma\u017einti maisto netoleravimo rizik\u0105, vir\u0161kinimo problemas ir odos jautrum\u0105. Tikrasis margainis padeda palaikyti ger\u0105 kepen\u0173 ir vir\u0161kinimo veikl\u0105, apsaugo nuo odos u\u017edegim\u0173. Omega-3 riebal\u0173 r\u016bg\u0161tys padeda palaikyti ger\u0105 odos b\u016bkl\u0119 ir blizgant\u012f kail\u012f. Idealiai tinka&#8230;<\/p>","protected":false},"featured_media":27818,"comment_status":"closed","ping_status":"closed","template":"","meta":{"_acf_changed":false,"slim_seo":{"title":"Brit Care Sensitive Venison sausas maistas \u0161unims - Zooprekes24","description":"Brit Care Sensitive Venison bez graudaugiem recepte ir \u012bpa\u0161i izstr\u0101d\u0101ta su\u0146iem ar jut\u012bgu gremo\u0161anu un bar\u012bbas nepanesam\u012bbu. Brie\u017ea ga\u013cas tauki pal\u012bdz apkopot"},"iawp_total_views":289},"product_brand":[],"product_cat":[9001,9029,9002,8999,29,31],"product_tag":[176,177,200],"class_list":{"0":"post-22489","1":"product","2":"type-product","3":"status-publish","4":"has-post-thumbnail","6":"product_cat-begrudis-maistas","7":"product_cat-brit-care","8":"product_cat-sausas-maistas","9":"product_cat-sunims","10":"product_cat-sunu-maistas","11":"product_cat-sunu-prekiu-gamintojai","12":"product_tag-begrudis-sunu-maistas","13":"product_tag-edalas-sunims","14":"product_tag-super-premium-maistas-sunims","15":"pa_pasaro-sudetis-bulves","16":"pa_pasaro-sudetis-stirniena-elniena","17":"pa_pasaro-sudetis-vaisiai","18":"pa_prekiu-zenklai-brit-care","19":"pa_suns-amzius-suaugusiems","20":"pa_veisles-dydis-didelems-veislems","21":"pa_veisles-dydis-mazoms-veislems","22":"pa_veisles-dydis-vidutinems-veislems","23":"pa_veisles-dydis-visu-dydziu-veislems","25":"first","26":"instock","27":"featured","28":"taxable","29":"shipping-taxable","30":"purchasable","31":"product-type-variable"},"acf":[],"_links":{"self":[{"href":"https:\/\/zooprekes24.lt\/lv\/wp-json\/wp\/v2\/product\/22489","targetHints":{"allow":["GET"]}}],"collection":[{"href":"https:\/\/zooprekes24.lt\/lv\/wp-json\/wp\/v2\/product"}],"about":[{"href":"https:\/\/zooprekes24.lt\/lv\/wp-json\/wp\/v2\/types\/product"}],"replies":[{"embeddable":true,"href":"https:\/\/zooprekes24.lt\/lv\/wp-json\/wp\/v2\/comments?post=22489"}],"wp:featuredmedia":[{"embeddable":true,"href":"https:\/\/zooprekes24.lt\/lv\/wp-json\/wp\/v2\/media\/27818"}],"wp:attachment":[{"href":"https:\/\/zooprekes24.lt\/lv\/wp-json\/wp\/v2\/media?parent=22489"}],"wp:term":[{"taxonomy":"product_brand","embeddable":true,"href":"https:\/\/zooprekes24.lt\/lv\/wp-json\/wp\/v2\/product_brand?post=22489"},{"taxonomy":"product_cat","embeddable":true,"href":"https:\/\/zooprekes24.lt\/lv\/wp-json\/wp\/v2\/product_cat?post=22489"},{"taxonomy":"product_tag","embeddable":true,"href":"https:\/\/zooprekes24.lt\/lv\/wp-json\/wp\/v2\/product_tag?post=22489"}],"curies":[{"name":"wp","href":"https:\/\/api.w.org\/{rel}","templated":true}]}}