{"id":22488,"date":"2024-04-19T13:01:51","date_gmt":"2024-04-19T10:01:51","guid":{"rendered":"https:\/\/zooprekes24.lt\/produktas\/brit-care-hypoallergenic-adult-medium\/"},"modified":"2024-06-20T17:32:32","modified_gmt":"2024-06-20T14:32:32","slug":"brit-care-hypoallergenic-pieaugusajiem-videja-lieluma","status":"publish","type":"product","link":"https:\/\/zooprekes24.lt\/lv\/produktas\/brit-care-hypoallergenic-adult-medium\/","title":{"rendered":"Brit Care Hypoallergenic Adult Medium Breed Lamb saus\u0101 bar\u012bba su\u0146iem"},"content":{"rendered":"<h3>Brit Care Hypoallergenic Adult Medium Breed Lamb - Super Premium hipoaler\u0123iska bar\u012bba ar vienu prote\u012bnu aler\u0123isku reakciju nov\u0113r\u0161anai. Ide\u0101li piem\u0113rota pieaugu\u0161iem vid\u0113ji lielu \u0161\u0137ir\u0146u su\u0146iem ar jut\u012bgu gremo\u0161anu, k\u0101 ar\u012b m\u0101jdz\u012bvniekiem ar \u012bpa\u0161\u0101m uztura vajadz\u012bb\u0101m. Recept\u016bra ir bag\u0101tin\u0101ta ar probiotik\u0101m, lai nodro\u0161in\u0101tu l\u012bdzsvarotu zarnu mikrofloru, un \u012bstu margoju, kas pal\u012bdz atbalst\u012bt aknu darb\u012bbu, att\u012bra organismu un pal\u012bdz izvad\u012bt kait\u012bgos toks\u012bnus.<\/h3>\n<ul>\n<li>Probiotikas un antioksidanti stiprina im\u016bnsist\u0113mu un veicina labu gremo\u0161anas darb\u012bbu.<\/li>\n<li>augsts omega-3 tauksk\u0101bju l\u012bmenis\u00a0<a href=\"https:\/\/zooprekes24.lt\/lv\/products\/fitmin-tiribas-lasi-ella-300ml\/\" target=\"_blank\" rel=\"noopener\">Pie\u0161\u0137ir su\u0146a ka\u017eokam sp\u012bdumu<\/a> un r\u016bp\u0113ties par \u0101das vesel\u012bbu.<\/li>\n<li>Optim\u0101ls aminosk\u0101bju profils, kas ir <a href=\"https:\/\/krmivo-brit.cz\/cs\" target=\"_blank\" rel=\"noopener\">Brit Care<\/a> Hypoallergenic Adult Medium Breed Lamb bar\u012bb\u0101\u00a0<a href=\"https:\/\/zooprekes24.lt\/lv\/products\/fitmin-purity-sport-regeneracija-sunims\/\" target=\"_blank\" rel=\"noopener\">pal\u012bdz atjaunot musku\u013cu audus.<\/a><\/li>\n<\/ul>","protected":false},"excerpt":{"rendered":"<p>Brit Care Hypoallergenic Adult Medium Breed Lamb &#8211;\u00a0Super Premium, hipoalerginis vieno baltymo maistas skirtas alergini\u0173 reakcij\u0173 prevencijai. Idealiai tinka suaugusiems vidutini\u0173 veisli\u0173 \u0161unims, kurie turi jautr\u0173 vir\u0161kinim\u0105, taip pat augintiniams, turintiems speciali\u0173 mitybos poreiki\u0173. Receptas praturtintas probiotikais, u\u017etikrinan\u010diais subalansuot\u0105 \u017earnyno mikroflor\u0105, ir tikruoju margainiu, kuris padeda palaikyti kepen\u0173 veikl\u0105, i\u0161valo organizm\u0105 bei padeda pa\u0161alinti kenksmingus&#8230;<\/p>","protected":false},"featured_media":27589,"comment_status":"closed","ping_status":"closed","template":"","meta":{"_acf_changed":false,"slim_seo":{"title":"Brit Care Hypoallergenic Adult Medium Breed Lamb sausas maistas \u0161unims - Zooprekes24","description":"Brit Care Hypoallergenic Adult Medium Breed Lamb - Super Premium hipoaler\u0123iska bar\u012bba ar vienu prote\u012bnu aler\u0123isku reakciju nov\u0113r\u0161anai. Ide\u0101li piem\u0113rota visu tipu su\u0146iem"},"iawp_total_views":356},"product_brand":[],"product_cat":[9029,9002,8999,29,31],"product_tag":[176,539,177,200],"class_list":{"0":"post-22488","1":"product","2":"type-product","3":"status-publish","4":"has-post-thumbnail","6":"product_cat-brit-care","7":"product_cat-sausas-maistas","8":"product_cat-sunims","9":"product_cat-sunu-maistas","10":"product_cat-sunu-prekiu-gamintojai","11":"product_tag-begrudis-sunu-maistas","12":"product_tag-brit-care-medium-su-eriena","13":"product_tag-edalas-sunims","14":"product_tag-super-premium-maistas-sunims","15":"pa_pasaro-sudetis-eriena","16":"pa_pasaro-sudetis-ryziai","17":"pa_pasaro-sudetis-vaisiai","18":"pa_prekiu-zenklai-brit-care","19":"pa_suns-amzius-suaugusiems","20":"pa_veisles-dydis-vidutinems-veislems","22":"first","23":"instock","24":"featured","25":"taxable","26":"shipping-taxable","27":"purchasable","28":"product-type-variable"},"acf":[],"_links":{"self":[{"href":"https:\/\/zooprekes24.lt\/lv\/wp-json\/wp\/v2\/product\/22488","targetHints":{"allow":["GET"]}}],"collection":[{"href":"https:\/\/zooprekes24.lt\/lv\/wp-json\/wp\/v2\/product"}],"about":[{"href":"https:\/\/zooprekes24.lt\/lv\/wp-json\/wp\/v2\/types\/product"}],"replies":[{"embeddable":true,"href":"https:\/\/zooprekes24.lt\/lv\/wp-json\/wp\/v2\/comments?post=22488"}],"wp:featuredmedia":[{"embeddable":true,"href":"https:\/\/zooprekes24.lt\/lv\/wp-json\/wp\/v2\/media\/27589"}],"wp:attachment":[{"href":"https:\/\/zooprekes24.lt\/lv\/wp-json\/wp\/v2\/media?parent=22488"}],"wp:term":[{"taxonomy":"product_brand","embeddable":true,"href":"https:\/\/zooprekes24.lt\/lv\/wp-json\/wp\/v2\/product_brand?post=22488"},{"taxonomy":"product_cat","embeddable":true,"href":"https:\/\/zooprekes24.lt\/lv\/wp-json\/wp\/v2\/product_cat?post=22488"},{"taxonomy":"product_tag","embeddable":true,"href":"https:\/\/zooprekes24.lt\/lv\/wp-json\/wp\/v2\/product_tag?post=22488"}],"curies":[{"name":"wp","href":"https:\/\/api.w.org\/{rel}","templated":true}]}}