{"id":22487,"date":"2024-04-19T13:01:29","date_gmt":"2024-04-19T10:01:29","guid":{"rendered":"https:\/\/zooprekes24.lt\/produktas\/brit-care-sustainable-puppy-chicken\/"},"modified":"2024-06-27T15:25:43","modified_gmt":"2024-06-27T12:25:43","slug":"brit-aprupe-ilgtspejiga-kucenu-vistas","status":"publish","type":"product","link":"https:\/\/zooprekes24.lt\/lv\/produktas\/brit-care-sustainable-puppy-chicken\/","title":{"rendered":"Brit Care Sustainable Puppy Chicken &amp; Insect saus\u0101 bar\u012bba kuc\u0113niem 12 kg"},"content":{"rendered":"<h3>Brit Care Sustainable Puppy Chicken &amp; Insect &#8211;\u00a0Super Premium, tvarus ir draugi\u0161kas gamtai sausas maistas specialiai sukurtas sveikam vir\u0161kinimui, streso valdymui, optimaliam fiziniam vystymuisi ir imuniteto palaikymui. Idealiai tinka vis\u0173 veisli\u0173 \u0161uniukams. Sud\u0117tyje yra lengvai vir\u0161kinam\u0173 baltym\u0173 su visavert\u0117mis amino r\u016bg\u0161timis, u\u017etikrinan\u010diomis puik\u0173 raumen\u0173 tonus\u0105 ir sveikus audinius. Receptas be glitimo tinka augan\u010di\u0173 \u0161uniuk\u0173 vir\u0161kinimui.<\/h3>\n<ul>\n<li>Omega-3 tauksk\u0101bes DHA un EPA veicina norm\u0101lu smadze\u0146u un sirds att\u012bst\u012bbu.<\/li>\n<li>Videi draudz\u012bga p\u0101rtika, kas ra\u017eota no ilgtsp\u0113j\u012bg\u0101m olbaltumviel\u0101m un sast\u0101vda\u013c\u0101m ar 35 % maz\u0101ku negat\u012bvo ietekmi uz vidi.<\/li>\n<li><a href=\"https:\/\/krmivo-brit.cz\/cs\" target=\"_blank\" rel=\"noopener\">Brit Care<\/a> Ilgtsp\u0113j\u012bgs <a href=\"https:\/\/zooprekes24.lt\/lv\/?s=puppy&amp;post_type=product\" target=\"_blank\" rel=\"noopener\">Kuc\u0113ns<\/a> Vistas un kukai\u0146u bar\u012bb\u0101 \"Chicken &amp; Insect\" eso\u0161\u0101s probiotikas un antioksidanti stiprina j\u016bsu m\u012blu\u013ca im\u016bnsist\u0113mu un veicina labu gremo\u0161anas funkciju.<\/li>\n<\/ul>","protected":false},"excerpt":{"rendered":"<p>Brit Care Sustainable Puppy Chicken &amp; Insect &#8211;\u00a0Super Premium, tvarus ir draugi\u0161kas gamtai sausas maistas specialiai sukurtas sveikam vir\u0161kinimui, streso valdymui, optimaliam fiziniam vystymuisi ir imuniteto palaikymui. Idealiai tinka vis\u0173 veisli\u0173 \u0161uniukams. Sud\u0117tyje yra lengvai vir\u0161kinam\u0173 baltym\u0173 su visavert\u0117mis amino r\u016bg\u0161timis, u\u017etikrinan\u010diomis puik\u0173 raumen\u0173 tonus\u0105 ir sveikus audinius. Receptas be glitimo tinka augan\u010di\u0173 \u0161uniuk\u0173 vir\u0161kinimui&#8230;.<\/p>","protected":false},"featured_media":27849,"comment_status":"closed","ping_status":"closed","template":"","meta":{"_acf_changed":false,"slim_seo":{"title":"Brit Care Sustainable Puppy Chicken & Insect sausas maistas \u0161uniukams 12 kg - Zooprekes24","description":"Brit Care Sustainable Puppy Chicken &amp; Insect -\u00a0Super Premium, tvarus ir draugi\u0161kas gamtai sausas maistas specialiai sukurtas sveikam vir\u0161kinimui, streso val"},"iawp_total_views":70},"product_brand":[],"product_cat":[9029,9002,8999,29,31],"product_tag":[177,200],"class_list":{"0":"post-22487","1":"product","2":"type-product","3":"status-publish","4":"has-post-thumbnail","6":"product_cat-brit-care","7":"product_cat-sausas-maistas","8":"product_cat-sunims","9":"product_cat-sunu-maistas","10":"product_cat-sunu-prekiu-gamintojai","11":"product_tag-edalas-sunims","12":"product_tag-super-premium-maistas-sunims","13":"pa_pasaro-sudetis-vabzdziai","14":"pa_pasaro-sudetis-vaisiai","15":"pa_pasaro-sudetis-vistiena","16":"pa_prekiu-zenklai-brit-care","17":"pa_suns-amzius-jauniems","18":"pa_veisles-dydis-didelems-veislems","19":"pa_veisles-dydis-mazoms-veislems","20":"pa_veisles-dydis-vidutinems-veislems","21":"pa_veisles-dydis-visu-dydziu-veislems","23":"first","24":"instock","25":"featured","26":"taxable","27":"shipping-taxable","28":"purchasable","29":"product-type-simple"},"acf":[],"_links":{"self":[{"href":"https:\/\/zooprekes24.lt\/lv\/wp-json\/wp\/v2\/product\/22487","targetHints":{"allow":["GET"]}}],"collection":[{"href":"https:\/\/zooprekes24.lt\/lv\/wp-json\/wp\/v2\/product"}],"about":[{"href":"https:\/\/zooprekes24.lt\/lv\/wp-json\/wp\/v2\/types\/product"}],"replies":[{"embeddable":true,"href":"https:\/\/zooprekes24.lt\/lv\/wp-json\/wp\/v2\/comments?post=22487"}],"wp:featuredmedia":[{"embeddable":true,"href":"https:\/\/zooprekes24.lt\/lv\/wp-json\/wp\/v2\/media\/27849"}],"wp:attachment":[{"href":"https:\/\/zooprekes24.lt\/lv\/wp-json\/wp\/v2\/media?parent=22487"}],"wp:term":[{"taxonomy":"product_brand","embeddable":true,"href":"https:\/\/zooprekes24.lt\/lv\/wp-json\/wp\/v2\/product_brand?post=22487"},{"taxonomy":"product_cat","embeddable":true,"href":"https:\/\/zooprekes24.lt\/lv\/wp-json\/wp\/v2\/product_cat?post=22487"},{"taxonomy":"product_tag","embeddable":true,"href":"https:\/\/zooprekes24.lt\/lv\/wp-json\/wp\/v2\/product_tag?post=22487"}],"curies":[{"name":"wp","href":"https:\/\/api.w.org\/{rel}","templated":true}]}}