{"id":22486,"date":"2024-04-19T13:01:29","date_gmt":"2024-04-19T10:01:29","guid":{"rendered":"https:\/\/zooprekes24.lt\/produktas\/brit-care-sustainable-adult-small-breed\/"},"modified":"2024-06-27T15:06:57","modified_gmt":"2024-06-27T12:06:57","slug":"britu-aprupe-ilgtspejiga-pieauguso-mazo-skirnu","status":"publish","type":"product","link":"https:\/\/zooprekes24.lt\/lv\/produktas\/brit-care-sustainable-adult-small-breed\/","title":{"rendered":"Brit Care Sustainable Adult Small Breed Chicken &amp; Insect saus\u0101 bar\u012bba su\u0146iem"},"content":{"rendered":"<h3>Mazo un pundurc\u016bku \u0161\u0137ir\u0146u dz\u012bvniekiem ir nepiecie\u0161ama bar\u012bba ar augstu ener\u0123\u0113tisko v\u0113rt\u012bbu, kas atbilst \u0161o akt\u012bvo un temperament\u012bgo m\u0101jdz\u012bvnieku vajadz\u012bb\u0101m p\u0113c bar\u012bbas viel\u0101m, \u0113dinot maz\u0101s porcij\u0101s. \u0160\u012b Super Premium Brit Care Sustainable Adult Small Breed bar\u012bba ir ilgtsp\u0113j\u012bga un videi draudz\u012bga. Pateicoties unik\u0101lajai formulai, bar\u012bba var pal\u012bdz\u0113t uztur\u0113t vesel\u012bgu gremo\u0161anas sist\u0113mu, samazin\u0101t stresa l\u012bmeni, uzlabot fizisko formu un atbalst\u012bt sp\u0113c\u012bgu su\u0146a imunit\u0101ti.<\/h3>\n<ul>\n<li>Probiotikas un antioksidanti stiprina im\u016bnsist\u0113mu un veicina labu gremo\u0161anas darb\u012bbu.<\/li>\n<li><a href=\"https:\/\/krmivo-brit.cz\/cs\" target=\"_blank\" rel=\"noopener\">Brit Care<\/a> Ilgtsp\u0113j\u012bgs <a href=\"https:\/\/zooprekes24.lt\/lv\/?s=adult+small+breed&amp;post_type=product\" target=\"_blank\" rel=\"noopener\">Pieaugu\u0161o mazo \u0161\u0137ir\u0146u<\/a> \u0160\u012b recepte ir izstr\u0101d\u0101ta t\u0101, lai samazin\u0101tu CO2 emisijas.<\/li>\n<li>L-triptof\u0101ns nomierina stresa situ\u0101cij\u0101s, un \u017e\u0101v\u0113ts sukotass pal\u012bdz mazin\u0101t trauksmi.<\/li>\n<li>Satur viegli sagremojamas, uzturviel\u0101m bag\u0101tas olbaltumvielas un aminosk\u0101bes, kas pal\u012bdz uztur\u0113t labu musku\u013cu tonusu. Brit Care Sustainable Adult Small Breed Small Breed Chicken &amp; Insect dabai draudz\u012bg\u0101 bezglut\u0113na recepte ir aromatiz\u0113ta ar sast\u0101vda\u013c\u0101m, kuru ietekme uz vidi ir par 35 % maz\u0101ka.<\/li>\n<\/ul>","protected":false},"excerpt":{"rendered":"<p>Ma\u017e\u0173 ir nyk\u0161tukini\u0173 veisli\u0173 \u0161unims reikia \u0117dalo su dideliu energijos kiekiu, kuriuo \u0161eriant ma\u017eomis porcijomis, b\u016bt\u0173 patenkintas aktyvi\u0173 ir temperamenting\u0173 \u0161i\u0173 augintini\u0173 maisto med\u017eiag\u0173 poreikis. \u0160is Super Premium Brit Care Sustainable Adult Small Breed maistas tvarus ir draugi\u0161kas gamtai. Unikalios formul\u0117s d\u0117ka maistas gali pad\u0117ti palaikyti sveik\u0105 vir\u0161kinimo sistem\u0105, suma\u017einti streso lyg\u012f, pagerinti fizin\u0119 b\u016bkl\u0119&#8230;<\/p>","protected":false},"featured_media":27844,"comment_status":"closed","ping_status":"closed","template":"","meta":{"_acf_changed":false,"slim_seo":{"title":"Brit Care Sustainable Adult Small Breed Chicken & Insect sausas maistas \u0161unims - Zooprekes24","description":"Mazo un pundurc\u016bku \u0161\u0137ir\u0146u dz\u012bvniekiem ir nepiecie\u0161ama bar\u012bba ar augstu ener\u0123\u0113tisko v\u0113rt\u012bbu, kas, izbarojot neliel\u0101s porcij\u0101s, atbilst to akt\u012bv\u0101s un temperament\u012bg\u0101s dabas vajadz\u012bb\u0101m."},"iawp_total_views":78},"product_brand":[],"product_cat":[9029,9002,8999,29,31],"product_tag":[177,555,200],"class_list":{"0":"post-22486","1":"product","2":"type-product","3":"status-publish","4":"has-post-thumbnail","6":"product_cat-brit-care","7":"product_cat-sausas-maistas","8":"product_cat-sunims","9":"product_cat-sunu-maistas","10":"product_cat-sunu-prekiu-gamintojai","11":"product_tag-edalas-sunims","12":"product_tag-hipoalerginis","13":"product_tag-super-premium-maistas-sunims","14":"pa_pasaro-sudetis-vabzdziai","15":"pa_pasaro-sudetis-vaisiai","16":"pa_pasaro-sudetis-vistiena","17":"pa_prekiu-zenklai-brit-care","18":"pa_suns-amzius-suaugusiems","19":"pa_veisles-dydis-mazoms-veislems","21":"first","22":"instock","23":"featured","24":"taxable","25":"shipping-taxable","26":"purchasable","27":"product-type-variable"},"acf":[],"_links":{"self":[{"href":"https:\/\/zooprekes24.lt\/lv\/wp-json\/wp\/v2\/product\/22486","targetHints":{"allow":["GET"]}}],"collection":[{"href":"https:\/\/zooprekes24.lt\/lv\/wp-json\/wp\/v2\/product"}],"about":[{"href":"https:\/\/zooprekes24.lt\/lv\/wp-json\/wp\/v2\/types\/product"}],"replies":[{"embeddable":true,"href":"https:\/\/zooprekes24.lt\/lv\/wp-json\/wp\/v2\/comments?post=22486"}],"wp:featuredmedia":[{"embeddable":true,"href":"https:\/\/zooprekes24.lt\/lv\/wp-json\/wp\/v2\/media\/27844"}],"wp:attachment":[{"href":"https:\/\/zooprekes24.lt\/lv\/wp-json\/wp\/v2\/media?parent=22486"}],"wp:term":[{"taxonomy":"product_brand","embeddable":true,"href":"https:\/\/zooprekes24.lt\/lv\/wp-json\/wp\/v2\/product_brand?post=22486"},{"taxonomy":"product_cat","embeddable":true,"href":"https:\/\/zooprekes24.lt\/lv\/wp-json\/wp\/v2\/product_cat?post=22486"},{"taxonomy":"product_tag","embeddable":true,"href":"https:\/\/zooprekes24.lt\/lv\/wp-json\/wp\/v2\/product_tag?post=22486"}],"curies":[{"name":"wp","href":"https:\/\/api.w.org\/{rel}","templated":true}]}}