{"id":22480,"date":"2024-04-19T13:01:29","date_gmt":"2024-04-19T10:01:29","guid":{"rendered":"https:\/\/zooprekes24.lt\/produktas\/brit-care-mini-adult-lamb\/"},"modified":"2024-07-31T17:21:54","modified_gmt":"2024-07-31T14:21:54","slug":"brit-care-mini-pieauguso-jers","status":"publish","type":"product","link":"https:\/\/zooprekes24.lt\/lv\/produktas\/brit-care-mini-adult-lamb\/","title":{"rendered":"Brit Care Mini Adult Lamb saus\u0101 bar\u012bba su\u0146iem"},"content":{"rendered":"<h3>Brit Care Mini Adult Lamb - stiprina mazo su\u0146u imunit\u0101ti, sirdi, ka\u017eoku, \u0101du un zobus. Jaun\u0101 ra\u017eo\u0161anas tehnolo\u0123ija \u013cauj izmantot svaigu j\u0113ra ga\u013cu bez kauliem. Svaiga ga\u013ca ir bag\u0101ta ar neaizvietojam\u0101m tauksk\u0101b\u0113m, kas baro musku\u013cus un audus.<\/h3>\n<p>K\u0101p\u0113c izv\u0113l\u0113ties <a href=\"https:\/\/zooprekes24.lt\/lv\/?s=Brit+Care+Mini&amp;post_type=product&amp;product_cat=0\" target=\"_blank\" rel=\"noopener noreferrer\">Brit Care Mini<\/a> Pieaugu\u0161o j\u0113ra saus\u0101 bar\u012bba su\u0146iem? Brit Care Mini ir vien\u012bg\u0101 bezgraudu bar\u012bbas l\u012bnija maziem su\u0146iem, kas izstr\u0101d\u0101ta visiem dz\u012bves posmiem un atbilst to \u012bpa\u0161aj\u0101m vajadz\u012bb\u0101m. Galven\u0101s priek\u0161roc\u012bbas ir sagremojam\u012bba un gar\u0161a, pateicoties svaigiem prote\u012bniem un \"profilaktiskajam uzturam\". <a href=\"https:\/\/brit-petfood.com\/lt\/brit-care-mini\" target=\"_blank\" rel=\"noopener noreferrer\">Profilakse ar uzturu<\/a>) filozofija, kas maziem su\u0146iem noz\u012bm\u0113, ka bar\u012bbas sast\u0101v\u0101 ir dabiskas sast\u0101vda\u013cas, kas atbalsta im\u016bnsist\u0113mu.<\/p>","protected":false},"excerpt":{"rendered":"<p>Brit Care Mini Adult Lamb &#8211; stiprina ma\u017e\u0173 \u0161un\u0173 imunitet\u0105, \u0161ird\u012f, kail\u012f, od\u0105 ir dantis. Nauja gamybos technologija leid\u017eia naudoti \u0161vie\u017ei\u0105 \u0117rien\u0105 be kaul\u0173. \u0160vie\u017eioje m\u0117soje gausu pagrindini\u0173 riebi\u0173j\u0173 r\u016bg\u0161\u010di\u0173, maitinan\u010di\u0173 augintio raumenis bei audinius. Kod\u0117l verta rinktis Brit Care Mini Adult Lamb saus\u0105 \u0161un\u0173 maist\u0105? Brit Care Mini &#8211; tai vienintel\u0117 ma\u017e\u0173 \u0161un\u0173 pa\u0161aro&#8230;<\/p>","protected":false},"featured_media":27646,"comment_status":"closed","ping_status":"closed","template":"","meta":{"_acf_changed":false,"slim_seo":{"title":"Brit Care Mini Adult Lamb sausas maistas \u0161unims - Zooprekes24","description":"Brit Care Mini Adult Lamb - stiprina mazo su\u0146u imunit\u0101ti, sirdi, ka\u017eoku, \u0101du un zobus. Jaun\u0101 ra\u017eo\u0161anas tehnolo\u0123ija \u013cauj izmantot svaigu j\u0113ra ga\u013cu bez kauliem. Svaiga"},"iawp_total_views":173},"product_brand":[],"product_cat":[9001,9029,9002,8999,29,31],"product_tag":[176,177,555,200],"class_list":{"0":"post-22480","1":"product","2":"type-product","3":"status-publish","4":"has-post-thumbnail","6":"product_cat-begrudis-maistas","7":"product_cat-brit-care","8":"product_cat-sausas-maistas","9":"product_cat-sunims","10":"product_cat-sunu-maistas","11":"product_cat-sunu-prekiu-gamintojai","12":"product_tag-begrudis-sunu-maistas","13":"product_tag-edalas-sunims","14":"product_tag-hipoalerginis","15":"product_tag-super-premium-maistas-sunims","16":"pa_pasaro-sudetis-darzoves","17":"pa_pasaro-sudetis-eriena","18":"pa_pasaro-sudetis-uogos","19":"pa_pasaro-sudetis-vaisiai","20":"pa_prekiu-zenklai-brit-care","21":"pa_suns-amzius-suaugusiems","22":"pa_veisles-dydis-mazoms-veislems","24":"first","25":"instock","26":"featured","27":"taxable","28":"shipping-taxable","29":"purchasable","30":"product-type-variable"},"acf":[],"_links":{"self":[{"href":"https:\/\/zooprekes24.lt\/lv\/wp-json\/wp\/v2\/product\/22480","targetHints":{"allow":["GET"]}}],"collection":[{"href":"https:\/\/zooprekes24.lt\/lv\/wp-json\/wp\/v2\/product"}],"about":[{"href":"https:\/\/zooprekes24.lt\/lv\/wp-json\/wp\/v2\/types\/product"}],"replies":[{"embeddable":true,"href":"https:\/\/zooprekes24.lt\/lv\/wp-json\/wp\/v2\/comments?post=22480"}],"wp:featuredmedia":[{"embeddable":true,"href":"https:\/\/zooprekes24.lt\/lv\/wp-json\/wp\/v2\/media\/27646"}],"wp:attachment":[{"href":"https:\/\/zooprekes24.lt\/lv\/wp-json\/wp\/v2\/media?parent=22480"}],"wp:term":[{"taxonomy":"product_brand","embeddable":true,"href":"https:\/\/zooprekes24.lt\/lv\/wp-json\/wp\/v2\/product_brand?post=22480"},{"taxonomy":"product_cat","embeddable":true,"href":"https:\/\/zooprekes24.lt\/lv\/wp-json\/wp\/v2\/product_cat?post=22480"},{"taxonomy":"product_tag","embeddable":true,"href":"https:\/\/zooprekes24.lt\/lv\/wp-json\/wp\/v2\/product_tag?post=22480"}],"curies":[{"name":"wp","href":"https:\/\/api.w.org\/{rel}","templated":true}]}}