{"id":22479,"date":"2024-04-19T13:01:29","date_gmt":"2024-04-19T10:01:29","guid":{"rendered":"https:\/\/zooprekes24.lt\/produktas\/brit-care-puppy-salmon-suniukams\/"},"modified":"2025-12-03T14:32:35","modified_gmt":"2025-12-03T12:32:35","slug":"brit-care-kucenu-lasi-suniem","status":"publish","type":"product","link":"https:\/\/zooprekes24.lt\/lv\/produktas\/brit-care-puppy-salmon-suniukams\/","title":{"rendered":"Brit Care Puppy Salmon saus\u0101 bar\u012bba kuc\u0113niem"},"content":{"rendered":"<h3>Brit Care Puppy Salmon - Super Premium klases bar\u012bba bez graudiem, kas veicina kuc\u0113nu att\u012bst\u012bbu un imunit\u0101ti. T\u0101 satur augstas uzturv\u0113rt\u012bbas olbaltumvielas un tauksk\u0101bes, kas veicina kuc\u0113na \u0101das un apmatojuma st\u0101vokli, gar\u012bg\u0101s sp\u0113jas un labu fizisko formu. Formula bez graudiem ir ide\u0101li piem\u0113rota jauniem su\u0146iem, kuru ka\u017eokam nepiecie\u0161ama pastiprin\u0101ta kop\u0161ana, k\u0101 ar\u012b m\u0101jdz\u012bvniekiem ar nev\u0113lam\u0101m reakcij\u0101m uz cita veida bar\u012bbu.<\/h3>\n<ul>\n<li>Ide\u0101la kaloriju, kalcija un fosfora attiec\u012bba vesel\u012bgam dz\u012bves s\u0101kumam.<\/li>\n<li>Papildin\u0101ts ar omega 3 tauksk\u0101b\u0113m, kas <a href=\"https:\/\/zooprekes24.lt\/lv\/products\/fitmin-tiribas-lasi-ella-300ml\/\" target=\"_blank\" rel=\"noopener\">Pie\u0161\u0137ir m\u0113tel\u012b sp\u012bdumu<\/a> un r\u016bp\u0113jas par kuc\u0113na \u0101das vesel\u012bbu.<\/li>\n<li><a href=\"https:\/\/krmivo-brit.cz\/cs\" target=\"_blank\" rel=\"noopener\">Brit Care<\/a> Puppy Salmon sast\u0101v\u0101 eso\u0161\u0101s probiotikas un antioksidanti stiprina j\u016bsu m\u012blu\u013ca im\u016bnsist\u0113mu un veicina labu gremo\u0161anas funkciju.<\/li>\n<\/ul>","protected":false},"excerpt":{"rendered":"<p>Brit Care Puppy Salmon &#8211;\u00a0Super Premium, begr\u016bdis maistas skirtas palaikyti \u0161uniuk\u0173 vystym\u0105si ir imunitet\u0105. Sud\u0117tyje naudojamos auk\u0161tos maistin\u0117s vert\u0117s baltym\u0173 ir riebal\u0173 r\u016bg\u0161tys, kurios palaiko \u0161uniuko odos ir kailio b\u016bkl\u0119, protinius \u012fg\u016bd\u017eius bei ger\u0105 fizin\u0119 b\u016bkl\u0119. Begr\u016bd\u0117 formul\u0117 idealiai tinka jauniems \u0161unims, kuri\u0173 kailis reikalauja didesn\u0117s prie\u017ei\u016bros, taip pat augintiniams, turintiems nepageidaujam\u0173 reakcij\u0173 \u012f kitokio&#8230;<\/p>","protected":false},"featured_media":27806,"comment_status":"closed","ping_status":"closed","template":"","meta":{"_acf_changed":false,"slim_seo":{"title":"Brit Care Puppy Salmon sausas maistas \u0161uniukams - Zooprekes24","description":"Brit Care Puppy Salmon -\u00a0Super Premium, begr\u016bdis maistas skirtas palaikyti \u0161uniuk\u0173 vystym\u0105si ir imunitet\u0105. Sud\u0117tyje naudojamos auk\u0161tos maistin\u0117s vert\u0117s baltym\u0173"},"iawp_total_views":525},"product_brand":[],"product_cat":[9001,9029,9002,8999,29,31],"product_tag":[176,487,177,200],"class_list":{"0":"post-22479","1":"product","2":"type-product","3":"status-publish","4":"has-post-thumbnail","6":"product_cat-begrudis-maistas","7":"product_cat-brit-care","8":"product_cat-sausas-maistas","9":"product_cat-sunims","10":"product_cat-sunu-maistas","11":"product_cat-sunu-prekiu-gamintojai","12":"product_tag-begrudis-sunu-maistas","13":"product_tag-brit-care-suniukams-su-lasisa","14":"product_tag-edalas-sunims","15":"product_tag-super-premium-maistas-sunims","16":"pa_pasaro-sudetis-bulves","17":"pa_pasaro-sudetis-lasisa","18":"pa_pasaro-sudetis-vaisiai","19":"pa_pasaro-sudetis-zuvis","20":"pa_prekiu-zenklai-brit-care","21":"pa_suns-amzius-jauniems","22":"pa_veisles-dydis-didelems-veislems","23":"pa_veisles-dydis-mazoms-veislems","24":"pa_veisles-dydis-vidutinems-veislems","25":"pa_veisles-dydis-visu-dydziu-veislems","27":"first","28":"instock","29":"featured","30":"taxable","31":"shipping-taxable","32":"purchasable","33":"product-type-variable"},"acf":[],"_links":{"self":[{"href":"https:\/\/zooprekes24.lt\/lv\/wp-json\/wp\/v2\/product\/22479","targetHints":{"allow":["GET"]}}],"collection":[{"href":"https:\/\/zooprekes24.lt\/lv\/wp-json\/wp\/v2\/product"}],"about":[{"href":"https:\/\/zooprekes24.lt\/lv\/wp-json\/wp\/v2\/types\/product"}],"replies":[{"embeddable":true,"href":"https:\/\/zooprekes24.lt\/lv\/wp-json\/wp\/v2\/comments?post=22479"}],"wp:featuredmedia":[{"embeddable":true,"href":"https:\/\/zooprekes24.lt\/lv\/wp-json\/wp\/v2\/media\/27806"}],"wp:attachment":[{"href":"https:\/\/zooprekes24.lt\/lv\/wp-json\/wp\/v2\/media?parent=22479"}],"wp:term":[{"taxonomy":"product_brand","embeddable":true,"href":"https:\/\/zooprekes24.lt\/lv\/wp-json\/wp\/v2\/product_brand?post=22479"},{"taxonomy":"product_cat","embeddable":true,"href":"https:\/\/zooprekes24.lt\/lv\/wp-json\/wp\/v2\/product_cat?post=22479"},{"taxonomy":"product_tag","embeddable":true,"href":"https:\/\/zooprekes24.lt\/lv\/wp-json\/wp\/v2\/product_tag?post=22479"}],"curies":[{"name":"wp","href":"https:\/\/api.w.org\/{rel}","templated":true}]}}