{"id":22478,"date":"2024-04-19T13:01:29","date_gmt":"2024-04-19T10:01:29","guid":{"rendered":"https:\/\/zooprekes24.lt\/produktas\/acana-puppy-small-breed-sunims\/"},"modified":"2024-06-11T16:14:54","modified_gmt":"2024-06-11T13:14:54","slug":"acana-kucens-mazo-skirnu-sunims","status":"publish","type":"product","link":"https:\/\/zooprekes24.lt\/lv\/produktas\/acana-puppy-small-breed-sunims\/","title":{"rendered":"Acana Puppy Small Breed saus\u0101 bar\u012bba kuc\u0113niem"},"content":{"rendered":"<h3>Acana Puppy Small Breed satur sprostos neaudz\u0113tu vistu ga\u013cu, savva\u013cas plekstu un ligzdu olas. Viss tiek pieg\u0101d\u0101ts svaigs <a href=\"https:\/\/www.acanapetfoods.co.uk\/about-acana\/biologically-appropriate\/wholeprey-meat-ratios\/\" target=\"_blank\" rel=\"noopener noreferrer\">WholePrey\u2122<\/a> j\u0113dziens (kop\u0113j\u0101 laup\u012bjuma). Katrs bar\u012bbas gabali\u0146\u0161 ir bag\u0101ts ar <a href=\"https:\/\/zooprekes24.lt\/lv\/?s=omega&amp;post_type=product&amp;product_cat=0\" target=\"_blank\" rel=\"noopener noreferrer\">Omega 3<\/a> (DHA, EPA), kas ieg\u016bti no savva\u013cas plekste, kas labv\u0113l\u012bgi ietekm\u0113 imunit\u0101ti un uzlabo \u0101das un ka\u017eoka st\u0101vokli.<\/h3>\n<p>T\u0101 satur daudz olbaltumvielu un maz og\u013chidr\u0101tu, lai pien\u0101c\u012bgi apmierin\u0101tu mazo \u0161\u0137ir\u0146u kuc\u0113nu vajadz\u012bbas. T\u0101 nesatur ar\u012b rudzus, kvie\u0161us un kukur\u016bzu, kas bie\u017ei izraisa aler\u0123ijas, bet satur aug\u013cus, d\u0101rze\u0146us un augus. Izgatavots godalgot\u0101s virtuv\u0113s no lab\u0101kaj\u0101m un svaig\u0101kaj\u0101m sast\u0101vda\u013c\u0101m, <a href=\"https:\/\/www.acanapetfoods.co.uk\/about-acana\/biologically-appropriate\/\" target=\"_blank\" rel=\"noopener noreferrer\">Biolo\u0123iski piem\u0113rots\u2122<\/a> Acana Puppy Small Breed (biolo\u0123iski atbilsto\u0161a) formula nodro\u0161ina, ka j\u016bsu suns ir vesels, laim\u012bgs un sp\u0113c\u012bgs.<\/p>","protected":false},"excerpt":{"rendered":"<p>Acana Puppy Small Breed maisto sud\u0117tyje ne narvuose u\u017eauginta vi\u0161tienos m\u0117sa, laukin\u0117 plek\u0161n\u0117 ir lizduose pad\u0117ti kiau\u0161iniai. Viskas pristatoma \u0161vie\u017eia laikantis WholePrey\u2122 (viso grobio) koncepcijos. Kiekviename pa\u0161aro k\u0105snelyje gausu Omega 3 (DHA, EPA) i\u0161gaunamo i\u0161 laukini\u0173 plek\u0161ni\u0173, kuris naudingas imuniteto stiprinimui ir puikiam odos ir kailio b\u016bkl\u0117s puosel\u0117jimui. Maisto sud\u0117tyje daug baltym\u0173 ir ma\u017eai angliavandeni\u0173,&#8230;<\/p>","protected":false},"featured_media":19751,"comment_status":"closed","ping_status":"closed","template":"","meta":{"_acf_changed":false,"slim_seo":{"title":"Acana Puppy Small Breed sausas maistas \u0161uniukams - Zooprekes24","description":"Acana Puppy Small Breed satur sprostos neaudz\u0113tu vistu ga\u013cu, savva\u013cas plekstu un ligzdu olas. Viss tiek pieg\u0101d\u0101ts svaigs"},"iawp_total_views":158},"product_brand":[],"product_cat":[9000,9001,9002,8999,29,31],"product_tag":[176,177,200],"class_list":{"0":"post-22478","1":"product","2":"type-product","3":"status-publish","4":"has-post-thumbnail","6":"product_cat-acana","7":"product_cat-begrudis-maistas","8":"product_cat-sausas-maistas","9":"product_cat-sunims","10":"product_cat-sunu-maistas","11":"product_cat-sunu-prekiu-gamintojai","12":"product_tag-begrudis-sunu-maistas","13":"product_tag-edalas-sunims","14":"product_tag-super-premium-maistas-sunims","15":"pa_pasaro-sudetis-darzoves","16":"pa_pasaro-sudetis-kiausiniai","17":"pa_pasaro-sudetis-uogos","18":"pa_pasaro-sudetis-vaisiai","19":"pa_pasaro-sudetis-vistiena","20":"pa_pasaro-sudetis-zuvis","21":"pa_prekiu-zenklai-acana","22":"pa_suns-amzius-jauniems","23":"pa_veisles-dydis-mazoms-veislems","25":"first","26":"instock","27":"featured","28":"taxable","29":"shipping-taxable","30":"purchasable","31":"product-type-variable"},"acf":[],"_links":{"self":[{"href":"https:\/\/zooprekes24.lt\/lv\/wp-json\/wp\/v2\/product\/22478","targetHints":{"allow":["GET"]}}],"collection":[{"href":"https:\/\/zooprekes24.lt\/lv\/wp-json\/wp\/v2\/product"}],"about":[{"href":"https:\/\/zooprekes24.lt\/lv\/wp-json\/wp\/v2\/types\/product"}],"replies":[{"embeddable":true,"href":"https:\/\/zooprekes24.lt\/lv\/wp-json\/wp\/v2\/comments?post=22478"}],"wp:featuredmedia":[{"embeddable":true,"href":"https:\/\/zooprekes24.lt\/lv\/wp-json\/wp\/v2\/media\/19751"}],"wp:attachment":[{"href":"https:\/\/zooprekes24.lt\/lv\/wp-json\/wp\/v2\/media?parent=22478"}],"wp:term":[{"taxonomy":"product_brand","embeddable":true,"href":"https:\/\/zooprekes24.lt\/lv\/wp-json\/wp\/v2\/product_brand?post=22478"},{"taxonomy":"product_cat","embeddable":true,"href":"https:\/\/zooprekes24.lt\/lv\/wp-json\/wp\/v2\/product_cat?post=22478"},{"taxonomy":"product_tag","embeddable":true,"href":"https:\/\/zooprekes24.lt\/lv\/wp-json\/wp\/v2\/product_tag?post=22478"}],"curies":[{"name":"wp","href":"https:\/\/api.w.org\/{rel}","templated":true}]}}