{"id":22476,"date":"2024-04-19T13:01:29","date_gmt":"2024-04-19T10:01:29","guid":{"rendered":"https:\/\/zooprekes24.lt\/produktas\/acana-ranchlands-sunims\/"},"modified":"2024-09-26T13:41:45","modified_gmt":"2024-09-26T10:41:45","slug":"acana-ranchlands-sunims","status":"publish","type":"product","link":"https:\/\/zooprekes24.lt\/lv\/produktas\/acana-ranchlands-sunims\/","title":{"rendered":"Acana Ranchlands saus\u0101 bar\u012bba su\u0146iem"},"content":{"rendered":"<h3>Acana Ranchlands bar\u012bbas sast\u0101v\u0101 ir Angus liellopu ga\u013ca, ar z\u0101li barota j\u0113ra ga\u013ca, Jork\u0161\u012bras c\u016bkga\u013ca, bife\u013cu ga\u013ca un savva\u013cas stores. Viss tiek pieg\u0101d\u0101ts svaigs saska\u0146\u0101 ar <a href=\"https:\/\/www.acanapetfoods.co.uk\/about-acana\/biologically-appropriate\/wholeprey-meat-ratios\/\" target=\"_blank\" rel=\"noopener noreferrer\">WholePrey\u2122<\/a> j\u0113dziens (kop\u0113j\u0101 laup\u012bjuma).<\/h3>\n<p>Katrs bar\u012bbas gabali\u0146\u0161 ir bag\u0101ts\u00a0<a href=\"https:\/\/zooprekes24.lt\/lv\/?s=omega+3+sunims&amp;post_type=product&amp;product_cat=0\" target=\"_blank\" rel=\"noopener noreferrer\">Omega 3<\/a> (DHA, EPA), kas ieg\u016bti no savva\u013cas stores, kas labv\u0113l\u012bgi ietekm\u0113 imunit\u0101ti un uzlabo \u0101das un ka\u017eoka st\u0101vokli. Sal\u012bdzinot ar parasto bar\u012bbu, \u0161\u012b bar\u012bba nodro\u0161ina vair\u0101k kaloriju no olbaltumviel\u0101m un taukiem un maz\u0101k kaloriju no og\u013chidr\u0101tiem, kas samazina aptauko\u0161an\u0101s un diab\u0113ta risku. Izgatavots godalgot\u0101s virtuv\u0113s no lab\u0101kaj\u0101m un svaig\u0101kaj\u0101m sast\u0101vda\u013c\u0101m, <a href=\"https:\/\/www.acanapetfoods.co.uk\/about-acana\/biologically-appropriate\/\" target=\"_blank\" rel=\"noopener noreferrer\">Biolo\u0123iski piem\u0113rots\u2122<\/a> Acana Ranchlands (biolo\u0123iski atbilsto\u0161a) formula garant\u0113, ka j\u016bsu suns b\u016bs vesels, laim\u012bgs un sp\u0113c\u012bgs.<\/p>","protected":false},"excerpt":{"rendered":"<p>Acana Ranchlands maisto sud\u0117tyje Angus veisl\u0117s jautiena, \u017eole maitint\u0173 \u0117riuk\u0173 m\u0117sa, Jork\u0161yro kiauliena, bizoniena bei laukinis starkis. Viskas pristatoma \u0161vie\u017eia laikantis WholePrey\u2122 (viso grobio) koncepcijos. Kiekviename pa\u0161aro k\u0105snelyje gausu\u00a0Omega 3 (DHA, EPA)\u00a0i\u0161gaunamo i\u0161 laukini\u0173 starki\u0173, kuris naudingas\u00a0imuniteto stiprinimui ir puikiam odos ir kailio b\u016bkl\u0117s puosel\u0117jimui. Lyginant su \u012fprastiniais pa\u0161arais, \u0161i\u0161 maistas suteikia daugiau kalorij\u0173 i\u0161&#8230;<\/p>","protected":false},"featured_media":19746,"comment_status":"closed","ping_status":"closed","template":"","meta":{"_acf_changed":false,"slim_seo":{"title":"Acana Ranchlands sausas maistas \u0161unims - Zooprekes24","description":"Acana Ranchlands bar\u012bbas sast\u0101v\u0101 ir Angus liellopu ga\u013ca, ar z\u0101li barota j\u0113ra ga\u013ca, Jork\u0161\u012bras c\u016bkga\u013ca, bife\u013cu ga\u013ca un savva\u013cas stores. Viss tiek pieg\u0101d\u0101ts svaigs"},"iawp_total_views":126},"product_brand":[],"product_cat":[9000,9001,9002,8999,29,31],"product_tag":[176,177,200],"class_list":{"0":"post-22476","1":"product","2":"type-product","3":"status-publish","4":"has-post-thumbnail","6":"product_cat-acana","7":"product_cat-begrudis-maistas","8":"product_cat-sausas-maistas","9":"product_cat-sunims","10":"product_cat-sunu-maistas","11":"product_cat-sunu-prekiu-gamintojai","12":"product_tag-begrudis-sunu-maistas","13":"product_tag-edalas-sunims","14":"product_tag-super-premium-maistas-sunims","15":"pa_pasaro-sudetis-bizoniena","16":"pa_pasaro-sudetis-darzoves","17":"pa_pasaro-sudetis-eriena","18":"pa_pasaro-sudetis-jautiena","19":"pa_pasaro-sudetis-kiauliena","20":"pa_pasaro-sudetis-uogos","21":"pa_pasaro-sudetis-vaisiai","22":"pa_pasaro-sudetis-zuvis","23":"pa_prekiu-zenklai-acana","24":"pa_suns-amzius-jauniems","25":"pa_suns-amzius-senjorams","26":"pa_suns-amzius-suaugusiems","27":"pa_suns-amzius-visiems-amziams","28":"pa_veisles-dydis-didelems-veislems","29":"pa_veisles-dydis-mazoms-veislems","30":"pa_veisles-dydis-vidutinems-veislems","31":"pa_veisles-dydis-visu-dydziu-veislems","33":"first","34":"instock","35":"featured","36":"taxable","37":"shipping-taxable","38":"purchasable","39":"product-type-variable"},"acf":[],"_links":{"self":[{"href":"https:\/\/zooprekes24.lt\/lv\/wp-json\/wp\/v2\/product\/22476","targetHints":{"allow":["GET"]}}],"collection":[{"href":"https:\/\/zooprekes24.lt\/lv\/wp-json\/wp\/v2\/product"}],"about":[{"href":"https:\/\/zooprekes24.lt\/lv\/wp-json\/wp\/v2\/types\/product"}],"replies":[{"embeddable":true,"href":"https:\/\/zooprekes24.lt\/lv\/wp-json\/wp\/v2\/comments?post=22476"}],"wp:featuredmedia":[{"embeddable":true,"href":"https:\/\/zooprekes24.lt\/lv\/wp-json\/wp\/v2\/media\/19746"}],"wp:attachment":[{"href":"https:\/\/zooprekes24.lt\/lv\/wp-json\/wp\/v2\/media?parent=22476"}],"wp:term":[{"taxonomy":"product_brand","embeddable":true,"href":"https:\/\/zooprekes24.lt\/lv\/wp-json\/wp\/v2\/product_brand?post=22476"},{"taxonomy":"product_cat","embeddable":true,"href":"https:\/\/zooprekes24.lt\/lv\/wp-json\/wp\/v2\/product_cat?post=22476"},{"taxonomy":"product_tag","embeddable":true,"href":"https:\/\/zooprekes24.lt\/lv\/wp-json\/wp\/v2\/product_tag?post=22476"}],"curies":[{"name":"wp","href":"https:\/\/api.w.org\/{rel}","templated":true}]}}