{"id":22474,"date":"2024-04-19T13:01:29","date_gmt":"2024-04-19T10:01:29","guid":{"rendered":"https:\/\/zooprekes24.lt\/produktas\/acana-yorkshire-pork-sunims\/"},"modified":"2025-04-08T12:08:29","modified_gmt":"2025-04-08T10:08:29","slug":"acana-jorksiras-cukgalas-sunims","status":"publish","type":"product","link":"https:\/\/zooprekes24.lt\/lv\/produktas\/acana-yorkshire-pork-sunims\/","title":{"rendered":"Acana Yorkshire Pork saus\u0101 bar\u012bba su\u0146iem"},"content":{"rendered":"<h3>Acana Yorkshire Pork pamat\u0101 ir Jork\u0161\u012bras c\u016bkga\u013ca (50%), un t\u0101s sast\u0101vda\u013cu skaits ir ierobe\u017eots, <a href=\"https:\/\/zooprekes24.lt\/lv\/?s=vaisiai+ir+darzoves&amp;post_type=product&amp;product_cat=0\" target=\"_blank\" rel=\"noopener noreferrer\">aug\u013ci un d\u0101rze\u0146i<\/a> (50%). Viss tiek pieg\u0101d\u0101ts svaigs saska\u0146\u0101 ar <a href=\"https:\/\/www.acanapetfoods.co.uk\/about-acana\/biologically-appropriate\/wholeprey-meat-ratios\/\" target=\"_blank\" rel=\"noopener noreferrer\">WholePrey\u2122<\/a> j\u0113dziens (kop\u0113j\u0101 laup\u012bjuma).<\/h3>\n<p>Di\u0113ta ar ierobe\u017eotu sast\u0101vda\u013cu daudzumu, \u012bpa\u0161i piem\u0113rota su\u0146iem ar jut\u012bgu gremo\u0161anas sist\u0113mu. Biolo\u0123iski audz\u0113ti j\u016bras d\u0101rze\u0146i un augu ekstrakti, tostarp kadi\u0137u ogas, lavandas ziedi, saul\u0113 kalt\u0113tas lucernas un piparm\u0113tras lapas, uzlabo su\u0146a vielmai\u0146u un toniz\u0113 gremo\u0161anas traktu. Izgatavots godalgot\u0101s virtuv\u0113s no lab\u0101kaj\u0101m un svaig\u0101kaj\u0101m sast\u0101vda\u013c\u0101m, <a href=\"https:\/\/www.acanapetfoods.co.uk\/about-acana\/biologically-appropriate\/\" target=\"_blank\" rel=\"noopener noreferrer\">Biolo\u0123iski piem\u0113rots\u2122<\/a> Acana Yorkshire Pork (biolo\u0123iski atbilsto\u0161a) formula nodro\u0161ina, ka j\u016bsu suns ir vesels, laim\u012bgs un sp\u0113c\u012bgs.<\/p>","protected":false},"excerpt":{"rendered":"<p>Acana Yorkshire Pork maiste taikomas ribotas ingredient\u0173 kiekis, sud\u0117ties pagrindas &#8211; Jork\u0161yro kiauliena (50%), vaisiai ir dar\u017eov\u0117s (50%). Viskas pristatoma \u0161vie\u017eia laikantis WholePrey\u2122 (viso grobio) koncepcijos. Riboto ingredient\u0173 kiekio dieta, ypatingai tinkama \u0161unims, kurie turi jautri\u0105 vir\u0161kinimo sistem\u0105. Ekologi\u0161kos j\u016br\u0173 dar\u017eov\u0117s ir augal\u0173 ekstraktai, \u012fskaitant kadagio uogas, levand\u0173 \u017eiedus, saul\u0117je i\u0161d\u017eiovint\u0105 liucern\u0105 ir pipirm\u0117\u010di\u0173 lapus&#8230;<\/p>","protected":false},"featured_media":35890,"comment_status":"closed","ping_status":"closed","template":"","meta":{"_acf_changed":false,"slim_seo":{"title":"Acana Yorkshire Pork sausas maistas \u0161unims - Zooprekes24","description":"Acana Yorkshire Pork ir bar\u012bba ar ierobe\u017eotu sast\u0101vda\u013cu daudzumu, kuras pamat\u0101 ir Jork\u0161\u012bras c\u016bkga\u013ca (50%), aug\u013ci un d\u0101rze\u0146i (50%). Viss tiek pieg\u0101d\u0101ts svaigs"},"iawp_total_views":73},"product_brand":[],"product_cat":[9000,9001,9002,8999,29,31],"product_tag":[176,177,200],"class_list":{"0":"post-22474","1":"product","2":"type-product","3":"status-publish","4":"has-post-thumbnail","6":"product_cat-acana","7":"product_cat-begrudis-maistas","8":"product_cat-sausas-maistas","9":"product_cat-sunims","10":"product_cat-sunu-maistas","11":"product_cat-sunu-prekiu-gamintojai","12":"product_tag-begrudis-sunu-maistas","13":"product_tag-edalas-sunims","14":"product_tag-super-premium-maistas-sunims","15":"pa_pasaro-sudetis-darzoves","16":"pa_pasaro-sudetis-kiauliena","17":"pa_pasaro-sudetis-uogos","18":"pa_prekiu-zenklai-acana","19":"pa_suns-amzius-jauniems","20":"pa_suns-amzius-senjorams","21":"pa_suns-amzius-suaugusiems","22":"pa_suns-amzius-visiems-amziams","23":"pa_veisles-dydis-didelems-veislems","24":"pa_veisles-dydis-mazoms-veislems","25":"pa_veisles-dydis-vidutinems-veislems","26":"pa_veisles-dydis-visu-dydziu-veislems","28":"first","29":"instock","30":"featured","31":"taxable","32":"shipping-taxable","33":"purchasable","34":"product-type-variable"},"acf":[],"_links":{"self":[{"href":"https:\/\/zooprekes24.lt\/lv\/wp-json\/wp\/v2\/product\/22474","targetHints":{"allow":["GET"]}}],"collection":[{"href":"https:\/\/zooprekes24.lt\/lv\/wp-json\/wp\/v2\/product"}],"about":[{"href":"https:\/\/zooprekes24.lt\/lv\/wp-json\/wp\/v2\/types\/product"}],"replies":[{"embeddable":true,"href":"https:\/\/zooprekes24.lt\/lv\/wp-json\/wp\/v2\/comments?post=22474"}],"wp:featuredmedia":[{"embeddable":true,"href":"https:\/\/zooprekes24.lt\/lv\/wp-json\/wp\/v2\/media\/35890"}],"wp:attachment":[{"href":"https:\/\/zooprekes24.lt\/lv\/wp-json\/wp\/v2\/media?parent=22474"}],"wp:term":[{"taxonomy":"product_brand","embeddable":true,"href":"https:\/\/zooprekes24.lt\/lv\/wp-json\/wp\/v2\/product_brand?post=22474"},{"taxonomy":"product_cat","embeddable":true,"href":"https:\/\/zooprekes24.lt\/lv\/wp-json\/wp\/v2\/product_cat?post=22474"},{"taxonomy":"product_tag","embeddable":true,"href":"https:\/\/zooprekes24.lt\/lv\/wp-json\/wp\/v2\/product_tag?post=22474"}],"curies":[{"name":"wp","href":"https:\/\/api.w.org\/{rel}","templated":true}]}}