{"id":22468,"date":"2024-04-19T13:01:29","date_gmt":"2024-04-19T10:01:29","guid":{"rendered":"https:\/\/zooprekes24.lt\/produktas\/acana-classics-red-meat\/"},"modified":"2024-09-26T13:40:17","modified_gmt":"2024-09-26T10:40:17","slug":"acana-classics-sarkana-gala","status":"publish","type":"product","link":"https:\/\/zooprekes24.lt\/lv\/produktas\/acana-classics-red-meat\/","title":{"rendered":"Acana Classics Red Meat saus\u0101 bar\u012bba su\u0146iem"},"content":{"rendered":"<h3>Acana Classics sarkan\u0101 ga\u013ca ir bag\u0101ta ar z\u0101li barotu j\u0113ra ga\u013cu, Angus liellopu ga\u013cu un Jork\u0161\u012bras c\u016bkga\u013cu, kas tiek pieg\u0101d\u0101ta svaiga, lai saglab\u0101tu. <a href=\"https:\/\/www.acanapetfoods.co.uk\/about-acana\/biologically-appropriate\/wholeprey-meat-ratios\/\" target=\"_blank\" rel=\"noopener noreferrer\">WholePrey\u2122<\/a> j\u0113dziens (kop\u0113j\u0101 laup\u012bjuma). \u0112diens satur s\u0101t\u012bgas ga\u013cas olbaltumvielas un <a href=\"https:\/\/zooprekes24.lt\/lv\/?s=omega+3+sunims&amp;post_type=product&amp;product_cat=0\" target=\"_blank\" rel=\"noopener noreferrer\">Omega-3<\/a> tauksk\u0101bes pal\u012bdz uztur\u0113t su\u0146a lielisku pa\u0161saj\u016btu. Zema glik\u0113misk\u0101 indeksa \u0161\u0137eltas auzas bar\u012bb\u0101 nodro\u0161ina stabilu cukura l\u012bmeni asin\u012bs un samazina tauku uzkr\u0101\u0161anos. Izgatavots godalgot\u0101s virtuv\u0113s no Kan\u0101das lab\u0101kaj\u0101m un svaig\u0101kaj\u0101m sast\u0101vda\u013c\u0101m, <a href=\"https:\/\/www.acanapetfoods.co.uk\/about-acana\/biologically-appropriate\/\" target=\"_blank\" rel=\"noopener noreferrer\">Biolo\u0123iski piem\u0113rots\u2122<\/a> (Biolo\u0123iski atbilsto\u0161a) formula garant\u0113, ka j\u016bsu suns b\u016bs vesels, laim\u012bgs un sp\u0113c\u012bgs.<\/h3>\n<div>\n<ul>\n<li><strong>Augsts ga\u013cas saturs (50%)<\/strong><span lang=\"EN-US\"> &#8211; <\/span>suns ir biolo\u0123iski piel\u0101gots uzturam, kur\u0101<span lang=\"LT\"> pieejams vietn\u0113<\/span> daudz ga\u013cas. T\u0101p\u0113c Acana Classics Red Meat\u00a0<span lang=\"LT\">p\u0101rtika <\/span>kas satur <span lang=\"LT\">pieejams vietn\u0113 <\/span>50% ga\u013ca, tostarp ar z\u0101li barota j\u0113ra ga\u013ca, Angus liellopu ga\u013ca un Jork\u0161\u012bras c\u016bkga\u013ca no re\u0123iona saimniec\u012bb\u0101m.<\/li>\n<li><strong>Augsts olbaltumvielu saturs (29%)<\/strong><span lang=\"LT\"> &#8211; <\/span><span lang=\"LT\">v<\/span>nesatur zir\u0146u vai kartupe\u013cu olbaltumvielu koncentr\u0101tus, kas m\u016bsdien\u0101s bie\u017ei tiek izmantoti su\u0146u bar\u012bb\u0101. Acana Classics Red Meat ir bag\u0101ta ar augst\u0101k\u0101s kvalit\u0101tes dz\u012bvnieku izcelsmes olbaltumviel\u0101m, kas pal\u012bdz uztur\u0113t musku\u013cu masu un baro suni atbilsto\u0161i t\u0101 evol\u016bcijas vajadz\u012bb\u0101m.<\/li>\n<li><strong>Augsts svaigas ga\u013cas saturs (1\/3)<\/strong><span lang=\"LT\"> &#8211; <\/span><span lang=\"LT\">lietots<\/span> izcilas kvalit\u0101tes svaiga ga\u013ca ar lielisk\u0101m uzturv\u0113rt\u012bbas \u012bpa\u0161\u012bb\u0101m. T\u0101p\u0113c 1\/3 ga\u013cas, ko izmanto Acana Classics Red Meat, ir svaiga un izcilas kvalit\u0101tes un gar\u0161as. P\u0101r\u0113j\u0101s 2\/3 ga\u013cas ir \u017e\u0101v\u0113ta.<\/li>\n<li><strong>Daudz da\u017e\u0101das ga\u013cas (3)<\/strong><span lang=\"LT\"> &#8211; <\/span><span lang=\"LT\">g<\/span>su\u0146i \u0161aj\u0101 apgabal\u0101 med\u012b visda\u017e\u0101d\u0101kos dz\u012bvniekus. <span lang=\"LT\">Satur<\/span> satur da\u017e\u0101du veidu ga\u013cu: ar z\u0101li barotu j\u0113ra ga\u013cu, Angus liellopu ga\u013cu un Jork\u0161\u012bras c\u016bkga\u013cu, proporcij\u0101s, kas atbilst WholePrey koncepcijai, izmantojot ga\u013cu, org\u0101nus un skrim\u0161\u013cus, t\u0101d\u0113j\u0101di atk\u0101rtojot dabisko uzturu un samazinot vajadz\u012bbu p\u0113c sint\u0113tisk\u0101m piedev\u0101m, kas ir sastopamas gar\u0101 tradicion\u0101l\u0101s su\u0146u bar\u012bbas kl\u0101st\u0101.<\/li>\n<li><strong>Ar zemu og\u013chidr\u0101tu saturu (30%)<\/strong> <span lang=\"LT\">&#8211; <\/span><span lang=\"LT\">suns<\/span> dab\u012bg\u0101 uztur\u0101 ir \u013coti maz og\u013chidr\u0101tu, kas ir galvenais aptauko\u0161an\u0101s un diab\u0113ta c\u0113lonis. <span lang=\"LT\">\u0160\u012b iemesla d\u0113\u013c<\/span> maz og\u013chidr\u0101tu<span lang=\"LT\">, o<\/span> \u0101trie og\u013chidr\u0101ti (piem\u0113ram, kukur\u016bza un r\u012bsi) ir aizst\u0101ju\u0161i zema glik\u0113misk\u0101 indeksa p\u0101rtikas produktus.<span lang=\"LT\">j\u016bs<\/span> aug\u013ci un d\u0101rze\u0146i<span lang=\"LT\">s.<\/span><\/li>\n<li><strong>Tikai 5 uztura bag\u0101tin\u0101t\u0101ji | dabisk\u0101s uzturvielas\u00a0<\/strong><span lang=\"LT\">&#8211; <\/span>T\u0101 ir bag\u0101ta ar ga\u013cu un WholePrey koncepta sast\u0101vda\u013c\u0101m, kas nodro\u0161ina dabiskas uzturvielas, papildin\u0101tas tikai ar B5, D3, E, hol\u012bna un cinka vitam\u012bniem.<\/li>\n<\/ul>\n<\/div>","protected":false},"excerpt":{"rendered":"<p>Acana Classics Red Meat sud\u0117tyje gausu \u017eole maitint\u0173 \u0117riuk\u0173 m\u0117sos, Angus veisl\u0117s jautienos ir Jork\u0161yr\u0173 veisl\u0117s\u00a0kiaulienos, viskas pristatoma \u0161vie\u017eia laikantis WholePrey\u2122 (viso grobio) koncepcijos.\u00a0Maisto sud\u0117tyje\u00a0esantys sot\u016bs m\u0117sos baltymai ir Omega-3 riebal\u0173 r\u016bg\u0161tys padeda palaikyti puiki\u0105 \u0161uns savijauta. Pa\u0161aro sud\u0117tyje esan\u010dios \u017eemo glikemijos indekso skaldytos avi\u017eos,\u00a0u\u017etikrina stabil\u0173 cukraus kiek\u012f kraujyje ir suma\u017eina riebal\u0173 kaupim\u0105si. Pagaminta apdovanojimus&#8230;<\/p>","protected":false},"featured_media":19729,"comment_status":"closed","ping_status":"closed","template":"","meta":{"_acf_changed":false,"slim_seo":{"title":"Acana Classics Red Meat sausas maistas \u0161unims - Zooprekes24","description":"Acana Classics Red Meat sud\u0117tyje gausu \u017eole maitint\u0173 \u0117riuk\u0173 m\u0117sos, Angus veisl\u0117s jautienos ir Jork\u0161yr\u0173 veisl\u0117s\u00a0kiaulienos, viskas pristatoma \u0161vie\u017eia laikantis W"},"iawp_total_views":460},"product_brand":[],"product_cat":[9000,9001,9002,8999,29,31],"product_tag":[176,533,177,200],"class_list":{"0":"post-22468","1":"product","2":"type-product","3":"status-publish","4":"has-post-thumbnail","6":"product_cat-acana","7":"product_cat-begrudis-maistas","8":"product_cat-sausas-maistas","9":"product_cat-sunims","10":"product_cat-sunu-maistas","11":"product_cat-sunu-prekiu-gamintojai","12":"product_tag-begrudis-sunu-maistas","13":"product_tag-classic-red","14":"product_tag-edalas-sunims","15":"product_tag-super-premium-maistas-sunims","16":"pa_pasaro-sudetis-darzoves","17":"pa_pasaro-sudetis-eriena","18":"pa_pasaro-sudetis-jautiena","19":"pa_pasaro-sudetis-kiauliena","20":"pa_pasaro-sudetis-uogos","21":"pa_pasaro-sudetis-vaisiai","22":"pa_prekiu-zenklai-acana","23":"pa_suns-amzius-jauniems","24":"pa_suns-amzius-senjorams","25":"pa_suns-amzius-suaugusiems","26":"pa_suns-amzius-visiems-amziams","27":"pa_veisles-dydis-didelems-veislems","28":"pa_veisles-dydis-mazoms-veislems","29":"pa_veisles-dydis-vidutinems-veislems","30":"pa_veisles-dydis-visu-dydziu-veislems","32":"first","33":"instock","34":"featured","35":"taxable","36":"shipping-taxable","37":"purchasable","38":"product-type-variable"},"acf":[],"_links":{"self":[{"href":"https:\/\/zooprekes24.lt\/lv\/wp-json\/wp\/v2\/product\/22468","targetHints":{"allow":["GET"]}}],"collection":[{"href":"https:\/\/zooprekes24.lt\/lv\/wp-json\/wp\/v2\/product"}],"about":[{"href":"https:\/\/zooprekes24.lt\/lv\/wp-json\/wp\/v2\/types\/product"}],"replies":[{"embeddable":true,"href":"https:\/\/zooprekes24.lt\/lv\/wp-json\/wp\/v2\/comments?post=22468"}],"wp:featuredmedia":[{"embeddable":true,"href":"https:\/\/zooprekes24.lt\/lv\/wp-json\/wp\/v2\/media\/19729"}],"wp:attachment":[{"href":"https:\/\/zooprekes24.lt\/lv\/wp-json\/wp\/v2\/media?parent=22468"}],"wp:term":[{"taxonomy":"product_brand","embeddable":true,"href":"https:\/\/zooprekes24.lt\/lv\/wp-json\/wp\/v2\/product_brand?post=22468"},{"taxonomy":"product_cat","embeddable":true,"href":"https:\/\/zooprekes24.lt\/lv\/wp-json\/wp\/v2\/product_cat?post=22468"},{"taxonomy":"product_tag","embeddable":true,"href":"https:\/\/zooprekes24.lt\/lv\/wp-json\/wp\/v2\/product_tag?post=22468"}],"curies":[{"name":"wp","href":"https:\/\/api.w.org\/{rel}","templated":true}]}}