{"id":22467,"date":"2024-04-19T13:01:29","date_gmt":"2024-04-19T10:01:29","guid":{"rendered":"https:\/\/zooprekes24.lt\/produktas\/acana-wild-prairie-sunims\/"},"modified":"2024-06-11T16:32:55","modified_gmt":"2024-06-11T13:32:55","slug":"acana-wild-prairie-sunims","status":"publish","type":"product","link":"https:\/\/zooprekes24.lt\/lv\/produktas\/acana-wild-prairie-sunims\/","title":{"rendered":"Acana Wild Prairie saus\u0101 bar\u012bba su\u0146iem"},"content":{"rendered":"<h3>Acana Wild Prairie pied\u0101v\u0101 bez sprostiem tur\u0113tu vistu, t\u012btaru ga\u013cu un olas no viet\u0113j\u0101m pr\u0113riju saimniec\u012bb\u0101m, savva\u013cas zivis no aukstiem zieme\u013cu ezeriem, kas tiek pieg\u0101d\u0101tas svaigas saska\u0146\u0101 ar <a href=\"https:\/\/www.acanapetfoods.co.uk\/about-acana\/biologically-appropriate\/wholeprey-meat-ratios\/\" target=\"_blank\" rel=\"noopener noreferrer\">WholePrey\u2122<\/a> j\u0113dziens (kop\u0113j\u0101 laup\u012bjuma).<\/h3>\n<p>Nevesel\u012bgo graudu viet\u0101 vesel\u012bbai un imunit\u0101tei ir noder\u012bgi 30% aug\u013ci un d\u0101rze\u0146i, tostarp sarkanie, neticami gar\u0161\u012bgie Okanaganas saul\u0113 nogatavoju\u0161ies \u0101boli, arom\u0101tiskie \u0137irbji un za\u013cie spin\u0101ti. Katrs \u0113diena gabali\u0146\u0161 satur <a href=\"https:\/\/zooprekes24.lt\/lv\/?s=omega+3+sunims&amp;post_type=product&amp;product_cat=0\" target=\"_blank\" rel=\"noopener noreferrer\">Omega 3<\/a> (DHA, EPA) no savva\u013cas Brunsvikas si\u013c\u0137\u0113m imunit\u0101tes stiprin\u0101\u0161anai un lieliskam \u0101das un ka\u017eoka st\u0101voklim. Izgatavots godalgot\u0101s virtuv\u0113s no Kan\u0101das lab\u0101kaj\u0101m un svaig\u0101kaj\u0101m sast\u0101vda\u013c\u0101m, <a href=\"https:\/\/www.acanapetfoods.co.uk\/about-acana\/biologically-appropriate\/\" target=\"_blank\" rel=\"noopener noreferrer\">Biolo\u0123iski piem\u0113rots\u2122<\/a> Acana Wild Prairie (biolo\u0123iski pieejam\u0101) formula nodro\u0161ina, ka j\u016bsu suns ir vesels, laim\u012bgs un sp\u0113c\u012bgs.<\/p>","protected":false},"excerpt":{"rendered":"<p>Acana Wild Prairie sud\u0117tyje ne narvuose u\u017eauginta vi\u0161tiena, kalakut\u0173 m\u0117sa ir kiau\u0161iniai i\u0161 vietini\u0173 prerij\u0173 ferm\u0173, laukin\u0117 \u017euvis i\u0161 \u0161alt\u0173 \u0161iaurini\u0173 e\u017eer\u0173, viskas pristatoma \u0161vie\u017eia laikantis WholePrey\u2122 (viso grobio) koncepcijos. Vietoje netinkam\u0173 gr\u016bd\u0173, maisto sud\u0117tyje\u00a030% vaisi\u0173 ir dar\u017eovi\u0173, \u012fskaitant raudonus nepaprastai skanius Okanagano saul\u0117je sunokusius obuolius, kvapn\u0173j\u012f moli\u016bg\u0105 ir \u017ealius \u0161pinatus &#8211; puikiai sveikatai ir&#8230;<\/p>","protected":false},"featured_media":19726,"comment_status":"closed","ping_status":"closed","template":"","meta":{"_acf_changed":false,"slim_seo":{"title":"Acana Wild Prairie sausas maistas \u0161unims - Zooprekes24","description":"Acana Wild Prairie satur bez sprostiem tur\u0113tu vistu, t\u012btaru ga\u013cu un olas no viet\u0113j\u0101m pr\u0113riju saimniec\u012bb\u0101m, savva\u013cas zivis no aukstiem zieme\u013cu ezeriem un visu, kas ir"},"iawp_total_views":108},"product_brand":[],"product_cat":[9000,9001,9002,8999,29,31],"product_tag":[176,177,200],"class_list":{"0":"post-22467","1":"product","2":"type-product","3":"status-publish","4":"has-post-thumbnail","6":"product_cat-acana","7":"product_cat-begrudis-maistas","8":"product_cat-sausas-maistas","9":"product_cat-sunims","10":"product_cat-sunu-maistas","11":"product_cat-sunu-prekiu-gamintojai","12":"product_tag-begrudis-sunu-maistas","13":"product_tag-edalas-sunims","14":"product_tag-super-premium-maistas-sunims","15":"pa_pasaro-sudetis-darzoves","16":"pa_pasaro-sudetis-kalakutiena","17":"pa_pasaro-sudetis-kiausiniai","18":"pa_pasaro-sudetis-uogos","19":"pa_pasaro-sudetis-vaisiai","20":"pa_pasaro-sudetis-vistiena","21":"pa_pasaro-sudetis-zuvis","22":"pa_prekiu-zenklai-acana","23":"pa_suns-amzius-jauniems","24":"pa_suns-amzius-senjorams","25":"pa_suns-amzius-suaugusiems","26":"pa_suns-amzius-visiems-amziams","27":"pa_veisles-dydis-didelems-veislems","28":"pa_veisles-dydis-mazoms-veislems","29":"pa_veisles-dydis-vidutinems-veislems","30":"pa_veisles-dydis-visu-dydziu-veislems","32":"first","33":"instock","34":"featured","35":"taxable","36":"shipping-taxable","37":"purchasable","38":"product-type-variable"},"acf":[],"_links":{"self":[{"href":"https:\/\/zooprekes24.lt\/lv\/wp-json\/wp\/v2\/product\/22467","targetHints":{"allow":["GET"]}}],"collection":[{"href":"https:\/\/zooprekes24.lt\/lv\/wp-json\/wp\/v2\/product"}],"about":[{"href":"https:\/\/zooprekes24.lt\/lv\/wp-json\/wp\/v2\/types\/product"}],"replies":[{"embeddable":true,"href":"https:\/\/zooprekes24.lt\/lv\/wp-json\/wp\/v2\/comments?post=22467"}],"wp:featuredmedia":[{"embeddable":true,"href":"https:\/\/zooprekes24.lt\/lv\/wp-json\/wp\/v2\/media\/19726"}],"wp:attachment":[{"href":"https:\/\/zooprekes24.lt\/lv\/wp-json\/wp\/v2\/media?parent=22467"}],"wp:term":[{"taxonomy":"product_brand","embeddable":true,"href":"https:\/\/zooprekes24.lt\/lv\/wp-json\/wp\/v2\/product_brand?post=22467"},{"taxonomy":"product_cat","embeddable":true,"href":"https:\/\/zooprekes24.lt\/lv\/wp-json\/wp\/v2\/product_cat?post=22467"},{"taxonomy":"product_tag","embeddable":true,"href":"https:\/\/zooprekes24.lt\/lv\/wp-json\/wp\/v2\/product_tag?post=22467"}],"curies":[{"name":"wp","href":"https:\/\/api.w.org\/{rel}","templated":true}]}}